{"id":194,"date":"2016-05-18T12:15:15","date_gmt":"2016-05-18T09:15:15","guid":{"rendered":"http:\/\/www.lotky.fi\/kauppa\/?post_type=product&#038;p=194"},"modified":"2026-04-01T15:52:57","modified_gmt":"2026-04-01T12:52:57","slug":"mobil-delvac-mx-extra-10w-40-208l","status":"publish","type":"product","link":"https:\/\/www.lotky.fi\/kauppa\/tuote\/mobil-delvac-mx-extra-10w-40-208l\/","title":{"rendered":"Mobil Delvac Modern 10W-40 Super Defence, 208L"},"content":{"rendered":"<p>Mobil Delvac Modern 10W-40 Super Defense on eritt\u00e4in suorituskykyinen synteettinen moottori\u00f6ljy, joka on valmistettu takaamaan nykyisten vaativissa sovelluksissa toimivien diesel- ja bensiinimoottoreiden erinomainen voitelu, pit\u00e4m\u00e4\u00e4n moottorit puhtaampina ja pident\u00e4m\u00e4\u00e4n niiden k\u00e4ytt\u00f6ik\u00e4\u00e4. Siksi tuotetta suositellaan eurooppalaisiin, japanilaisiin ja amerikkalaisiin moottoreihin. Mobil Delvac ModernTM 10W-40 Super Defense on valmistettu uusimpaan teknologiaan perustuvien perus\u00f6ljyjen sekoituksesta ja lis\u00e4aineista, mink\u00e4 ansiosta sill\u00e4 on erinomainen hapettumiskest\u00e4vyys, kulumisenesto- ja noenk\u00e4sittelykyky. Lis\u00e4ksi \u00f6ljy est\u00e4\u00e4 tehokkaasti m\u00e4nn\u00e4n karstoittumista ja v\u00e4hent\u00e4\u00e4 sakan muodostusta, jolloin moottorit pysyv\u00e4t puhtaampina ja niiden k\u00e4ytt\u00f6ik\u00e4 pitenee. Viskositeetti ja moniasteominaisuudet takaavat erinomaiset kylm\u00e4k\u00e4ynnistysominaisuudet ja ensiluokkaisen \u00f6ljyn pumpattavuuden alhaisissa l\u00e4mp\u00f6tiloissa.<\/p>\n<p><strong>Entinen tuotenimi Delvac MX Extra 10w-40<\/strong><\/p>\n<p><strong><br \/>\nTuotteella on seuraavat hyv\u00e4ksynn\u00e4t:<\/strong><\/p>\n<p>Mack EO-M Plus, EO-N<br \/>\nMTU Oil Category 2<br \/>\nRENAULT TRUCKS RLD-2<br \/>\nVOLVO VDS-3<br \/>\nCummins CES 20077, 20078, 20076<br \/>\nDTFR 15B110<\/p>\n<p><strong>Tuotetta suositellaan k\u00e4ytett\u00e4v\u00e4ksi k\u00e4ytt\u00f6kohteissa, joissa vaaditaan:<\/strong><\/p>\n<p>ACEA A2, B2<br \/>\nAPI CF, CF-4, CG-4<br \/>\nCummins CES 20071, 20072<br \/>\nDetroit 7SE 270 (4-STROKE CYCLE)<br \/>\nRENAULT TRUCKS RLD<br \/>\nVOLVO VDS-2<br \/>\nMAN M 3275-1<\/p>\n<p><strong><br \/>\nTuote t\u00e4ytt\u00e4\u00e4 tai ylitt\u00e4\u00e4 seuraavien spesifikaatioiden vaatimukset:<\/strong><\/p>\n<p>API CH-4, CI-4, SJ, SL<br \/>\nACEA E7<br \/>\nCaterpillar ECF-2<\/p>\n","protected":false},"excerpt":{"rendered":"<p>Mobil Delvac ModernTM 10W-40 Super Defense on eritt\u00e4in suorituskykyinen synteettinen moottori\u00f6ljy, joka on valmistettu takaamaan nykyisten vaativissa sovelluksissa toimivien diesel- ja bensiinimoottoreiden erinomainen voitelu, pit\u00e4m\u00e4\u00e4n moottorit puhtaampina ja pident\u00e4m\u00e4\u00e4n niiden k\u00e4ytt\u00f6ik\u00e4\u00e4. Siksi tuotetta suositellaan eurooppalaisiin, japanilaisiin ja amerikkalaisiin moottoreihin. Mobil Delvac ModernTM 10W-40 Super Defense on valmistettu uusimpaan teknologiaan perustuvien perus\u00f6ljyjen sekoituksesta ja lis\u00e4aineista, mink\u00e4 [&hellip;]<\/p>\n","protected":false},"featured_media":185,"template":"","meta":[],"product_brand":[],"product_cat":[18],"product_tag":[],"class_list":{"0":"post-194","1":"product","2":"type-product","3":"status-publish","4":"has-post-thumbnail","6":"product_cat-moottorioljyt-raskas-kalusto","8":"first","9":"instock","10":"taxable","11":"shipping-taxable","12":"purchasable","13":"product-type-simple"},"_links":{"self":[{"href":"https:\/\/www.lotky.fi\/kauppa\/wp-json\/wp\/v2\/product\/194","targetHints":{"allow":["GET"]}}],"collection":[{"href":"https:\/\/www.lotky.fi\/kauppa\/wp-json\/wp\/v2\/product"}],"about":[{"href":"https:\/\/www.lotky.fi\/kauppa\/wp-json\/wp\/v2\/types\/product"}],"wp:featuredmedia":[{"embeddable":true,"href":"https:\/\/www.lotky.fi\/kauppa\/wp-json\/wp\/v2\/media\/185"}],"wp:attachment":[{"href":"https:\/\/www.lotky.fi\/kauppa\/wp-json\/wp\/v2\/media?parent=194"}],"wp:term":[{"taxonomy":"product_brand","embeddable":true,"href":"https:\/\/www.lotky.fi\/kauppa\/wp-json\/wp\/v2\/product_brand?post=194"},{"taxonomy":"product_cat","embeddable":true,"href":"https:\/\/www.lotky.fi\/kauppa\/wp-json\/wp\/v2\/product_cat?post=194"},{"taxonomy":"product_tag","embeddable":true,"href":"https:\/\/www.lotky.fi\/kauppa\/wp-json\/wp\/v2\/product_tag?post=194"}],"curies":[{"name":"wp","href":"https:\/\/api.w.org\/{rel}","templated":true}]}}