{"id":1933,"date":"2021-09-14T15:51:37","date_gmt":"2021-09-14T12:51:37","guid":{"rendered":"https:\/\/www.lotky.fi\/kauppa\/?post_type=product&#038;p=1933"},"modified":"2026-04-01T11:35:10","modified_gmt":"2026-04-01T08:35:10","slug":"mobil-1-esp-lv-0w-30-208l","status":"publish","type":"product","link":"https:\/\/www.lotky.fi\/kauppa\/tuote\/mobil-1-esp-lv-0w-30-208l\/","title":{"rendered":"Mobil 1 ESP LV 0W-30, 208L"},"content":{"rendered":"<p>Mobil 1 ESP LV 0W-30 on edistynyt t\u00e4yssynteettinen moottori\u00f6ljy, joka on suunniteltu tarjoamaan erinomainen puhdistusteho, kulumissuoja ja<br \/>\nkokonaissuorituskyky. Mobil 1 ESP LV 0W-30 -\u00f6ljyn teknologia on kehitetty t\u00e4ytt\u00e4m\u00e4\u00e4n uusin JLR STJLR.03.5007 -spesifikaatio JLR 2.0 L Ingenium 4-sylinterisille dieselmoottoreille.<\/p>\n<p>Luokitukset ja hyv\u00e4ksynn\u00e4t:<br \/>\nSAE 0w-30<br \/>\nAPI SN, SL<br \/>\nACEA C2, A5\/B5<br \/>\nBMW Longlife 12 FE<br \/>\nMB 229.61<br \/>\nVolvo 95200377<br \/>\nSTJLR.03.5007<br \/>\nFord WSS-M2C920A<\/p>\n","protected":false},"excerpt":{"rendered":"<p>Mobil 1 ESP LV 0W-30 on edistynyt t\u00e4yssynteettinen moottori\u00f6ljy, joka on suunniteltu tarjoamaan erinomainen puhdistusteho, kulumissuoja ja kokonaissuorituskyky. Mobil 1 ESP LV 0W-30 -\u00f6ljyn teknologia on kehitetty t\u00e4ytt\u00e4m\u00e4\u00e4n uusin JLR STJLR.03.5007 -spesifikaatio JLR 2.0 L Ingenium 4-sylinterisille dieselmoottoreille.<\/p>\n","protected":false},"featured_media":233,"template":"","meta":[],"product_brand":[],"product_cat":[17],"product_tag":[],"class_list":{"0":"post-1933","1":"product","2":"type-product","3":"status-publish","4":"has-post-thumbnail","6":"product_cat-moottorioljyt-kevyt-kalusto","8":"first","9":"instock","10":"taxable","11":"shipping-taxable","12":"purchasable","13":"product-type-simple"},"_links":{"self":[{"href":"https:\/\/www.lotky.fi\/kauppa\/wp-json\/wp\/v2\/product\/1933","targetHints":{"allow":["GET"]}}],"collection":[{"href":"https:\/\/www.lotky.fi\/kauppa\/wp-json\/wp\/v2\/product"}],"about":[{"href":"https:\/\/www.lotky.fi\/kauppa\/wp-json\/wp\/v2\/types\/product"}],"wp:featuredmedia":[{"embeddable":true,"href":"https:\/\/www.lotky.fi\/kauppa\/wp-json\/wp\/v2\/media\/233"}],"wp:attachment":[{"href":"https:\/\/www.lotky.fi\/kauppa\/wp-json\/wp\/v2\/media?parent=1933"}],"wp:term":[{"taxonomy":"product_brand","embeddable":true,"href":"https:\/\/www.lotky.fi\/kauppa\/wp-json\/wp\/v2\/product_brand?post=1933"},{"taxonomy":"product_cat","embeddable":true,"href":"https:\/\/www.lotky.fi\/kauppa\/wp-json\/wp\/v2\/product_cat?post=1933"},{"taxonomy":"product_tag","embeddable":true,"href":"https:\/\/www.lotky.fi\/kauppa\/wp-json\/wp\/v2\/product_tag?post=1933"}],"curies":[{"name":"wp","href":"https:\/\/api.w.org\/{rel}","templated":true}]}}