{"id":193,"date":"2016-05-18T12:05:54","date_gmt":"2016-05-18T09:05:54","guid":{"rendered":"http:\/\/www.lotky.fi\/kauppa\/?post_type=product&#038;p=193"},"modified":"2026-04-01T15:54:17","modified_gmt":"2026-04-01T12:54:17","slug":"mobil-delvac-xhp-extra-10w-40-208l","status":"publish","type":"product","link":"https:\/\/www.lotky.fi\/kauppa\/tuote\/mobil-delvac-xhp-extra-10w-40-208l\/","title":{"rendered":"Mobil Delvac Modern 10W-40 Super Defence V1, 208L"},"content":{"rendered":"<div>Mobil Delvac Modern 10W-40 Super Defense V1 on edistynyt synteettinen, eritt\u00e4in suorituskykyinen dieselmoottori\u00f6ljy, joka on valmistettu erityisesti suojaamaan vaativissa olosuhteissa toimivaa nykyaikaista liikkuvaa kalustoa. T\u00e4m\u00e4 dieselmoottori\u00f6ljy on tehty korkealaatuisista perus\u00f6ljyist\u00e4, joiden ansiosta sill\u00e4 on hyv\u00e4 juoksevuus alhaisissa l\u00e4mp\u00f6tiloissa, hyv\u00e4 viskositeetin s\u00e4ilyminen kuumissa oloissa, alhainen haihtuvuus, ja lis\u00e4ksi se parantaa polttoainetaloutta. Perus\u00f6ljyihin on lis\u00e4tty huolella valittuja lis\u00e4aineita, jotka suojaavat kaikkia moottorin osia. Mobil Delvac Modern 10W-40 Super Defense V1 on suunniteltu mahdollistamaan pitk\u00e4t \u00f6ljynvaihtov\u00e4lit moderneissa dieselmoottoreissa.<\/div>\n<div><strong><br \/>\nEntinen tuotenimi Delvac XHP Extra 10w-40<\/strong><\/div>\n<div><\/div>\n<p>Tuotteella on seuraavat hyv\u00e4ksynn\u00e4t:<br \/>\nMack EO-M Plus, EO-N<br \/>\nRENAULT TRUCKS RLD-2<br \/>\nVOLVO VDS-3<br \/>\nMAN M 3277<br \/>\nMTU Oil Category 3<br \/>\nDTFR 15B120<\/p>\n<p>Tuotetta suositellaan k\u00e4ytett\u00e4v\u00e4ksi k\u00e4ytt\u00f6kohteissa, joissa vaaditaan:<br \/>\nAPI CF<br \/>\nRENAULT TRUCKS RLD<br \/>\nVOLVO VDS-2<br \/>\nCummins CES 20072<\/p>\n<p>Tuote t\u00e4ytt\u00e4\u00e4 tai ylitt\u00e4\u00e4 seuraavien spesifikaatioiden vaatimukset:<br \/>\nAPI CH-4, CI-4<br \/>\nACEA E7, E4<br \/>\nRENAULT TRUCKS RXD<br \/>\nScania LDF-3<\/p>\n","protected":false},"excerpt":{"rendered":"<p>Mobil Delvac Modern 10W-40 Super Defense V1 on edistynyt synteettinen, eritt\u00e4in suorituskykyinen dieselmoottori\u00f6ljy, joka on valmistettu erityisesti suojaamaan vaativissa olosuhteissa toimivaa nykyaikaista liikkuvaa kalustoa. T\u00e4m\u00e4 dieselmoottori\u00f6ljy on tehty korkealaatuisista perus\u00f6ljyist\u00e4, joiden ansiosta sill\u00e4 on hyv\u00e4 juoksevuus alhaisissa l\u00e4mp\u00f6tiloissa, hyv\u00e4 viskositeetin s\u00e4ilyminen kuumissa oloissa, alhainen haihtuvuus, ja lis\u00e4ksi se parantaa polttoainetaloutta. Perus\u00f6ljyihin on lis\u00e4tty huolella valittuja [&hellip;]<\/p>\n","protected":false},"featured_media":185,"template":"","meta":[],"product_brand":[],"product_cat":[18],"product_tag":[70],"class_list":{"0":"post-193","1":"product","2":"type-product","3":"status-publish","4":"has-post-thumbnail","6":"product_cat-moottorioljyt-raskas-kalusto","7":"product_tag-scania","9":"first","10":"instock","11":"taxable","12":"shipping-taxable","13":"purchasable","14":"product-type-simple"},"_links":{"self":[{"href":"https:\/\/www.lotky.fi\/kauppa\/wp-json\/wp\/v2\/product\/193","targetHints":{"allow":["GET"]}}],"collection":[{"href":"https:\/\/www.lotky.fi\/kauppa\/wp-json\/wp\/v2\/product"}],"about":[{"href":"https:\/\/www.lotky.fi\/kauppa\/wp-json\/wp\/v2\/types\/product"}],"wp:featuredmedia":[{"embeddable":true,"href":"https:\/\/www.lotky.fi\/kauppa\/wp-json\/wp\/v2\/media\/185"}],"wp:attachment":[{"href":"https:\/\/www.lotky.fi\/kauppa\/wp-json\/wp\/v2\/media?parent=193"}],"wp:term":[{"taxonomy":"product_brand","embeddable":true,"href":"https:\/\/www.lotky.fi\/kauppa\/wp-json\/wp\/v2\/product_brand?post=193"},{"taxonomy":"product_cat","embeddable":true,"href":"https:\/\/www.lotky.fi\/kauppa\/wp-json\/wp\/v2\/product_cat?post=193"},{"taxonomy":"product_tag","embeddable":true,"href":"https:\/\/www.lotky.fi\/kauppa\/wp-json\/wp\/v2\/product_tag?post=193"}],"curies":[{"name":"wp","href":"https:\/\/api.w.org\/{rel}","templated":true}]}}