{"id":192,"date":"2016-05-18T12:03:46","date_gmt":"2016-05-18T09:03:46","guid":{"rendered":"http:\/\/www.lotky.fi\/kauppa\/?post_type=product&#038;p=192"},"modified":"2026-04-01T15:55:06","modified_gmt":"2026-04-01T12:55:06","slug":"mobil-delvac-xhp-esp-10w-40-208l","status":"publish","type":"product","link":"https:\/\/www.lotky.fi\/kauppa\/tuote\/mobil-delvac-xhp-esp-10w-40-208l\/","title":{"rendered":"Mobil Delvac Modern 10W-40 Advanced Protection, 208L"},"content":{"rendered":"<div>\n<p>Mobil Delvac Modern 10W-40 Advanced Protection on synteettinen, eritt\u00e4in suorituskykyinen dieselmoottori\u00f6ljy, joka on kehitetty erityisesti voitelemaan vaativissa olosuhteissa toimivia nykyaikaisia, suorituskykyisi\u00e4 ja matalap\u00e4\u00e4st\u00f6isi\u00e4 moottoreita. T\u00e4m\u00e4 moottori\u00f6ljy on valmistettu korkealaatuisista perus\u00f6ljyist\u00e4, joiden ansiosta sill\u00e4 on hyv\u00e4 juoksevuus alhaisissa l\u00e4mp\u00f6tiloissa ja hyv\u00e4 viskositeetin s\u00e4ilyminen kuumissa oloissa sek\u00e4 pieni haihtuvuus. Uusi kehittynyt lis\u00e4aineistus on suunniteltu p\u00e4\u00e4st\u00f6v\u00e4hennysj\u00e4rjestelmien, kuten dieselhiukkassuodattimien (DPF), k\u00e4ytt\u00f6i\u00e4n pident\u00e4mist\u00e41 ja tehokkuuden yll\u00e4pit\u00e4mist\u00e4 varten. Monipuolisten luokitusten ja hyv\u00e4ksynt\u00f6jen ansiosta Mobil Delvac Moderm 10W-40 Advanced Protection soveltuu sekakalustoille.<\/p>\n<p><strong>Tuotteen entinen nimi Delvac XHP ESP 10w-40<br \/>\n<\/strong><\/p>\n<p><strong><br \/>\nTuotteella on seuraavat hyv\u00e4ksynn\u00e4t:<br \/>\n<\/strong>DQC IV-18 LA<br \/>\nMack EO-O Premium Plus, EOS-4.5<br \/>\nMAN M 3775<br \/>\nMB-Approval 228.31, 228.51<br \/>\nMTU Oil Category 3.1<br \/>\nRENAULT TRUCKS RLD-2, RLD-3<br \/>\nVOLVO VDS-3, VDS-4, VDS-4.5<br \/>\nNATO O-1180<br \/>\nBundeswehr TL 9150-0107<br \/>\nMAN Energy Solutions Augsburg (Heritage MAN B&amp;W) 175D &#8211; raskaspoltto\u00f6ljyk\u00e4ytt\u00f6iset moottorit<br \/>\nZF TE-ML 23A, 04C<\/p>\n<p><strong>Tuotetta suositellaan k\u00e4ytett\u00e4v\u00e4ksi k\u00e4ytt\u00f6kohteissa, joissa vaaditaan:<br \/>\n<\/strong>IVECO 18-1804 TLS E9<br \/>\nMAN M 3271-1, 3477, 3575<br \/>\nScania Low Ash<\/p>\n<p><strong>Tuote t\u00e4ytt\u00e4\u00e4 tai ylitt\u00e4\u00e4 seuraavien spesifikaatioiden vaatimukset:<br \/>\n<\/strong>API CH-4, CI-4, CI-4 PLUS, CJ-4, CK-4<br \/>\nJASO DH-2<br \/>\nACEA E4, E6, E7, E9<br \/>\nCaterpillar ECF-3<br \/>\nCummins CES 20081, 20086<br \/>\nDAF Extended Drain<br \/>\nISUZU DEO (w\/ DPD Equipped Vehicles)<\/p>\n<\/div>\n","protected":false},"excerpt":{"rendered":"<p>Mobil Delvac Moderm 10W-40 Advanced Protection on synteettinen, eritt\u00e4in suorituskykyinen dieselmoottori\u00f6ljy, joka on kehitetty erityisesti voitelemaan vaativissa olosuhteissa toimivia nykyaikaisia, suorituskykyisi\u00e4 ja matalap\u00e4\u00e4st\u00f6isi\u00e4 moottoreita. T\u00e4m\u00e4 moottori\u00f6ljy on valmistettu korkealaatuisista perus\u00f6ljyist\u00e4, joiden ansiosta sill\u00e4 on hyv\u00e4 juoksevuus alhaisissa l\u00e4mp\u00f6tiloissa ja hyv\u00e4 viskositeetin s\u00e4ilyminen kuumissa oloissa sek\u00e4 pieni haihtuvuus. Uusi kehittynyt lis\u00e4aineistus on suunniteltu p\u00e4\u00e4st\u00f6v\u00e4hennysj\u00e4rjestelmien, kuten dieselhiukkassuodattimien [&hellip;]<\/p>\n","protected":false},"featured_media":185,"template":"","meta":[],"product_brand":[],"product_cat":[18],"product_tag":[],"class_list":{"0":"post-192","1":"product","2":"type-product","3":"status-publish","4":"has-post-thumbnail","6":"product_cat-moottorioljyt-raskas-kalusto","8":"first","9":"instock","10":"taxable","11":"shipping-taxable","12":"purchasable","13":"product-type-simple"},"_links":{"self":[{"href":"https:\/\/www.lotky.fi\/kauppa\/wp-json\/wp\/v2\/product\/192","targetHints":{"allow":["GET"]}}],"collection":[{"href":"https:\/\/www.lotky.fi\/kauppa\/wp-json\/wp\/v2\/product"}],"about":[{"href":"https:\/\/www.lotky.fi\/kauppa\/wp-json\/wp\/v2\/types\/product"}],"wp:featuredmedia":[{"embeddable":true,"href":"https:\/\/www.lotky.fi\/kauppa\/wp-json\/wp\/v2\/media\/185"}],"wp:attachment":[{"href":"https:\/\/www.lotky.fi\/kauppa\/wp-json\/wp\/v2\/media?parent=192"}],"wp:term":[{"taxonomy":"product_brand","embeddable":true,"href":"https:\/\/www.lotky.fi\/kauppa\/wp-json\/wp\/v2\/product_brand?post=192"},{"taxonomy":"product_cat","embeddable":true,"href":"https:\/\/www.lotky.fi\/kauppa\/wp-json\/wp\/v2\/product_cat?post=192"},{"taxonomy":"product_tag","embeddable":true,"href":"https:\/\/www.lotky.fi\/kauppa\/wp-json\/wp\/v2\/product_tag?post=192"}],"curies":[{"name":"wp","href":"https:\/\/api.w.org\/{rel}","templated":true}]}}