{"id":1914,"date":"2021-08-18T11:07:47","date_gmt":"2021-08-18T08:07:47","guid":{"rendered":"https:\/\/www.lotky.fi\/kauppa\/?post_type=product&#038;p=1914"},"modified":"2026-04-01T11:37:14","modified_gmt":"2026-04-01T08:37:14","slug":"mobil-atf-134-fe-208l","status":"publish","type":"product","link":"https:\/\/www.lotky.fi\/kauppa\/tuote\/mobil-atf-134-fe-208l\/","title":{"rendered":"Mobil ATF 134 FE, 208L"},"content":{"rendered":"<div>Mobil\u2122 ATF 134 FE on automaattivaihteisto\u00f6ljy, joka on erityisesti tarkoitettu entisest\u00e4\u00e4n parantamaan vaihteiston tehokkuutta uusimmissa Mercedes-Benz<br \/>\n7-G Tronic Plus -automaattivaihteistoissa. Mobil ATF 134 FE -\u00f6ljyn valmistuksessa on k\u00e4ytetty viimeisimm\u00e4n teknologian mukaisia lis\u00e4aineita ja tarkoin valikoituja perus\u00f6ljyj\u00e4. \u00d6ljyll\u00e4 on erinomainen terminen kest\u00e4vyys ja kulumisenestokyky sek\u00e4 eritt\u00e4in hyv\u00e4t kylm\u00e4ominaisuudet. Mobil ATF 134 FE on suunniteltu k\u00e4ytett\u00e4v\u00e4ksi Daimler 7-G Tronic Plus -tyypin automaattivaihteistoissa. Alla mainittu tuote tuodaan kaikille markkinoille, joissa edelt\u00e4v\u00e4 tuote (Mobil ATF 134) on aiemmin ollut myynniss\u00e4. Mobil ATF 134 FE -\u00f6ljy voidaan sekoittaa vain muiden MB 236.15 -hyv\u00e4ksyttyjen automaattivaihteisto\u00f6ljyjen kanssa eik\u00e4 se ole taaksep\u00e4in yhteensopiva aiempien MB-ATF-spesifikaatioiden kanssa.<\/div>\n<div><\/div>\n<div>Luokitukset ja hyv\u00e4ksynn\u00e4t:<\/div>\n<div>MB Approval 236.15<\/div>\n","protected":false},"excerpt":{"rendered":"<p>Mobil\u2122 ATF 134 FE on automaattivaihteisto\u00f6ljy, joka on erityisesti tarkoitettu entisest\u00e4\u00e4n parantamaan vaihteiston tehokkuutta uusimmissa Mercedes-Benz 7-G Tronic Plus -automaattivaihteistoissa. Mobil ATF 134 FE -\u00f6ljyn valmistuksessa on k\u00e4ytetty viimeisimm\u00e4n teknologian mukaisia lis\u00e4aineita ja tarkoin valikoituja perus\u00f6ljyj\u00e4. \u00d6ljyll\u00e4 on erinomainen terminen kest\u00e4vyys ja kulumisenestokyky sek\u00e4 eritt\u00e4in hyv\u00e4t kylm\u00e4ominaisuudet. Mobil ATF 134 FE on suunniteltu k\u00e4ytett\u00e4v\u00e4ksi Daimler [&hellip;]<\/p>\n","protected":false},"featured_media":185,"template":"","meta":[],"product_brand":[],"product_cat":[25],"product_tag":[160,97],"class_list":{"0":"post-1914","1":"product","2":"type-product","3":"status-publish","4":"has-post-thumbnail","6":"product_cat-automaattivaihteistooljyt","7":"product_tag-mb-236-15","8":"product_tag-mercedez-benz","10":"first","11":"instock","12":"taxable","13":"shipping-taxable","14":"purchasable","15":"product-type-simple"},"_links":{"self":[{"href":"https:\/\/www.lotky.fi\/kauppa\/wp-json\/wp\/v2\/product\/1914","targetHints":{"allow":["GET"]}}],"collection":[{"href":"https:\/\/www.lotky.fi\/kauppa\/wp-json\/wp\/v2\/product"}],"about":[{"href":"https:\/\/www.lotky.fi\/kauppa\/wp-json\/wp\/v2\/types\/product"}],"wp:featuredmedia":[{"embeddable":true,"href":"https:\/\/www.lotky.fi\/kauppa\/wp-json\/wp\/v2\/media\/185"}],"wp:attachment":[{"href":"https:\/\/www.lotky.fi\/kauppa\/wp-json\/wp\/v2\/media?parent=1914"}],"wp:term":[{"taxonomy":"product_brand","embeddable":true,"href":"https:\/\/www.lotky.fi\/kauppa\/wp-json\/wp\/v2\/product_brand?post=1914"},{"taxonomy":"product_cat","embeddable":true,"href":"https:\/\/www.lotky.fi\/kauppa\/wp-json\/wp\/v2\/product_cat?post=1914"},{"taxonomy":"product_tag","embeddable":true,"href":"https:\/\/www.lotky.fi\/kauppa\/wp-json\/wp\/v2\/product_tag?post=1914"}],"curies":[{"name":"wp","href":"https:\/\/api.w.org\/{rel}","templated":true}]}}