{"id":1913,"date":"2021-08-18T10:07:35","date_gmt":"2021-08-18T07:07:35","guid":{"rendered":"https:\/\/www.lotky.fi\/kauppa\/?post_type=product&#038;p=1913"},"modified":"2026-04-01T11:40:25","modified_gmt":"2026-04-01T08:40:25","slug":"mobil-1-esp-x2-0w-20-208-l","status":"publish","type":"product","link":"https:\/\/www.lotky.fi\/kauppa\/tuote\/mobil-1-esp-x2-0w-20-208-l\/","title":{"rendered":"Mobil 1 ESP X2 0W-20, 208 L"},"content":{"rendered":"<p>Mobil 1\u2122 ESP x2 0W-20 on SHC Synthese Technology -moottori\u00f6ljy, joka on suunniteltu tarjoamaan erinomainen moottorin puhtaus, kulumissuoja, kest\u00e4vyys ja parannettu polttoainetalous* sek\u00e4 pit\u00e4m\u00e4\u00e4n moottorin k\u00e4ynti uudenveroisena. Mobil 1\u2122 ESP x2 0W-20 edustaa uusinta teknologiaa, jossa moottori\u00f6ljyss\u00e4 yhdistyv\u00e4t kest\u00e4vyys ja suojaus, matala viskositeetti, alhainen kitka, ja joka on suunniteltu yhteisty\u00f6ss\u00e4 suurten eurooppalaisten autonvalmistajien kanssa. Asiantuntijat ovat suunnitelleet Mobil 1 ESP x2 0W-20:n pident\u00e4m\u00e4\u00e4n p\u00e4\u00e4st\u00f6j\u00e4rjestelmien k\u00e4ytt\u00f6ik\u00e4\u00e4 ja yll\u00e4pit\u00e4m\u00e4\u00e4n niiden tehokkuutta uusissa diesel- ja bensiinimoottoreilla varustetuissa eurooppalaisissa autoissa, joissa vaatimuksena on SAE 0W-20 -viskositeettiluokka.<\/p>\n<p>Luokitukset ja hyv\u00e4ksynn\u00e4t:<br \/>\nSAE 0W-20<br \/>\nACEA C5<br \/>\nAPI SL, SN, SN+<br \/>\nMB-Approval 229.71<br \/>\nVW 508 00 \/ 509 00<br \/>\nPORSCHE C20<br \/>\nSTJLT.03.5006, STJLR.51.5122<br \/>\nGM dexosD<\/p>\n","protected":false},"excerpt":{"rendered":"<p>Mobil 1\u2122 ESP x2 0W-20 on SHC Synthese Technology -moottori\u00f6ljy, joka on suunniteltu tarjoamaan erinomainen moottorin puhtaus, kulumissuoja, kest\u00e4vyys ja parannettu polttoainetalous* sek\u00e4 pit\u00e4m\u00e4\u00e4n moottorin k\u00e4ynti uudenveroisena. Mobil 1\u2122 ESP x2 0W-20 edustaa uusinta teknologiaa, jossa moottori\u00f6ljyss\u00e4 yhdistyv\u00e4t kest\u00e4vyys ja suojaus, matala viskositeetti, alhainen kitka, ja joka on suunniteltu yhteisty\u00f6ss\u00e4 suurten eurooppalaisten autonvalmistajien kanssa. Asiantuntijat [&hellip;]<\/p>\n","protected":false},"featured_media":233,"template":"","meta":[],"product_brand":[],"product_cat":[17],"product_tag":[],"class_list":{"0":"post-1913","1":"product","2":"type-product","3":"status-publish","4":"has-post-thumbnail","6":"product_cat-moottorioljyt-kevyt-kalusto","8":"first","9":"instock","10":"taxable","11":"shipping-taxable","12":"purchasable","13":"product-type-simple"},"_links":{"self":[{"href":"https:\/\/www.lotky.fi\/kauppa\/wp-json\/wp\/v2\/product\/1913","targetHints":{"allow":["GET"]}}],"collection":[{"href":"https:\/\/www.lotky.fi\/kauppa\/wp-json\/wp\/v2\/product"}],"about":[{"href":"https:\/\/www.lotky.fi\/kauppa\/wp-json\/wp\/v2\/types\/product"}],"wp:featuredmedia":[{"embeddable":true,"href":"https:\/\/www.lotky.fi\/kauppa\/wp-json\/wp\/v2\/media\/233"}],"wp:attachment":[{"href":"https:\/\/www.lotky.fi\/kauppa\/wp-json\/wp\/v2\/media?parent=1913"}],"wp:term":[{"taxonomy":"product_brand","embeddable":true,"href":"https:\/\/www.lotky.fi\/kauppa\/wp-json\/wp\/v2\/product_brand?post=1913"},{"taxonomy":"product_cat","embeddable":true,"href":"https:\/\/www.lotky.fi\/kauppa\/wp-json\/wp\/v2\/product_cat?post=1913"},{"taxonomy":"product_tag","embeddable":true,"href":"https:\/\/www.lotky.fi\/kauppa\/wp-json\/wp\/v2\/product_tag?post=1913"}],"curies":[{"name":"wp","href":"https:\/\/api.w.org\/{rel}","templated":true}]}}