{"id":191,"date":"2016-05-18T12:00:29","date_gmt":"2016-05-18T09:00:29","guid":{"rendered":"http:\/\/www.lotky.fi\/kauppa\/?post_type=product&#038;p=191"},"modified":"2026-04-01T15:57:13","modified_gmt":"2026-04-01T12:57:13","slug":"mobil-delvac-1-shc-5w-40-208l","status":"publish","type":"product","link":"https:\/\/www.lotky.fi\/kauppa\/tuote\/mobil-delvac-1-shc-5w-40-208l\/","title":{"rendered":"Mobil Delvac Ultra 5W-40 Ultimate Protection V1, 208L"},"content":{"rendered":"<p>Mobil Delvac Ultra 5W-40 Ultimate Protection V1 on poikkeuksellisen suorituskykyinen, matalatuhkainen t\u00e4yssynteettinen raskaan kaluston dieselmoottori\u00f6ljy, joka auttaa edist\u00e4m\u00e4\u00e4n moottorin pitk\u00e4\u00e4 k\u00e4ytt\u00f6ik\u00e4\u00e4 samalla, kun se tarjoaa nykyaikaisille vaikeissa oloissa toimiville moottoreille mahdollisuuden pitkiin \u00f6ljynvaihtov\u00e4leihin ja parempaan polttoainetalouteen. \u00d6ljyll\u00e4 on erinomainen suorituskyky ankarissa olosuhteissa toimivissa uusimmissa, nykyaikaisissa ja vanhemmissa moottoreissa, mukaan lukien p\u00e4\u00e4st\u00f6nhallintaj\u00e4rjestelmill\u00e4 varustetut mallit. Mobil Delvac Ultra 5W-40 Ultimate Protection V1 -\u00f6ljy\u00e4 suositellaan k\u00e4ytett\u00e4v\u00e4ksi vaikeissakin olosuhteissa toimivissa ja raskaasti kuormitetuissa k\u00e4ytt\u00f6kohteissa maantiekuljetuksessa, kaivostoiminnassa, mets\u00e4alalla, rakennusteollisuudessa ja maataloudessa.<\/p>\n<p><strong>Entinen tuotenimi Delvac 1 ESP 5w-40<\/strong><\/p>\n<p><strong>Tuotteella on seuraavat hyv\u00e4ksynn\u00e4t:<\/strong><\/p>\n<p>Detroit Fluids Specification 93K218, 93K222<br \/>\nMACK EOS-4.5<br \/>\nMTU Oil Category 2.1<br \/>\nVOLVO VDS-4.5<br \/>\nRENAULT TRUCKS RLD-3<br \/>\nCummins CES 20081, 20086<br \/>\nDEUTZ DQC IV-18 LA<br \/>\nDTFR 15C100<\/p>\n<p><strong>Tuotetta suositellaan k\u00e4ytett\u00e4v\u00e4ksi k\u00e4ytt\u00f6kohteissa, joissa vaaditaan:<\/strong><\/p>\n<p>ACEA E9<\/p>\n<p><strong>Tuote t\u00e4ytt\u00e4\u00e4 tai ylitt\u00e4\u00e4 seuraavien spesifikaatioiden vaatimukset:<\/strong><\/p>\n<p>API CK-4, CJ-4, CI-4 PLUS, CI-4, CH-4, SM, SN, SL<br \/>\nJASO DH-2<br \/>\nCaterpillar ECF-3<br \/>\nACEA E7<br \/>\nISUZU DEO (DPD varustetut autot)<br \/>\nACEA E11<\/p>\n","protected":false},"excerpt":{"rendered":"<p>Mobil Delvac Ultra 5W-40 Ultimate Protection V1 on poikkeuksellisen suorituskykyinen, matalatuhkainen t\u00e4yssynteettinen raskaan kaluston dieselmoottori\u00f6ljy, joka auttaa edist\u00e4m\u00e4\u00e4n moottorin pitk\u00e4\u00e4 k\u00e4ytt\u00f6ik\u00e4\u00e4 samalla, kun se tarjoaa nykyaikaisille vaikeissa oloissa toimiville moottoreille mahdollisuuden pitkiin \u00f6ljynvaihtov\u00e4leihin ja parempaan polttoainetalouteen. \u00d6ljyll\u00e4 on erinomainen suorituskyky ankarissa olosuhteissa toimivissa uusimmissa, nykyaikaisissa ja vanhemmissa moottoreissa, mukaan lukien p\u00e4\u00e4st\u00f6nhallintaj\u00e4rjestelmill\u00e4 varustetut mallit. Mobil Delvac [&hellip;]<\/p>\n","protected":false},"featured_media":185,"template":"","meta":[],"product_brand":[],"product_cat":[18],"product_tag":[],"class_list":{"0":"post-191","1":"product","2":"type-product","3":"status-publish","4":"has-post-thumbnail","6":"product_cat-moottorioljyt-raskas-kalusto","8":"first","9":"instock","10":"taxable","11":"shipping-taxable","12":"purchasable","13":"product-type-simple"},"_links":{"self":[{"href":"https:\/\/www.lotky.fi\/kauppa\/wp-json\/wp\/v2\/product\/191","targetHints":{"allow":["GET"]}}],"collection":[{"href":"https:\/\/www.lotky.fi\/kauppa\/wp-json\/wp\/v2\/product"}],"about":[{"href":"https:\/\/www.lotky.fi\/kauppa\/wp-json\/wp\/v2\/types\/product"}],"wp:featuredmedia":[{"embeddable":true,"href":"https:\/\/www.lotky.fi\/kauppa\/wp-json\/wp\/v2\/media\/185"}],"wp:attachment":[{"href":"https:\/\/www.lotky.fi\/kauppa\/wp-json\/wp\/v2\/media?parent=191"}],"wp:term":[{"taxonomy":"product_brand","embeddable":true,"href":"https:\/\/www.lotky.fi\/kauppa\/wp-json\/wp\/v2\/product_brand?post=191"},{"taxonomy":"product_cat","embeddable":true,"href":"https:\/\/www.lotky.fi\/kauppa\/wp-json\/wp\/v2\/product_cat?post=191"},{"taxonomy":"product_tag","embeddable":true,"href":"https:\/\/www.lotky.fi\/kauppa\/wp-json\/wp\/v2\/product_tag?post=191"}],"curies":[{"name":"wp","href":"https:\/\/api.w.org\/{rel}","templated":true}]}}