{"id":190,"date":"2016-05-18T11:55:43","date_gmt":"2016-05-18T08:55:43","guid":{"rendered":"http:\/\/www.lotky.fi\/kauppa\/?post_type=product&#038;p=190"},"modified":"2026-04-01T15:56:22","modified_gmt":"2026-04-01T12:56:22","slug":"mobil-delvac-1-5w-40-208l","status":"publish","type":"product","link":"https:\/\/www.lotky.fi\/kauppa\/tuote\/mobil-delvac-1-5w-40-208l\/","title":{"rendered":"Mobil Delvac Ultra 5W-40 Ultimate Defense, 208L"},"content":{"rendered":"<p>Mobil Delvac Ultra 5W-40 Ultimate Defense on edistynyt synteettinen ultra-suorituskykyinen dieselmoottori\u00f6ljy, joka voitelee erinomaisesti, mahdollistaa pitk\u00e4t vaihtov\u00e4lit ja auttaa pident\u00e4m\u00e4\u00e4n raskaasti kuormitettujen dieselmoottoreiden k\u00e4ytt\u00f6ik\u00e4\u00e4. \u00d6ljyn edistynyt teknologia mahdollistaa turboahdettujen sek\u00e4 vanhempien vapaasti hengitt\u00e4vien moottorien erinomaisen suorituskyvyn. Mobil Delvac Ultra 5W-40 Ultimate Defense -\u00f6ljy\u00e4 suositellaan k\u00e4ytett\u00e4v\u00e4ksi vaikeissakin olosuhteissa toimivissa ja raskaasti kuormitetuissa k\u00e4ytt\u00f6kohteissa maantie- ja ty\u00f6maa-ajossa, kaivostoiminnassa, maataloudessa ja laivoissa.<\/p>\n<p><strong>Entinen tuotenimi Delvac 1 5w-40<\/strong><\/p>\n<p><strong>Tuotteella on seuraavat hyv\u00e4ksynn\u00e4t:<\/strong><\/p>\n<p>RENAULT TRUCKS RLD-2<br \/>\nVOLVO VDS-3<br \/>\nMTU Oil Category 3<br \/>\nMAN M 3277, M 3377<br \/>\nMack EO-N<br \/>\nDTFR 15B120<br \/>\nCummins CES 20077, 20078, 20076<\/p>\n<p><strong>Tuotetta suositellaan k\u00e4ytett\u00e4v\u00e4ksi k\u00e4ytt\u00f6kohteissa, joissa vaaditaan:<\/strong><\/p>\n<p>API CF-4, CG-4<\/p>\n<p><strong>Tuote t\u00e4ytt\u00e4\u00e4 tai ylitt\u00e4\u00e4 seuraavien spesifikaatioiden vaatimukset:<\/strong><\/p>\n<p>API CH-4, CI-4, CI-4 PLUS<br \/>\nJASO DH-1<br \/>\nACEA E4, E7<br \/>\nCaterpillar ECF-2<br \/>\nISUZU DEO (w\/o DPD Equipped Vehicles)<\/p>\n","protected":false},"excerpt":{"rendered":"<p>Mobil Delvac Ultra 5W-40 Ultimate Defense on edistynyt synteettinen ultra-suorituskykyinen dieselmoottori\u00f6ljy, joka voitelee erinomaisesti, mahdollistaa pitk\u00e4t vaihtov\u00e4lit ja auttaa pident\u00e4m\u00e4\u00e4n raskaasti kuormitettujen dieselmoottoreiden k\u00e4ytt\u00f6ik\u00e4\u00e4. \u00d6ljyn edistynyt teknologia mahdollistaa turboahdettujen sek\u00e4 vanhempien vapaasti hengitt\u00e4vien moottorien erinomaisen suorituskyvyn. Mobil Delvac Ultra 5W-40 Ultimate Defense -\u00f6ljy\u00e4 suositellaan k\u00e4ytett\u00e4v\u00e4ksi vaikeissakin olosuhteissa toimivissa ja raskaasti kuormitetuissa k\u00e4ytt\u00f6kohteissa maantie- ja ty\u00f6maa-ajossa, [&hellip;]<\/p>\n","protected":false},"featured_media":185,"template":"","meta":[],"product_brand":[],"product_cat":[18],"product_tag":[],"class_list":{"0":"post-190","1":"product","2":"type-product","3":"status-publish","4":"has-post-thumbnail","6":"product_cat-moottorioljyt-raskas-kalusto","8":"first","9":"instock","10":"taxable","11":"shipping-taxable","12":"purchasable","13":"product-type-simple"},"_links":{"self":[{"href":"https:\/\/www.lotky.fi\/kauppa\/wp-json\/wp\/v2\/product\/190","targetHints":{"allow":["GET"]}}],"collection":[{"href":"https:\/\/www.lotky.fi\/kauppa\/wp-json\/wp\/v2\/product"}],"about":[{"href":"https:\/\/www.lotky.fi\/kauppa\/wp-json\/wp\/v2\/types\/product"}],"wp:featuredmedia":[{"embeddable":true,"href":"https:\/\/www.lotky.fi\/kauppa\/wp-json\/wp\/v2\/media\/185"}],"wp:attachment":[{"href":"https:\/\/www.lotky.fi\/kauppa\/wp-json\/wp\/v2\/media?parent=190"}],"wp:term":[{"taxonomy":"product_brand","embeddable":true,"href":"https:\/\/www.lotky.fi\/kauppa\/wp-json\/wp\/v2\/product_brand?post=190"},{"taxonomy":"product_cat","embeddable":true,"href":"https:\/\/www.lotky.fi\/kauppa\/wp-json\/wp\/v2\/product_cat?post=190"},{"taxonomy":"product_tag","embeddable":true,"href":"https:\/\/www.lotky.fi\/kauppa\/wp-json\/wp\/v2\/product_tag?post=190"}],"curies":[{"name":"wp","href":"https:\/\/api.w.org\/{rel}","templated":true}]}}