{"id":189,"date":"2016-05-18T11:52:39","date_gmt":"2016-05-18T08:52:39","guid":{"rendered":"http:\/\/www.lotky.fi\/kauppa\/?post_type=product&#038;p=189"},"modified":"2026-04-01T16:01:38","modified_gmt":"2026-04-01T13:01:38","slug":"mobil-delvac-1-le-5w-30-208l","status":"publish","type":"product","link":"https:\/\/www.lotky.fi\/kauppa\/tuote\/mobil-delvac-1-le-5w-30-208l\/","title":{"rendered":"Mobil Delvac Ultra 5W-30 Ultimate Protection V2, 208L"},"content":{"rendered":"<p>Mobil Delvac Ultra 5W-30 Ultimate Protection v2 eritt\u00e4in suorituskykyinen, edistynyt synteettinen dieselmoottori\u00f6ljy, jossa yhdistyy nykyaikaisten v\u00e4h\u00e4p\u00e4\u00e4st\u00f6isten ajoneuvojen moottoreiden suojaus ja paremman polttoainetalouden potentiaali ja muut kest\u00e4v\u00e4\u00e4 kehityst\u00e4 koskevat edut, kuten moottorin kest\u00e4vyys, pakokaasuj\u00e4rjestelmien suojaus ja pidennetyt \u00f6ljynvaihtov\u00e4lit.<\/p>\n<p>Mobil Delvac Ultra 5W-30 Ultimate Protection v2 k\u00e4ytt\u00e4\u00e4 uusinta teknologiaa takaamaan erinomaisen suorituskyvyn. Se soveltuu erinomaisesti lukuisiin erilaisiin dieselmoottorilla varustettuihin ammattiajoneuvoihin sek\u00e4 maanteill\u00e4 ett\u00e4 ty\u00f6mailla esimerkiksi kuljetuksessa, kaivosteollisuudessa, louhinnassa, rakennusteollisuudessa ja maataloudessa. Mobil Delvac Ultra 5W-30 Ultimate Protection v2 t\u00e4ytt\u00e4\u00e4 tai ylitt\u00e4\u00e4 useiden valmistajien luokitukset. Mobil Delvac Ultra 5W-30 Ultimate Protection v2 on biodiesel-yhteensopiva.<\/p>\n<p><strong>Entinen tuotenimi Delvac 1 LE 5w-30.<\/strong><\/p>\n<p><strong><br \/>\nTuotteella on seuraavat hyv\u00e4ksynn\u00e4t:<br \/>\n<\/strong>DQC IV-18 LA<br \/>\nDTFR 15C110, 15C100 (MB-Approval 228.51, 228.31)<br \/>\nMACK EOS-4.5<br \/>\nRENAULT TRUCKS RLD-3<br \/>\nMAN M 3677, 3775, 3777<br \/>\nMTU Oil Category 3.1<br \/>\nVOLVO VDS-4.5<br \/>\nDetroit Detroit Fluids Specification 93K222<\/p>\n<p><strong>Tuotetta suositellaan k\u00e4ytett\u00e4v\u00e4ksi k\u00e4ytt\u00f6kohteissa, joissa vaaditaan:<\/strong><br \/>\nMAN M 3477, 3271-1<br \/>\nIVECO 18-1804 TLS E6<\/p>\n<p><strong>T\u00e4ytt\u00e4\u00e4 tai ylitt\u00e4\u00e4 seuraavien spesifikaatioiden vaatimukset:<br \/>\n<\/strong>API CI-4, CI-4 PLUS, CJ-4, CK-4<br \/>\nACEA E4, E6, E7, E9<br \/>\nDAF Extended Drain<br \/>\nJASO DH-2<br \/>\nCummins CES 20086<br \/>\nCaterpillar ECF-3<br \/>\nFord WSS-M2C171-E<br \/>\nScania LDF-4<\/p>\n","protected":false},"excerpt":{"rendered":"<p>Mobil Delvac Ultra 5W-30 Ultimate Protection v2 eritt\u00e4in suorituskykyinen, edistynyt synteettinen dieselmoottori\u00f6ljy, jossa yhdistyy nykyaikaisten v\u00e4h\u00e4p\u00e4\u00e4st\u00f6isten ajoneuvojen moottoreiden suojaus ja paremman polttoainetalouden potentiaali ja muut kest\u00e4v\u00e4\u00e4 kehityst\u00e4 koskevat edut, kuten moottorin kest\u00e4vyys, pakokaasuj\u00e4rjestelmien suojaus ja pidennetyt \u00f6ljynvaihtov\u00e4lit. Mobil Delvac Ultra 5W-30 Ultimate Protection v2 k\u00e4ytt\u00e4\u00e4 uusinta teknologiaa takaamaan erinomaisen suorituskyvyn. Se soveltuu erinomaisesti lukuisiin erilaisiin [&hellip;]<\/p>\n","protected":false},"featured_media":185,"template":"","meta":[],"product_brand":[],"product_cat":[18],"product_tag":[],"class_list":{"0":"post-189","1":"product","2":"type-product","3":"status-publish","4":"has-post-thumbnail","6":"product_cat-moottorioljyt-raskas-kalusto","8":"first","9":"instock","10":"taxable","11":"shipping-taxable","12":"purchasable","13":"product-type-simple"},"_links":{"self":[{"href":"https:\/\/www.lotky.fi\/kauppa\/wp-json\/wp\/v2\/product\/189","targetHints":{"allow":["GET"]}}],"collection":[{"href":"https:\/\/www.lotky.fi\/kauppa\/wp-json\/wp\/v2\/product"}],"about":[{"href":"https:\/\/www.lotky.fi\/kauppa\/wp-json\/wp\/v2\/types\/product"}],"wp:featuredmedia":[{"embeddable":true,"href":"https:\/\/www.lotky.fi\/kauppa\/wp-json\/wp\/v2\/media\/185"}],"wp:attachment":[{"href":"https:\/\/www.lotky.fi\/kauppa\/wp-json\/wp\/v2\/media?parent=189"}],"wp:term":[{"taxonomy":"product_brand","embeddable":true,"href":"https:\/\/www.lotky.fi\/kauppa\/wp-json\/wp\/v2\/product_brand?post=189"},{"taxonomy":"product_cat","embeddable":true,"href":"https:\/\/www.lotky.fi\/kauppa\/wp-json\/wp\/v2\/product_cat?post=189"},{"taxonomy":"product_tag","embeddable":true,"href":"https:\/\/www.lotky.fi\/kauppa\/wp-json\/wp\/v2\/product_tag?post=189"}],"curies":[{"name":"wp","href":"https:\/\/api.w.org\/{rel}","templated":true}]}}