{"id":1881,"date":"2021-07-01T11:54:46","date_gmt":"2021-07-01T08:54:46","guid":{"rendered":"https:\/\/www.lotky.fi\/kauppa\/?post_type=product&#038;p=1881"},"modified":"2026-03-21T19:51:14","modified_gmt":"2026-03-21T17:51:14","slug":"shell-helix-hx8-ect-5w-30-209l","status":"publish","type":"product","link":"https:\/\/www.lotky.fi\/kauppa\/tuote\/shell-helix-hx8-ect-5w-30-209l\/","title":{"rendered":"Shell Helix HX8 ECT 5W-30, 209L"},"content":{"rendered":"<p><span dir=\"ltr\">Shell Helix <\/span><span dir=\"ltr\">HX8 ECT 5W-30 <\/span><span dir=\"ltr\">T\u00e4yssynteettinen moottori\u00f6ljy &#8211; v\u00e4sym\u00e4t\u00f6nt\u00e4 suorituskyky\u00e4, puhdistuskyky\u00e4 ja <\/span><span dir=\"ltr\">suojaa. <\/span><span dir=\"ltr\">Shell Helix HX8 ECT:n pitk\u00e4lle kehitetty pakokaasujen j\u00e4lkik\u00e4sittelylaitteiden kanssa yhteensopiva teknologia <\/span><span dir=\"ltr\">auttaa pit\u00e4m\u00e4\u00e4n dieselpartikkelisuodattimet puhtaana ja s\u00e4ilytt\u00e4m\u00e4\u00e4n moottorin suorituskyvyn. Se auttaa <\/span><span dir=\"ltr\">pienent\u00e4m\u00e4\u00e4n kitkaa moottorissa polttoaineen s\u00e4\u00e4st\u00e4miseksi.<\/span><\/p>\n<p>Spesifikaatiot, hyv\u00e4ksynn\u00e4t &amp; suositukset:<\/p>\n<p>API SN<\/p>\n<p>ACEA C3<\/p>\n<p>MB- hyv\u00e4ksynt\u00e4 229.31, 229.51<\/p>\n<p>VW 504.00\/507.00<\/p>\n","protected":false},"excerpt":{"rendered":"<p>T\u00e4yssynteettinen moottori\u00f6ljy, v\u00e4sym\u00e4t\u00f6nt\u00e4 suorituskyky\u00e4, puhdistuskyky\u00e4 ja suojaa.<\/p>\n","protected":false},"featured_media":347,"template":"","meta":[],"product_brand":[],"product_cat":[17],"product_tag":[],"class_list":{"0":"post-1881","1":"product","2":"type-product","3":"status-publish","4":"has-post-thumbnail","6":"product_cat-moottorioljyt-kevyt-kalusto","8":"first","9":"instock","10":"taxable","11":"shipping-taxable","12":"purchasable","13":"product-type-simple"},"_links":{"self":[{"href":"https:\/\/www.lotky.fi\/kauppa\/wp-json\/wp\/v2\/product\/1881","targetHints":{"allow":["GET"]}}],"collection":[{"href":"https:\/\/www.lotky.fi\/kauppa\/wp-json\/wp\/v2\/product"}],"about":[{"href":"https:\/\/www.lotky.fi\/kauppa\/wp-json\/wp\/v2\/types\/product"}],"wp:featuredmedia":[{"embeddable":true,"href":"https:\/\/www.lotky.fi\/kauppa\/wp-json\/wp\/v2\/media\/347"}],"wp:attachment":[{"href":"https:\/\/www.lotky.fi\/kauppa\/wp-json\/wp\/v2\/media?parent=1881"}],"wp:term":[{"taxonomy":"product_brand","embeddable":true,"href":"https:\/\/www.lotky.fi\/kauppa\/wp-json\/wp\/v2\/product_brand?post=1881"},{"taxonomy":"product_cat","embeddable":true,"href":"https:\/\/www.lotky.fi\/kauppa\/wp-json\/wp\/v2\/product_cat?post=1881"},{"taxonomy":"product_tag","embeddable":true,"href":"https:\/\/www.lotky.fi\/kauppa\/wp-json\/wp\/v2\/product_tag?post=1881"}],"curies":[{"name":"wp","href":"https:\/\/api.w.org\/{rel}","templated":true}]}}