{"id":187,"date":"2016-05-18T10:52:27","date_gmt":"2016-05-18T07:52:27","guid":{"rendered":"http:\/\/www.lotky.fi\/kauppa\/?post_type=product&#038;p=187"},"modified":"2026-04-01T16:04:46","modified_gmt":"2026-04-01T13:04:46","slug":"mobil-delvac-super-1400e-15w-40-208l","status":"publish","type":"product","link":"https:\/\/www.lotky.fi\/kauppa\/tuote\/mobil-delvac-super-1400e-15w-40-208l\/","title":{"rendered":"Mobil Delvac Legend 15W-40 Heavy Duty, 208L"},"content":{"rendered":"<p>Mobil Delvac Legend 15W-40 Heavy Duty on moniasteinen synteettiseen seokseen perustuva dieselmoottori\u00f6ljy, joka suojaa ankarissa k\u00e4ytt\u00f6olosuhteissa toimivia dieselmoottoreita sek\u00e4 tiell\u00e4 ett\u00e4 maastossa. ExxonMobil suosittelee Mobil Delvac Legend 15W-40 Heavy Dutya k\u00e4ytett\u00e4v\u00e4ksi monissa raskaissa sovelluksissa ja k\u00e4ytt\u00f6ymp\u00e4rist\u00f6iss\u00e4 kuljetus-, kaivos-, rakennus-, louhinta- ja maatalousteollisuudessa.<\/p>\n<p><strong>Entinen tuotenimi Delvac Super 1400 15w-40<\/strong><\/p>\n<p>Tuotteella on seuraavien valmistajien hyv\u00e4ksynn\u00e4t:<br \/>\nMB-Approval 228.3<br \/>\nMTU Oil Category 2<\/p>\n<p>ExxonMobil suosittelee k\u00e4ytett\u00e4v\u00e4ksi kohteissa, jotka vaativat:<br \/>\nACEA E3, B2<br \/>\nAPI CH-4, CG-4, CF-4, CF, SJ, SH<br \/>\nMack EO-M<br \/>\nVolvo VDS-2<br \/>\nMAN M 3275-1<br \/>\nRenault Trucks RD, RD-2 , RLD<\/p>\n","protected":false},"excerpt":{"rendered":"<p>Mobil Delvac Legend 15W-40 Heavy Duty on moniasteinen synteettiseen seokseen perustuva dieselmoottori\u00f6ljy, joka suojaa ankarissa k\u00e4ytt\u00f6olosuhteissa toimivia dieselmoottoreita sek\u00e4 tiell\u00e4 ett\u00e4 maastossa. ExxonMobil suosittelee Mobil Delvac Legend 15W-40 Heavy Dutya k\u00e4ytett\u00e4v\u00e4ksi monissa raskaissa sovelluksissa ja k\u00e4ytt\u00f6ymp\u00e4rist\u00f6iss\u00e4 kuljetus-, kaivos-, rakennus-, louhinta- ja maatalousteollisuudessa. Entinen tuotenimi Delvac Super 1400 15w-40<\/p>\n","protected":false},"featured_media":185,"template":"","meta":[],"product_brand":[],"product_cat":[18],"product_tag":[],"class_list":{"0":"post-187","1":"product","2":"type-product","3":"status-publish","4":"has-post-thumbnail","6":"product_cat-moottorioljyt-raskas-kalusto","8":"first","9":"instock","10":"taxable","11":"shipping-taxable","12":"purchasable","13":"product-type-simple"},"_links":{"self":[{"href":"https:\/\/www.lotky.fi\/kauppa\/wp-json\/wp\/v2\/product\/187","targetHints":{"allow":["GET"]}}],"collection":[{"href":"https:\/\/www.lotky.fi\/kauppa\/wp-json\/wp\/v2\/product"}],"about":[{"href":"https:\/\/www.lotky.fi\/kauppa\/wp-json\/wp\/v2\/types\/product"}],"wp:featuredmedia":[{"embeddable":true,"href":"https:\/\/www.lotky.fi\/kauppa\/wp-json\/wp\/v2\/media\/185"}],"wp:attachment":[{"href":"https:\/\/www.lotky.fi\/kauppa\/wp-json\/wp\/v2\/media?parent=187"}],"wp:term":[{"taxonomy":"product_brand","embeddable":true,"href":"https:\/\/www.lotky.fi\/kauppa\/wp-json\/wp\/v2\/product_brand?post=187"},{"taxonomy":"product_cat","embeddable":true,"href":"https:\/\/www.lotky.fi\/kauppa\/wp-json\/wp\/v2\/product_cat?post=187"},{"taxonomy":"product_tag","embeddable":true,"href":"https:\/\/www.lotky.fi\/kauppa\/wp-json\/wp\/v2\/product_tag?post=187"}],"curies":[{"name":"wp","href":"https:\/\/api.w.org\/{rel}","templated":true}]}}