{"id":184,"date":"2016-05-18T10:12:30","date_gmt":"2016-05-18T07:12:30","guid":{"rendered":"http:\/\/www.lotky.fi\/kauppa\/?post_type=product&#038;p=184"},"modified":"2026-04-01T16:05:21","modified_gmt":"2026-04-01T13:05:21","slug":"mobil-delvac-super-1400-10w-30-208l","status":"publish","type":"product","link":"https:\/\/www.lotky.fi\/kauppa\/tuote\/mobil-delvac-super-1400-10w-30-208l\/","title":{"rendered":"Mobil Delvac Legend Commercial Vehicle 10W-30, 208L"},"content":{"rendered":"<p>Mobil Delvac Legend Commercial Vehicle 10W-30 on eritt\u00e4in suorituskykyinen dieselmoottoreiden moniaste\u00f6ljy, joka on erityisesti kehitetty antamaan erinomainen voitelu vaativassa k\u00e4yt\u00f6ss\u00e4 toimiville dieselmoottoreille. T\u00e4m\u00e4 dieselmoottori\u00f6ljy on tehty korkealaatuisista perus\u00f6ljysekoituksista, joiden ansiosta sill\u00e4 on hyv\u00e4 juoksevuus alhaisissa l\u00e4mp\u00f6tiloissa, hyv\u00e4 viskositeetin s\u00e4ilyminen kuumissa oloissa ja alhainen haihtuvuus. N\u00e4it\u00e4 perus\u00f6ljyj\u00e4 on parannettu edistyneell\u00e4 lis\u00e4ainej\u00e4rjestelm\u00e4ll\u00e4, joka tarjoaa korkeatasoisen suojan kaikille moottorin osille. <strong>Entinen tuotenimi Delvac Super 1400 10w-30<\/strong><\/p>\n<p>Luokitukset:<\/p>\n<p>API CF, CF-4, CG-4, CH-4<br \/>\nAPI SF, SG, SH, SJ<br \/>\nVOLVO VDS-2<\/p>\n<p>&nbsp;<\/p>\n","protected":false},"excerpt":{"rendered":"<p>Mobil Delvac Legend Commercial Vehicle 10W-30 on eritt\u00e4in suorituskykyinen dieselmoottoreiden moniaste\u00f6ljy, joka on erityisesti kehitetty antamaan erinomainen voitelu vaativassa k\u00e4yt\u00f6ss\u00e4 toimiville dieselmoottoreille. T\u00e4m\u00e4 dieselmoottori\u00f6ljy on tehty korkealaatuisista perus\u00f6ljysekoituksista, joiden ansiosta sill\u00e4 on hyv\u00e4 juoksevuus alhaisissa l\u00e4mp\u00f6tiloissa, hyv\u00e4 viskositeetin s\u00e4ilyminen kuumissa oloissa ja alhainen haihtuvuus. N\u00e4it\u00e4 perus\u00f6ljyj\u00e4 on parannettu edistyneell\u00e4 lis\u00e4ainej\u00e4rjestelm\u00e4ll\u00e4, joka tarjoaa korkeatasoisen suojan kaikille [&hellip;]<\/p>\n","protected":false},"featured_media":185,"template":"","meta":[],"product_brand":[],"product_cat":[18],"product_tag":[],"class_list":{"0":"post-184","1":"product","2":"type-product","3":"status-publish","4":"has-post-thumbnail","6":"product_cat-moottorioljyt-raskas-kalusto","8":"first","9":"instock","10":"taxable","11":"shipping-taxable","12":"purchasable","13":"product-type-simple"},"_links":{"self":[{"href":"https:\/\/www.lotky.fi\/kauppa\/wp-json\/wp\/v2\/product\/184","targetHints":{"allow":["GET"]}}],"collection":[{"href":"https:\/\/www.lotky.fi\/kauppa\/wp-json\/wp\/v2\/product"}],"about":[{"href":"https:\/\/www.lotky.fi\/kauppa\/wp-json\/wp\/v2\/types\/product"}],"wp:featuredmedia":[{"embeddable":true,"href":"https:\/\/www.lotky.fi\/kauppa\/wp-json\/wp\/v2\/media\/185"}],"wp:attachment":[{"href":"https:\/\/www.lotky.fi\/kauppa\/wp-json\/wp\/v2\/media?parent=184"}],"wp:term":[{"taxonomy":"product_brand","embeddable":true,"href":"https:\/\/www.lotky.fi\/kauppa\/wp-json\/wp\/v2\/product_brand?post=184"},{"taxonomy":"product_cat","embeddable":true,"href":"https:\/\/www.lotky.fi\/kauppa\/wp-json\/wp\/v2\/product_cat?post=184"},{"taxonomy":"product_tag","embeddable":true,"href":"https:\/\/www.lotky.fi\/kauppa\/wp-json\/wp\/v2\/product_tag?post=184"}],"curies":[{"name":"wp","href":"https:\/\/api.w.org\/{rel}","templated":true}]}}