{"id":183,"date":"2016-05-18T09:55:33","date_gmt":"2016-05-18T06:55:33","guid":{"rendered":"http:\/\/www.lotky.fi\/kauppa\/?post_type=product&#038;p=183"},"modified":"2026-03-31T10:31:48","modified_gmt":"2026-03-31T07:31:48","slug":"neste-city-pro-a5b5-0w-30-200l","status":"publish","type":"product","link":"https:\/\/www.lotky.fi\/kauppa\/tuote\/neste-city-pro-a5b5-0w-30-200l\/","title":{"rendered":"Neste Pro+ 0W-30, 200L"},"content":{"rendered":"<p>Neste Pro+ 0W-30 on t\u00e4yssynteettinen polttoainetta s\u00e4\u00e4st\u00e4v\u00e4 korkean suorituskyvyn moottori\u00f6ljy. Se ylitt\u00e4\u00e4 API SP- ja ACEA A5\/B5 -standardien suorituskykyvaatimukset. Se ylitt\u00e4\u00e4 my\u00f6s alkuper\u00e4isen laitevalmistajan (OEM) vaatimukset ja tarjoaa korkean suorituskyvyn henkil\u00f6autoissa ja pakettiautoissa. Se on kehitetty erityisesti Volvon henkil\u00f6autoihin, joissa on 5-sylinterinen moottori ja jotka vaativat polttoainetta s\u00e4\u00e4st\u00e4v\u00e4\u00e4 moottori\u00f6ljy\u00e4. Sill\u00e4 on eritt\u00e4in alhainen j\u00e4hmettymispiste, mik\u00e4 tekee kylm\u00e4k\u00e4ynnistyksest\u00e4 helppoa jopa eritt\u00e4in alhaisissa l\u00e4mp\u00f6tiloissa ja yll\u00e4pit\u00e4\u00e4 oikeanlaista voitelukyky\u00e4 ja moottorin suojausta, kunnes moottori saavuttaa ajol\u00e4mp\u00f6tilan.<\/p>\n<p>ACEA A5\/B5 -moottori\u00f6ljyn\u00e4 se on suunniteltu s\u00e4\u00e4st\u00e4m\u00e4\u00e4n polttoainetta. Matala HTHS (high l\u00e4mp\u00f6tila high shear) -viskositeetti v\u00e4hent\u00e4\u00e4 sis\u00e4ist\u00e4 kitkaa, mik\u00e4 v\u00e4hent\u00e4\u00e4 polttoaineen kulutusta ja p\u00e4\u00e4st\u00f6j\u00e4. Neste Pro+ 0W-30 on tarkoitettu pitkille vaihtov\u00e4leille. Korkelaatuinen perus\u00f6ljy yhdistettyn\u00e4 korkeimman luokan lis\u00e4aineisiin mahdollistaa sen k\u00e4yt\u00f6n jopa 30 000 km tai 1 vuosi. (tarkista aina valmistajan suositus k\u00e4ytt\u00f6ohjeesta). Neste Pro+ 0W-30 on oikea valinta autoille joille kertyy paljon ajokilometrej\u00e4, sill\u00e4 se tarjoaa kest\u00e4v\u00e4n voitelukalvon, hyv\u00e4n moottorin puhtauden ja korkean kulumissuojan.<\/p>\n<p><strong>SUORITUSKYKYLUOKITUKSET<\/strong><br \/>\nAPI SP, SN PLUS, SN, SM, SL<br \/>\nACEA A5\/B5<br \/>\nVolvo VCC95200377<br \/>\nNSN 9150-58-001-9710<\/p>\n<p><strong>HYV\u00c4KSYNN\u00c4T<\/strong><br \/>\nBMW Longlife-01 FE<br \/>\nMB-Approval 229.6<br \/>\nRenault RN0700<\/p>\n","protected":false},"excerpt":{"rendered":"<p>Neste Pro+ 0W-30 on t\u00e4yssynteettinen polttoainetta s\u00e4\u00e4st\u00e4v\u00e4 korkean suorituskyvyn moottori\u00f6ljy. Se ylitt\u00e4\u00e4 API SP- ja ACEA A5\/B5 -standardien suorituskykyvaatimukset. Se ylitt\u00e4\u00e4 my\u00f6s alkuper\u00e4isen laitevalmistajan (OEM) vaatimukset ja tarjoaa korkean suorituskyvyn henkil\u00f6autoissa ja pakettiautoissa. Se on kehitetty erityisesti Volvon henkil\u00f6autoihin, joissa on 5-sylinterinen moottori ja jotka vaativat polttoainetta s\u00e4\u00e4st\u00e4v\u00e4\u00e4 moottori\u00f6ljy\u00e4. Sill\u00e4 on eritt\u00e4in alhainen j\u00e4hmettymispiste, mik\u00e4 [&hellip;]<\/p>\n","protected":false},"featured_media":1598,"template":"","meta":[],"product_brand":[],"product_cat":[17],"product_tag":[215,54],"class_list":{"0":"post-183","1":"product","2":"type-product","3":"status-publish","4":"has-post-thumbnail","6":"product_cat-moottorioljyt-kevyt-kalusto","7":"product_tag-a5-b5","8":"product_tag-volvo","10":"first","11":"instock","12":"taxable","13":"shipping-taxable","14":"purchasable","15":"product-type-simple"},"_links":{"self":[{"href":"https:\/\/www.lotky.fi\/kauppa\/wp-json\/wp\/v2\/product\/183","targetHints":{"allow":["GET"]}}],"collection":[{"href":"https:\/\/www.lotky.fi\/kauppa\/wp-json\/wp\/v2\/product"}],"about":[{"href":"https:\/\/www.lotky.fi\/kauppa\/wp-json\/wp\/v2\/types\/product"}],"wp:featuredmedia":[{"embeddable":true,"href":"https:\/\/www.lotky.fi\/kauppa\/wp-json\/wp\/v2\/media\/1598"}],"wp:attachment":[{"href":"https:\/\/www.lotky.fi\/kauppa\/wp-json\/wp\/v2\/media?parent=183"}],"wp:term":[{"taxonomy":"product_brand","embeddable":true,"href":"https:\/\/www.lotky.fi\/kauppa\/wp-json\/wp\/v2\/product_brand?post=183"},{"taxonomy":"product_cat","embeddable":true,"href":"https:\/\/www.lotky.fi\/kauppa\/wp-json\/wp\/v2\/product_cat?post=183"},{"taxonomy":"product_tag","embeddable":true,"href":"https:\/\/www.lotky.fi\/kauppa\/wp-json\/wp\/v2\/product_tag?post=183"}],"curies":[{"name":"wp","href":"https:\/\/api.w.org\/{rel}","templated":true}]}}