{"id":181,"date":"2016-05-17T15:54:21","date_gmt":"2016-05-17T12:54:21","guid":{"rendered":"http:\/\/www.lotky.fi\/kauppa\/?post_type=product&#038;p=181"},"modified":"2026-03-31T10:32:07","modified_gmt":"2026-03-31T07:32:07","slug":"neste-city-pro-0w-40-200l","status":"publish","type":"product","link":"https:\/\/www.lotky.fi\/kauppa\/tuote\/neste-city-pro-0w-40-200l\/","title":{"rendered":"Neste Pro 0W-40, 200L"},"content":{"rendered":"<p>Neste City Pro 0W-40 \u00f6ljy\u00e4 suositellaan ymp\u00e4rivuotiseen k\u00e4ytt\u00f6\u00f6n kaikkiin olosuhteisiin henkil\u00f6- ja pakettiautojen bensiini- ja dieselmoottoreihin. Sen edut tulevat erityisesti esiin nykyaikaisissa autoissa sek\u00e4 talvi- ett\u00e4 kes\u00e4olosuhteissa. Sen k\u00e4ytt\u00f6 takaa osaltaan moottorin luotettavan toiminnan ja katalysaattorin vaatiman helpon k\u00e4ynnistyvyyden, pienen \u00f6ljynkulutuksen ja moottorin puhtauden.<br \/>\nNeste City Pro 0W-40 \u00f6ljy\u00e4 voi k\u00e4ytt\u00e4\u00e4 my\u00f6s vanhemmissa (80-luvun) moottoreissa, ja sit\u00e4 voi sekoittaa kaikkiin tunnettuihin moottori\u00f6ljyihin.<\/p>\n<p><strong>entinen nimi: Neste City Pro 0W-40<\/strong><\/p>\n<p>Luokitukset: SAE 0W-40<br \/>\nACEA A3\/B4<br \/>\nAPI SN\/CF<br \/>\nVW 502.00\/505.00<br \/>\nMB 229.3 ja 229.5<br \/>\nBMW LL-01<br \/>\nRenault RN 0700\/0710<\/p>\n","protected":false},"excerpt":{"rendered":"<p>Neste City Pro 0W-40 \u00f6ljy\u00e4 suositellaan ymp\u00e4rivuotiseen k\u00e4ytt\u00f6\u00f6n kaikkiin olosuhteisiin henkil\u00f6- ja pakettiautojen bensiini- ja dieselmoottoreihin. Sen edut tulevat erityisesti esiin nykyaikaisissa autoissa sek\u00e4 talvi- ett\u00e4 kes\u00e4olosuhteissa. Sen k\u00e4ytt\u00f6 takaa osaltaan moottorin luotettavan toiminnan ja katalysaattorin vaatiman helpon k\u00e4ynnistyvyyden, pienen \u00f6ljynkulutuksen ja moottorin puhtauden. Neste City Pro 0W-40 \u00f6ljy\u00e4 voi k\u00e4ytt\u00e4\u00e4 my\u00f6s vanhemmissa (80-luvun) moottoreissa, [&hellip;]<\/p>\n","protected":false},"featured_media":1598,"template":"","meta":[],"product_brand":[],"product_cat":[17],"product_tag":[],"class_list":{"0":"post-181","1":"product","2":"type-product","3":"status-publish","4":"has-post-thumbnail","6":"product_cat-moottorioljyt-kevyt-kalusto","8":"first","9":"instock","10":"taxable","11":"shipping-taxable","12":"purchasable","13":"product-type-simple"},"_links":{"self":[{"href":"https:\/\/www.lotky.fi\/kauppa\/wp-json\/wp\/v2\/product\/181","targetHints":{"allow":["GET"]}}],"collection":[{"href":"https:\/\/www.lotky.fi\/kauppa\/wp-json\/wp\/v2\/product"}],"about":[{"href":"https:\/\/www.lotky.fi\/kauppa\/wp-json\/wp\/v2\/types\/product"}],"wp:featuredmedia":[{"embeddable":true,"href":"https:\/\/www.lotky.fi\/kauppa\/wp-json\/wp\/v2\/media\/1598"}],"wp:attachment":[{"href":"https:\/\/www.lotky.fi\/kauppa\/wp-json\/wp\/v2\/media?parent=181"}],"wp:term":[{"taxonomy":"product_brand","embeddable":true,"href":"https:\/\/www.lotky.fi\/kauppa\/wp-json\/wp\/v2\/product_brand?post=181"},{"taxonomy":"product_cat","embeddable":true,"href":"https:\/\/www.lotky.fi\/kauppa\/wp-json\/wp\/v2\/product_cat?post=181"},{"taxonomy":"product_tag","embeddable":true,"href":"https:\/\/www.lotky.fi\/kauppa\/wp-json\/wp\/v2\/product_tag?post=181"}],"curies":[{"name":"wp","href":"https:\/\/api.w.org\/{rel}","templated":true}]}}