{"id":180,"date":"2016-05-17T15:12:20","date_gmt":"2016-05-17T12:12:20","guid":{"rendered":"http:\/\/www.lotky.fi\/kauppa\/?post_type=product&#038;p=180"},"modified":"2026-03-31T10:32:16","modified_gmt":"2026-03-31T07:32:16","slug":"neste-1-5w-50-200l","status":"publish","type":"product","link":"https:\/\/www.lotky.fi\/kauppa\/tuote\/neste-1-5w-50-200l\/","title":{"rendered":"Neste Pro+ W LL-IV 0W-20, 200L"},"content":{"rendered":"<p>Neste Pro+ W LL-IV 0W-20 on t\u00e4yssynteettinen moottori\u00f6ljy, joka on kehitetty erityisesti LongLife-palvelua varten, jota k\u00e4ytet\u00e4\u00e4n VW-, Audi-, Skoda- ja Seat-dieselmoottoreissa pidennetyiss\u00e4 \u00f6ljynvaihtov\u00e4leiss\u00e4. Neste Pro+ W LL-IV 0W-20 ylitt\u00e4\u00e4 API SN Plus-, SN-, SM-, SL-, SJ- ja ACEA C5- luokitukset. Se t\u00e4ytt\u00e4\u00e4 my\u00f6s monen alkuper\u00e4isen laitevalmistajan (OEM) vaatimukset mik\u00e4 takaa korkean suorituskyvyn henkil\u00f6- ja pakettiautoissa. \u00d6ljyll\u00e4 on eritt\u00e4in alhainen j\u00e4hmepiste, mik\u00e4 tekee kylm\u00e4k\u00e4ynnistyksest\u00e4 helppoa my\u00f6s hyvin matalissa l\u00e4mp\u00f6tiloissa ja yll\u00e4pit\u00e4\u00e4 erinomaista voitelukyky\u00e4 ja suojaa moottorille, kunnes moottori saavuttaa k\u00e4ytt\u00f6l\u00e4mp\u00f6tilan.<\/p>\n<p>Neste Pro + W LL-IV 0W-20 on suunniteltu erityisesti parantamaan auton polttoainetaloutta. Koska moottori\u00f6ljyll\u00e4 on matala HTHS viskositeetti (high temperature high shear) ja pieni kitka, se v\u00e4hent\u00e4\u00e4 merkitt\u00e4v\u00e4sti polttoaineen- kulutusta ja v\u00e4hent\u00e4\u00e4 siten p\u00e4\u00e4st\u00f6j\u00e4. Matalatuhka\u00f6ljyn\u00e4 (Low SAPS) se v\u00e4hent\u00e4\u00e4 p\u00e4\u00e4st\u00f6j\u00e4 entisest\u00e4\u00e4n. Huolellisesti valitut lis\u00e4aineet moottori\u00f6ljyss\u00e4 puhdistavat saostumia moottorista ja v\u00e4hent\u00e4v\u00e4t merkitt\u00e4v\u00e4sti niiden muodostumista joka pit\u00e4\u00e4 moottorin puhtaana. Lis\u00e4ksi ne est\u00e4v\u00e4t happojen muodostumisen joka est\u00e4\u00e4 moottorin korroosiota ja pident\u00e4\u00e4 sen elinkaarta.<\/p>\n<p><strong>SUORITUSKYKYLUOKITUKSET<\/strong><br \/>\nAPI SN PLUS, SN, SM, SL, SJ<br \/>\nACEA C5<br \/>\nNSN 9150-58-001-9690<\/p>\n<p><strong>HYV\u00c4KSYNN\u00c4T<\/strong><br \/>\nPorsche C20 (pengind)<br \/>\nVW 508 00 \/ 509 00<\/p>\n","protected":false},"excerpt":{"rendered":"<p>Neste Pro+ W LL-IV 0W-20 on t\u00e4yssynteettinen moottori\u00f6ljy, joka on kehitetty erityisesti LongLife-palvelua varten, jota k\u00e4ytet\u00e4\u00e4n VW-, Audi-, Skoda- ja Seat-dieselmoottoreissa pidennetyiss\u00e4 \u00f6ljynvaihtov\u00e4leiss\u00e4. Neste Pro+ W LL-IV 0W-20 ylitt\u00e4\u00e4 API SN Plus-, SN-, SM-, SL-, SJ- ja ACEA C5- luokitukset. Se t\u00e4ytt\u00e4\u00e4 my\u00f6s monen alkuper\u00e4isen laitevalmistajan (OEM) vaatimukset mik\u00e4 takaa korkean suorituskyvyn henkil\u00f6- ja pakettiautoissa. [&hellip;]<\/p>\n","protected":false},"featured_media":1598,"template":"","meta":[],"product_brand":[],"product_cat":[17],"product_tag":[137,220],"class_list":{"0":"post-180","1":"product","2":"type-product","3":"status-publish","4":"has-post-thumbnail","6":"product_cat-moottorioljyt-kevyt-kalusto","7":"product_tag-acea-c5","8":"product_tag-vw-508-00-509-00","10":"first","11":"instock","12":"taxable","13":"shipping-taxable","14":"purchasable","15":"product-type-simple"},"_links":{"self":[{"href":"https:\/\/www.lotky.fi\/kauppa\/wp-json\/wp\/v2\/product\/180","targetHints":{"allow":["GET"]}}],"collection":[{"href":"https:\/\/www.lotky.fi\/kauppa\/wp-json\/wp\/v2\/product"}],"about":[{"href":"https:\/\/www.lotky.fi\/kauppa\/wp-json\/wp\/v2\/types\/product"}],"wp:featuredmedia":[{"embeddable":true,"href":"https:\/\/www.lotky.fi\/kauppa\/wp-json\/wp\/v2\/media\/1598"}],"wp:attachment":[{"href":"https:\/\/www.lotky.fi\/kauppa\/wp-json\/wp\/v2\/media?parent=180"}],"wp:term":[{"taxonomy":"product_brand","embeddable":true,"href":"https:\/\/www.lotky.fi\/kauppa\/wp-json\/wp\/v2\/product_brand?post=180"},{"taxonomy":"product_cat","embeddable":true,"href":"https:\/\/www.lotky.fi\/kauppa\/wp-json\/wp\/v2\/product_cat?post=180"},{"taxonomy":"product_tag","embeddable":true,"href":"https:\/\/www.lotky.fi\/kauppa\/wp-json\/wp\/v2\/product_tag?post=180"}],"curies":[{"name":"wp","href":"https:\/\/api.w.org\/{rel}","templated":true}]}}