{"id":1734,"date":"2021-04-14T15:33:29","date_gmt":"2021-04-14T12:33:29","guid":{"rendered":"https:\/\/www.lotky.fi\/kauppa\/?post_type=product&#038;p=1734"},"modified":"2024-09-02T15:16:36","modified_gmt":"2024-09-02T12:16:36","slug":"gulf-superfleet-universal-5w-30-200-l","status":"publish","type":"product","link":"https:\/\/www.lotky.fi\/kauppa\/tuote\/gulf-superfleet-universal-5w-30-200-l\/","title":{"rendered":"Gulf Superfleet Universal 5W-30, 200 L"},"content":{"rendered":"<p>Gulf Superfleet Universal 5w-30 on synteettinen raskaan kaluston huippulaadukas Low-SAPS moottori\u00f6ljy joka on erityisesti kehitetty nykyaikaisille Euro VI moottoreille, jotka ovat varustettu pakokaasun j\u00e4lkik\u00e4sittelylaitteistolla kuten esim. DPF* sek\u00e4 pident\u00e4\u00e4 n\u00e4iden ik\u00e4\u00e4. Laajan suorituskyvyn ja soveltuvuuden ansiosta hyv\u00e4 valinta laajalle ajoneuvokannalle.<\/p>\n<p>T\u00e4ytt\u00e4\u00e4 vaatimukset:<br \/>\nSAE 5w-30<br \/>\nACEA E6\/E9\/E4\/E7<br \/>\nAPI CJ-4<br \/>\nMTU Oil Category 3.1<br \/>\nDeutz DQC IV-10 LA<br \/>\nMAN M 3575\/ M 3677\/ M 3477\/ M 3271-1\/ M 3691<br \/>\nScania LDF-4<br \/>\nDDC 93K218<br \/>\nCAT ECF-3<br \/>\nCummins CES 20081<br \/>\nVolvo VDS-4<br \/>\nMack EO-O Premium Plus<br \/>\nRenault VI RLD-3<br \/>\nMB-Approval 228.51<br \/>\nDDC DFS93K218<br \/>\nIVECO 18 1804 CLASSE TLS E6<\/p>\n","protected":false},"excerpt":{"rendered":"<p>Gulf Superfleet Universal 5w-30 on synteettinen raskaan kaluston huippulaadukas Low-SAPS moottori\u00f6ljy joka on erityisesti kehitetty nykyaikaisille Euro VI moottoreille, jotka ovat varustettu pakokaasun j\u00e4lkik\u00e4sittelylaitteistolla kuten esim. DPF* sek\u00e4 pident\u00e4\u00e4 n\u00e4iden ik\u00e4\u00e4. Laajan suorituskyvyn ja soveltuvuuden ansiosta hyv\u00e4 valinta laajalle ajoneuvokannalle.<\/p>\n","protected":false},"featured_media":708,"template":"","meta":[],"product_brand":[],"product_cat":[18],"product_tag":[74,147,119],"class_list":{"0":"post-1734","1":"product","2":"type-product","3":"status-publish","4":"has-post-thumbnail","6":"product_cat-moottorioljyt-raskas-kalusto","7":"product_tag-dpf","8":"product_tag-euro-6","9":"product_tag-low-saps","11":"first","12":"instock","13":"taxable","14":"shipping-taxable","15":"purchasable","16":"product-type-simple"},"_links":{"self":[{"href":"https:\/\/www.lotky.fi\/kauppa\/wp-json\/wp\/v2\/product\/1734","targetHints":{"allow":["GET"]}}],"collection":[{"href":"https:\/\/www.lotky.fi\/kauppa\/wp-json\/wp\/v2\/product"}],"about":[{"href":"https:\/\/www.lotky.fi\/kauppa\/wp-json\/wp\/v2\/types\/product"}],"wp:featuredmedia":[{"embeddable":true,"href":"https:\/\/www.lotky.fi\/kauppa\/wp-json\/wp\/v2\/media\/708"}],"wp:attachment":[{"href":"https:\/\/www.lotky.fi\/kauppa\/wp-json\/wp\/v2\/media?parent=1734"}],"wp:term":[{"taxonomy":"product_brand","embeddable":true,"href":"https:\/\/www.lotky.fi\/kauppa\/wp-json\/wp\/v2\/product_brand?post=1734"},{"taxonomy":"product_cat","embeddable":true,"href":"https:\/\/www.lotky.fi\/kauppa\/wp-json\/wp\/v2\/product_cat?post=1734"},{"taxonomy":"product_tag","embeddable":true,"href":"https:\/\/www.lotky.fi\/kauppa\/wp-json\/wp\/v2\/product_tag?post=1734"}],"curies":[{"name":"wp","href":"https:\/\/api.w.org\/{rel}","templated":true}]}}