{"id":162,"date":"2016-05-13T16:03:42","date_gmt":"2016-05-13T13:03:42","guid":{"rendered":"http:\/\/www.lotky.fi\/kauppa\/?post_type=product&#038;p=162"},"modified":"2026-03-31T10:32:34","modified_gmt":"2026-03-31T07:32:34","slug":"neste-diesel-sae-30-200l","status":"publish","type":"product","link":"https:\/\/www.lotky.fi\/kauppa\/tuote\/neste-diesel-sae-30-200l\/","title":{"rendered":"Neste Diesel 30, 200L"},"content":{"rendered":"<p>Neste Diesel -\u00f6ljy on valmistettu parafiiniperustaisista \u00f6ljyist\u00e4; v\u00e4h\u00e4n tuhkaa synnytt\u00e4v\u00e4t, puhdistavat ja jakauttavat lis\u00e4aineet pit\u00e4v\u00e4t m\u00e4nn\u00e4t ja m\u00e4nn\u00e4nrenkaat karstattomina korkeissa k\u00e4yntil\u00e4mp\u00f6tiloissa, ja est\u00e4v\u00e4t liete- ja lakkakerrostumien syntymisen. Yksiasteinen Neste Diesel -dieselmoottori\u00f6ljy on tarkoitettu raskaassa k\u00e4yt\u00f6ss\u00e4 olevien ahdettujen dieselmoottoreiden voiteluun. Neste Diesel -dieselmoottori\u00f6ljyj\u00e4 voidaan k\u00e4ytt\u00e4\u00e4 my\u00f6s hydraulij\u00e4rjestelmiss\u00e4 ja vaihteistoissa kun vaatimuksena on yksiasteinen moottori\u00f6ljy.<\/p>\n<p>Luokitukset: SAE 30<br \/>\nAPI CF, CF-2, CD\/SF<br \/>\nMIL-L-2104 D<br \/>\nDB 227.0<br \/>\nAllison C3<br \/>\nCaterpillar TO-2<\/p>\n","protected":false},"excerpt":{"rendered":"<p>Yksiasteinen Neste Diesel -dieselmoottori\u00f6ljy on tarkoitettu raskaassa k\u00e4yt\u00f6ss\u00e4 olevien ahdettujen dieselmoottoreiden voiteluun. Neste Diesel -dieselmoottori\u00f6ljyj\u00e4 voidaan k\u00e4ytt\u00e4\u00e4 my\u00f6s hydraulij\u00e4rjestelmiss\u00e4 ja vaihteistoissa kun vaatimuksena on yksiasteinen moottori\u00f6ljy.<\/p>\n","protected":false},"featured_media":1598,"template":"","meta":[],"product_brand":[],"product_cat":[18],"product_tag":[],"class_list":{"0":"post-162","1":"product","2":"type-product","3":"status-publish","4":"has-post-thumbnail","6":"product_cat-moottorioljyt-raskas-kalusto","8":"first","9":"instock","10":"taxable","11":"shipping-taxable","12":"purchasable","13":"product-type-simple"},"_links":{"self":[{"href":"https:\/\/www.lotky.fi\/kauppa\/wp-json\/wp\/v2\/product\/162","targetHints":{"allow":["GET"]}}],"collection":[{"href":"https:\/\/www.lotky.fi\/kauppa\/wp-json\/wp\/v2\/product"}],"about":[{"href":"https:\/\/www.lotky.fi\/kauppa\/wp-json\/wp\/v2\/types\/product"}],"wp:featuredmedia":[{"embeddable":true,"href":"https:\/\/www.lotky.fi\/kauppa\/wp-json\/wp\/v2\/media\/1598"}],"wp:attachment":[{"href":"https:\/\/www.lotky.fi\/kauppa\/wp-json\/wp\/v2\/media?parent=162"}],"wp:term":[{"taxonomy":"product_brand","embeddable":true,"href":"https:\/\/www.lotky.fi\/kauppa\/wp-json\/wp\/v2\/product_brand?post=162"},{"taxonomy":"product_cat","embeddable":true,"href":"https:\/\/www.lotky.fi\/kauppa\/wp-json\/wp\/v2\/product_cat?post=162"},{"taxonomy":"product_tag","embeddable":true,"href":"https:\/\/www.lotky.fi\/kauppa\/wp-json\/wp\/v2\/product_tag?post=162"}],"curies":[{"name":"wp","href":"https:\/\/api.w.org\/{rel}","templated":true}]}}