{"id":1597,"date":"2020-10-22T15:31:40","date_gmt":"2020-10-22T12:31:40","guid":{"rendered":"https:\/\/www.lotky.fi\/kauppa\/?post_type=product&#038;p=1597"},"modified":"2026-03-31T10:23:52","modified_gmt":"2026-03-31T07:23:52","slug":"neste-turbo-s3-10w-40-200l","status":"publish","type":"product","link":"https:\/\/www.lotky.fi\/kauppa\/tuote\/neste-turbo-s3-10w-40-200l\/","title":{"rendered":"Neste Turbo+ S3 10W-40, 200L"},"content":{"rendered":"<p>Neste Turbo+ 10W-40 on synteettinen erikois\u00f6ljy suuritehoisiin dieselmoottoreihin pidennetyille vaihtov\u00e4leille erityisesti Scanian raskaalle kalustolle, joissa vaatimuksena on LDF-3. Neste Turbo+ S3 10W-40 sopii k\u00e4ytet\u00e4v\u00e4ksi Euro I, II, III, IV sek\u00e4 V dieselmoottoreihin jotka on varustettu pakokaasujen j\u00e4lkierr\u00e4tysj\u00e4rjestelmill\u00e4 sek\u00e4 SCR-j\u00e4lkik\u00e4sittelylaitteistoilla. Ei sovellu moottoreihin joissa on dieselin hiukkasuodatin (DPF), lukuunottamatta Scanian Euro 6 malleja. Tuote t\u00e4ytt\u00e4\u00e4 valmistajien pitk\u00e4n vaihtov\u00e4lin luokitukset ja soveltuu raskaan kaluston moottoreihin busseissa ja kuorma-autoissa.<\/p>\n<p>SUORITUSKYKYLUOKITUKSET<br \/>\nSAE 10W-40<br \/>\nAPI CF, CD<br \/>\nACEA E4\/E7<br \/>\nRenault RXD\/RLD-2<br \/>\nVolvo VDS-3, VDS-2<\/p>\n<p>HYV\u00c4KSYNN\u00c4T<br \/>\nMAN M 3277<br \/>\nMB-Approval 228.5<br \/>\nScania LDF-3, LDF-2, LDF<\/p>\n<p>&nbsp;<\/p>\n<p>&nbsp;<\/p>\n","protected":false},"excerpt":{"rendered":"<p>Neste Turbo+ 10W-40 on synteettinen erikois\u00f6ljy suuritehoisiin dieselmoottoreihin pidennetyille vaihtov\u00e4leille erityisesti Scanian raskaalle kalustolle, joissa vaatimuksena on LDF-3. Neste Turbo+ S3 10W-40 sopii k\u00e4ytet\u00e4v\u00e4ksi Euro I, II, III, IV sek\u00e4 V dieselmoottoreihin jotka on varustettu pakokaasujen j\u00e4lkierr\u00e4tysj\u00e4rjestelmill\u00e4 sek\u00e4 SCR-j\u00e4lkik\u00e4sittelylaitteistoilla. Ei sovellu moottoreihin joissa on dieselin hiukkasuodatin (DPF), lukuunottamatta Scanian Euro 6 malleja. Tuote t\u00e4ytt\u00e4\u00e4 valmistajien [&hellip;]<\/p>\n","protected":false},"featured_media":1598,"template":"","meta":[],"product_brand":[],"product_cat":[18],"product_tag":[70],"class_list":{"0":"post-1597","1":"product","2":"type-product","3":"status-publish","4":"has-post-thumbnail","6":"product_cat-moottorioljyt-raskas-kalusto","7":"product_tag-scania","9":"first","10":"instock","11":"taxable","12":"shipping-taxable","13":"purchasable","14":"product-type-simple"},"_links":{"self":[{"href":"https:\/\/www.lotky.fi\/kauppa\/wp-json\/wp\/v2\/product\/1597","targetHints":{"allow":["GET"]}}],"collection":[{"href":"https:\/\/www.lotky.fi\/kauppa\/wp-json\/wp\/v2\/product"}],"about":[{"href":"https:\/\/www.lotky.fi\/kauppa\/wp-json\/wp\/v2\/types\/product"}],"wp:featuredmedia":[{"embeddable":true,"href":"https:\/\/www.lotky.fi\/kauppa\/wp-json\/wp\/v2\/media\/1598"}],"wp:attachment":[{"href":"https:\/\/www.lotky.fi\/kauppa\/wp-json\/wp\/v2\/media?parent=1597"}],"wp:term":[{"taxonomy":"product_brand","embeddable":true,"href":"https:\/\/www.lotky.fi\/kauppa\/wp-json\/wp\/v2\/product_brand?post=1597"},{"taxonomy":"product_cat","embeddable":true,"href":"https:\/\/www.lotky.fi\/kauppa\/wp-json\/wp\/v2\/product_cat?post=1597"},{"taxonomy":"product_tag","embeddable":true,"href":"https:\/\/www.lotky.fi\/kauppa\/wp-json\/wp\/v2\/product_tag?post=1597"}],"curies":[{"name":"wp","href":"https:\/\/api.w.org\/{rel}","templated":true}]}}