{"id":1596,"date":"2020-10-22T15:29:43","date_gmt":"2020-10-22T12:29:43","guid":{"rendered":"https:\/\/www.lotky.fi\/kauppa\/?post_type=product&#038;p=1596"},"modified":"2026-03-31T10:24:06","modified_gmt":"2026-03-31T07:24:06","slug":"neste-turbo-lsa-5w-30-200l","status":"publish","type":"product","link":"https:\/\/www.lotky.fi\/kauppa\/tuote\/neste-turbo-lsa-5w-30-200l\/","title":{"rendered":"Neste Turbo+ LSA S4 5W-30, 200L"},"content":{"rendered":"<p>Neste Turbo+ LSA S4 5W-30 on kehitetty erityisesti uusimmille raskaan kaluston dieselmoottoreille, jotka vaativat joko API CK-4, ACEA E6 tai ACEA E9-vaatimuksenmukaisen \u00f6ljyn k\u00e4ytt\u00f6\u00e4. Se on suunniteltu k\u00e4ytett\u00e4v\u00e4ksi pitkille vaihtov\u00e4leille uusissa EURO 5 ja EURO 6 v\u00e4h\u00e4p\u00e4\u00e4st\u00f6isiss\u00e4 dieselmoottoreissa. Matalatuhkaisena, ns. Low SAPS-moottori\u00f6ljyn\u00e4 Neste Turbo+ LSA S4 5W-30 suojaa pakokaasun j\u00e4lkik\u00e4sittelylaitteistoa ennenaikaiselta kulumiselta, kuten hiukkassuodattimen tukkeutumiselta. Neste Turbo+ LSA S4 5W-30 korkealaatuinen perus\u00f6ljy ja huippuluokan jakauttavat, pesev\u00e4t ja hapettumisenestolis\u00e4aineet hidastavat merkitt\u00e4v\u00e4sti moottori\u00f6ljyn hapettumista ja ik\u00e4\u00e4ntymist\u00e4 ja mahdollistavat sen k\u00e4yt\u00f6n pitkill\u00e4 vaihtov\u00e4leill\u00e4.<\/p>\n<p>SUORITUSKYKYLUOKITUKSET<br \/>\nAPI CK-4, CJ-4, CI-4 PLUS, CI-4\/SN<br \/>\nACEA E6\/E9\/E7<br \/>\nJASO DH-2<br \/>\nCaterpillar ECF-3, ECF-2, ECF-1a<br \/>\nCummins CES 20086, CES 20081<br \/>\nDeutz DQC IV-10 LA<br \/>\nFord WSS-M2C213-A1<br \/>\nIveco 18-1804 TLS E9<br \/>\nMAN M 3477, M 3271-1<br \/>\nMTU Type 2.1<br \/>\nRenault VI RLD-2, VI RLD<br \/>\nVolvo VDS-4, VDS-3<\/p>\n<p>HYV\u00c4KSYNN\u00c4T<br \/>\nDeutz DQC IV-18 LA<br \/>\nMack EOS-4.5, EO-O Premium Plus, EO-N<br \/>\nMAN M 3677, M 3775<br \/>\nMB-Approval 228.31<br \/>\nMB-Approval 228.51<br \/>\nMB-Approval 228.52<br \/>\nMTU Type 3.1<br \/>\nRenault VI RLD-3<br \/>\nScania LDF-4<br \/>\nVolvo VDS-4.5<\/p>\n","protected":false},"excerpt":{"rendered":"<p>Neste Turbo+ LSA S4 5W-30 on kehitetty erityisesti uusimmille raskaan kaluston dieselmoottoreille, jotka vaativat joko API CK-4, ACEA E6 tai ACEA E9-vaatimuksenmukaisen \u00f6ljyn k\u00e4ytt\u00f6\u00e4. Se on suunniteltu k\u00e4ytett\u00e4v\u00e4ksi pitkille vaihtov\u00e4leille uusissa EURO 5 ja EURO 6 v\u00e4h\u00e4p\u00e4\u00e4st\u00f6isiss\u00e4 dieselmoottoreissa. Matalatuhkaisena, ns. Low SAPS-moottori\u00f6ljyn\u00e4 Neste Turbo+ LSA S4 5W-30 suojaa pakokaasun j\u00e4lkik\u00e4sittelylaitteistoa ennenaikaiselta kulumiselta, kuten hiukkassuodattimen tukkeutumiselta. [&hellip;]<\/p>\n","protected":false},"featured_media":1598,"template":"","meta":[],"product_brand":[],"product_cat":[18],"product_tag":[147,120],"class_list":{"0":"post-1596","1":"product","2":"type-product","3":"status-publish","4":"has-post-thumbnail","6":"product_cat-moottorioljyt-raskas-kalusto","7":"product_tag-euro-6","8":"product_tag-tayssynteettinen","10":"first","11":"instock","12":"taxable","13":"shipping-taxable","14":"purchasable","15":"product-type-simple"},"_links":{"self":[{"href":"https:\/\/www.lotky.fi\/kauppa\/wp-json\/wp\/v2\/product\/1596","targetHints":{"allow":["GET"]}}],"collection":[{"href":"https:\/\/www.lotky.fi\/kauppa\/wp-json\/wp\/v2\/product"}],"about":[{"href":"https:\/\/www.lotky.fi\/kauppa\/wp-json\/wp\/v2\/types\/product"}],"wp:featuredmedia":[{"embeddable":true,"href":"https:\/\/www.lotky.fi\/kauppa\/wp-json\/wp\/v2\/media\/1598"}],"wp:attachment":[{"href":"https:\/\/www.lotky.fi\/kauppa\/wp-json\/wp\/v2\/media?parent=1596"}],"wp:term":[{"taxonomy":"product_brand","embeddable":true,"href":"https:\/\/www.lotky.fi\/kauppa\/wp-json\/wp\/v2\/product_brand?post=1596"},{"taxonomy":"product_cat","embeddable":true,"href":"https:\/\/www.lotky.fi\/kauppa\/wp-json\/wp\/v2\/product_cat?post=1596"},{"taxonomy":"product_tag","embeddable":true,"href":"https:\/\/www.lotky.fi\/kauppa\/wp-json\/wp\/v2\/product_tag?post=1596"}],"curies":[{"name":"wp","href":"https:\/\/api.w.org\/{rel}","templated":true}]}}