{"id":130,"date":"2016-05-12T13:33:25","date_gmt":"2016-05-12T10:33:25","guid":{"rendered":"http:\/\/www.lotky.fi\/kauppa\/?post_type=product&#038;p=130"},"modified":"2026-03-31T10:32:56","modified_gmt":"2026-03-31T07:32:56","slug":"neste-hydrauli-68-super-200l","status":"publish","type":"product","link":"https:\/\/www.lotky.fi\/kauppa\/tuote\/neste-hydrauli-68-super-200l\/","title":{"rendered":"Neste Hydraulic 68 Super, 200L"},"content":{"rendered":"<p>Neste Hydraulic Super-sarjan \u00f6ljyt ovat ulkok\u00e4ytt\u00f6\u00f6n tarkoitettuja huippulaatuisia laajan k\u00e4ytt\u00f6l\u00e4mp\u00f6tila-alueen omaavia moniastehydrauli\u00f6ljyj\u00e4. Neste Hydrauli Super \u00f6ljyt sopivat kaikkiin liikenteen ja teollisuuden hydraulij\u00e4rjestelmiin. Neste Hydrauli Super- \u00f6ljyt on tarkoitettu ymp\u00e4rivuotiseen k\u00e4ytt\u00f6\u00f6n kun j\u00e4rjestelm\u00e4n l\u00e4mp\u00f6tila k\u00e4ynnistett\u00e4ess\u00e4 on alhainen ja k\u00e4yt\u00f6n aikana korkea. Ne soveltuvat k\u00e4ytett\u00e4v\u00e4ksi my\u00f6s kovilla pakkasilla kun tarvittaessa k\u00e4ytet\u00e4\u00e4n esil\u00e4mmityst\u00e4. Neste Hydraulic 68 Super raskaaseen kes\u00e4k\u00e4ytt\u00f6\u00f6n.<\/p>\n<p>Luokitukset: ISO VG 68<\/p>\n<p>ISO 11158 HV<br \/>\nDIN 51524 part 3 HVLP<br \/>\nSS 15 54 34 AV<br \/>\nAFNOR NFE 48-690\/1<br \/>\nAFNOR NFE 48-603<br \/>\nEaton Vickers I-286-S, M-2950-S<br \/>\nDenison HF-0, HF-1, HF-2 (2003)<br \/>\nCincinnati Milacron P-70<\/p>\n","protected":false},"excerpt":{"rendered":"<p>Neste Hydraulic Super-sarjan \u00f6ljyt ovat ulkok\u00e4ytt\u00f6\u00f6n tarkoitettuja huippulaatuisia laajan k\u00e4ytt\u00f6l\u00e4mp\u00f6tila-alueen omaavia moniastehydrauli\u00f6ljyj\u00e4. Neste Hydraulic Super \u00f6ljyt sopivat kaikkiin liikenteen ja teollisuuden hydraulij\u00e4rjestelmiin. Neste Hydraulic Super- \u00f6ljyt on tarkoitettu ymp\u00e4rivuotiseen k\u00e4ytt\u00f6\u00f6n kun j\u00e4rjestelm\u00e4n l\u00e4mp\u00f6tila k\u00e4ynnistett\u00e4ess\u00e4 on alhainen ja k\u00e4yt\u00f6n aikana korkea.<\/p>\n","protected":false},"featured_media":1598,"template":"","meta":[],"product_brand":[],"product_cat":[6],"product_tag":[],"class_list":{"0":"post-130","1":"product","2":"type-product","3":"status-publish","4":"has-post-thumbnail","6":"product_cat-hydrauliikkaoljyt","8":"first","9":"instock","10":"taxable","11":"shipping-taxable","12":"purchasable","13":"product-type-simple"},"_links":{"self":[{"href":"https:\/\/www.lotky.fi\/kauppa\/wp-json\/wp\/v2\/product\/130","targetHints":{"allow":["GET"]}}],"collection":[{"href":"https:\/\/www.lotky.fi\/kauppa\/wp-json\/wp\/v2\/product"}],"about":[{"href":"https:\/\/www.lotky.fi\/kauppa\/wp-json\/wp\/v2\/types\/product"}],"wp:featuredmedia":[{"embeddable":true,"href":"https:\/\/www.lotky.fi\/kauppa\/wp-json\/wp\/v2\/media\/1598"}],"wp:attachment":[{"href":"https:\/\/www.lotky.fi\/kauppa\/wp-json\/wp\/v2\/media?parent=130"}],"wp:term":[{"taxonomy":"product_brand","embeddable":true,"href":"https:\/\/www.lotky.fi\/kauppa\/wp-json\/wp\/v2\/product_brand?post=130"},{"taxonomy":"product_cat","embeddable":true,"href":"https:\/\/www.lotky.fi\/kauppa\/wp-json\/wp\/v2\/product_cat?post=130"},{"taxonomy":"product_tag","embeddable":true,"href":"https:\/\/www.lotky.fi\/kauppa\/wp-json\/wp\/v2\/product_tag?post=130"}],"curies":[{"name":"wp","href":"https:\/\/api.w.org\/{rel}","templated":true}]}}