{"id":128,"date":"2016-05-12T12:00:46","date_gmt":"2016-05-12T09:00:46","guid":{"rendered":"http:\/\/www.lotky.fi\/kauppa\/?post_type=product&#038;p=128"},"modified":"2026-03-31T10:33:03","modified_gmt":"2026-03-31T07:33:03","slug":"neste-hydrauli-22-super-200l","status":"publish","type":"product","link":"https:\/\/www.lotky.fi\/kauppa\/tuote\/neste-hydrauli-22-super-200l\/","title":{"rendered":"Neste Hydraulic 22 Super, 200L"},"content":{"rendered":"<p>Neste Hydraulic 22 Super on vaativaan ulkok\u00e4ytt\u00f6\u00f6n tarkoitettu laajan k\u00e4ytt\u00f6l\u00e4mp\u00f6tila-alueen omaava moniastehydrauli\u00f6ljy. Hyv\u00e4 juoksevuus alhaisissa l\u00e4mp\u00f6tiloissa ja korkea viskositeetti-indeksi mahdollistavat toimivuuden my\u00f6s eritt\u00e4in kylmiss\u00e4 olosuhteissa. Neste Hydraulic 22 Super soveltuu hyv\u00e4n pakkaskest\u00e4vyytens\u00e4 ansiosta erinomaisesti talvik\u00e4ytt\u00f6\u00f6n. Neste Hydraulic Super \u00f6ljyj\u00e4 k\u00e4ytet\u00e4\u00e4n esimerkiksi kaivureiden, trukkien, nostureiden, mets\u00e4- ja maansiirtokoneiden yms. hydrauliikassa.<\/p>\n<p>Luokitukset: ISO VG 22<br \/>\nISO 11158 HV<br \/>\nDIN 51524 part 3 HVLP<\/p>\n","protected":false},"excerpt":{"rendered":"<p>Neste Hydraulic 22 Super on vaativaan ulkok\u00e4ytt\u00f6\u00f6n tarkoitettu laajan k\u00e4ytt\u00f6l\u00e4mp\u00f6tila-alueen omaava moniastehydrauli\u00f6ljy. Neste Hydraulic 22 Super soveltuu hyv\u00e4n pakkaskest\u00e4vyytens\u00e4 ansiosta erinomaisesti talvik\u00e4ytt\u00f6\u00f6n. Neste Hydraulic Super \u00f6ljyj\u00e4 k\u00e4ytet\u00e4\u00e4n esimerkiksi kaivureiden, trukkien, nostureiden, mets\u00e4- ja maansiirtokoneiden yms. hydrauliikassa.<\/p>\n","protected":false},"featured_media":1598,"template":"","meta":[],"product_brand":[],"product_cat":[6],"product_tag":[],"class_list":{"0":"post-128","1":"product","2":"type-product","3":"status-publish","4":"has-post-thumbnail","6":"product_cat-hydrauliikkaoljyt","8":"first","9":"instock","10":"taxable","11":"shipping-taxable","12":"purchasable","13":"product-type-simple"},"_links":{"self":[{"href":"https:\/\/www.lotky.fi\/kauppa\/wp-json\/wp\/v2\/product\/128","targetHints":{"allow":["GET"]}}],"collection":[{"href":"https:\/\/www.lotky.fi\/kauppa\/wp-json\/wp\/v2\/product"}],"about":[{"href":"https:\/\/www.lotky.fi\/kauppa\/wp-json\/wp\/v2\/types\/product"}],"wp:featuredmedia":[{"embeddable":true,"href":"https:\/\/www.lotky.fi\/kauppa\/wp-json\/wp\/v2\/media\/1598"}],"wp:attachment":[{"href":"https:\/\/www.lotky.fi\/kauppa\/wp-json\/wp\/v2\/media?parent=128"}],"wp:term":[{"taxonomy":"product_brand","embeddable":true,"href":"https:\/\/www.lotky.fi\/kauppa\/wp-json\/wp\/v2\/product_brand?post=128"},{"taxonomy":"product_cat","embeddable":true,"href":"https:\/\/www.lotky.fi\/kauppa\/wp-json\/wp\/v2\/product_cat?post=128"},{"taxonomy":"product_tag","embeddable":true,"href":"https:\/\/www.lotky.fi\/kauppa\/wp-json\/wp\/v2\/product_tag?post=128"}],"curies":[{"name":"wp","href":"https:\/\/api.w.org\/{rel}","templated":true}]}}