{"id":126,"date":"2016-05-11T16:16:02","date_gmt":"2016-05-11T13:16:02","guid":{"rendered":"http:\/\/www.lotky.fi\/kauppa\/?post_type=product&#038;p=126"},"modified":"2026-03-31T10:33:21","modified_gmt":"2026-03-31T07:33:21","slug":"neste-synhydrauli-32-200l","status":"publish","type":"product","link":"https:\/\/www.lotky.fi\/kauppa\/tuote\/neste-synhydrauli-32-200l\/","title":{"rendered":"Neste Hydraulic SYN 32, 200L"},"content":{"rendered":"<p>T\u00e4yssynteettinen Neste Synhydrauli 32 on polyalfaolefiinista valmistettu hydrauli\u00f6ljy, joilla on luontaisesti korkea viskositeetti-indeksi ja erinomainen pakkaskest\u00e4vyys. Synteettisen perusnesteen eritt\u00e4in hyv\u00e4 kemiallinen kest\u00e4vyys tekee Neste Synhydrauli \u00f6ljyt sopiviksi my\u00f6s laitteisiin, joissa \u00f6ljy\u00e4 ei ensit\u00e4yt\u00f6n j\u00e4lkeen en\u00e4\u00e4 vaihdeta, tai jotka toimivat korkeassa l\u00e4mp\u00f6tilassa. Synteettinen perusneste on tyypilt\u00e4\u00e4n polyalfaolefiini ja siten sekoituskelpoinen mineraali\u00f6ljyjen kanssa. Sen yhteydess\u00e4 voidaan my\u00f6s k\u00e4ytt\u00e4\u00e4 tavanomaisia tiiviste- ja pinnoitemateriaaleja. Neste Synhydrauli \u00f6ljyt sopivat kaikkeen liikkuvan kaluston ja teollisuuden hydrauliikkaan. Neste Synhydrauli 32 sopii ymp\u00e4rivuotiseksi yleishydrauli\u00f6ljyksi vaativiin kohteisiin.<\/p>\n<p><strong>entinen nimi: Neste Synhydrauli 32<\/strong><\/p>\n<p>Luokitukset: ISO VG 32<\/p>\n<p>&nbsp;<\/p>\n","protected":false},"excerpt":{"rendered":"<p>T\u00e4yssynteettinen Neste Synhydrauli \u00f6ljyt sopivat kaikkeen liikkuvan kaluston ja teollisuuden hydrauliikkaan. Neste Synhydrauli 32 sopii ymp\u00e4rivuotiseksi yleishydrauli\u00f6ljyksi vaativiin kohteisiin.<\/p>\n","protected":false},"featured_media":1598,"template":"","meta":[],"product_brand":[],"product_cat":[6],"product_tag":[],"class_list":{"0":"post-126","1":"product","2":"type-product","3":"status-publish","4":"has-post-thumbnail","6":"product_cat-hydrauliikkaoljyt","8":"first","9":"instock","10":"taxable","11":"shipping-taxable","12":"purchasable","13":"product-type-simple"},"_links":{"self":[{"href":"https:\/\/www.lotky.fi\/kauppa\/wp-json\/wp\/v2\/product\/126","targetHints":{"allow":["GET"]}}],"collection":[{"href":"https:\/\/www.lotky.fi\/kauppa\/wp-json\/wp\/v2\/product"}],"about":[{"href":"https:\/\/www.lotky.fi\/kauppa\/wp-json\/wp\/v2\/types\/product"}],"wp:featuredmedia":[{"embeddable":true,"href":"https:\/\/www.lotky.fi\/kauppa\/wp-json\/wp\/v2\/media\/1598"}],"wp:attachment":[{"href":"https:\/\/www.lotky.fi\/kauppa\/wp-json\/wp\/v2\/media?parent=126"}],"wp:term":[{"taxonomy":"product_brand","embeddable":true,"href":"https:\/\/www.lotky.fi\/kauppa\/wp-json\/wp\/v2\/product_brand?post=126"},{"taxonomy":"product_cat","embeddable":true,"href":"https:\/\/www.lotky.fi\/kauppa\/wp-json\/wp\/v2\/product_cat?post=126"},{"taxonomy":"product_tag","embeddable":true,"href":"https:\/\/www.lotky.fi\/kauppa\/wp-json\/wp\/v2\/product_tag?post=126"}],"curies":[{"name":"wp","href":"https:\/\/api.w.org\/{rel}","templated":true}]}}