{"id":1243,"date":"2019-01-25T10:12:42","date_gmt":"2019-01-25T08:12:42","guid":{"rendered":"https:\/\/www.lotky.fi\/kauppa\/?post_type=product&#038;p=1243"},"modified":"2025-12-02T14:53:32","modified_gmt":"2025-12-02T12:53:32","slug":"gulf-superfleet-uld-10w-40-200-l","status":"publish","type":"product","link":"https:\/\/www.lotky.fi\/kauppa\/tuote\/gulf-superfleet-uld-10w-40-200-l\/","title":{"rendered":"Gulf Superfleet Professional 10W-40, 208 L"},"content":{"rendered":"<p>Gulf Superfleet Professional 10w-40 on eritt\u00e4in suorituskykyinen synteettinen raskaankaluston dieselmoottori\u00f6ljy joka on kehitetty tarjoamaan erinomaisen suojan nykyaikaisille suorituskykyisille dieselmoottoreille. Suositellaaan mm. useimpiin Euro IV &amp; Euro V moottoreihin ilman DPF*, sek\u00e4 Scania Euro VI moottoreihin.<\/p>\n<p>T\u00e4ytt\u00e4\u00e4 vaatimukset:<br \/>\nACEA E4, E7<br \/>\nAPI CI-4<br \/>\nDeutz DQC III-10<br \/>\nMack EO-N<br \/>\nMAN M3277<br \/>\nMB-Approval 228.5<br \/>\nRenault VI RLD-2<br \/>\nScania LDF-3<br \/>\nVolvo VDS-3<\/p>\n<p>Hyv\u00e4ksytty: API CI-4, Mack EO-N, MAN M3277, MB-Approval 228.5, Renault VI RLD-2, Scania LDF-3, Volvo VDS-3<\/p>\n<p>&nbsp;<\/p>\n<p>&nbsp;<\/p>\n","protected":false},"excerpt":{"rendered":"<p>Gulf Superfleet Professional 10w-40 on eritt\u00e4in suorituskykyinen synteettinen raskaankaluston dieselmoottori\u00f6ljy joka on kehitetty tarjoamaan erinomaisen suojan nykyaikaisille suorituskykyisille dieselmoottoreille. Suositellaaan mm. useimpiin Euro IV &amp; Euro V moottoreihin ilman DPF*, sek\u00e4 Scania Euro VI moottoreihin.<\/p>\n","protected":false},"featured_media":708,"template":"","meta":[],"product_brand":[],"product_cat":[18],"product_tag":[147,148,70],"class_list":{"0":"post-1243","1":"product","2":"type-product","3":"status-publish","4":"has-post-thumbnail","6":"product_cat-moottorioljyt-raskas-kalusto","7":"product_tag-euro-6","8":"product_tag-euro-vi","9":"product_tag-scania","11":"first","12":"instock","13":"taxable","14":"shipping-taxable","15":"purchasable","16":"product-type-simple"},"_links":{"self":[{"href":"https:\/\/www.lotky.fi\/kauppa\/wp-json\/wp\/v2\/product\/1243","targetHints":{"allow":["GET"]}}],"collection":[{"href":"https:\/\/www.lotky.fi\/kauppa\/wp-json\/wp\/v2\/product"}],"about":[{"href":"https:\/\/www.lotky.fi\/kauppa\/wp-json\/wp\/v2\/types\/product"}],"wp:featuredmedia":[{"embeddable":true,"href":"https:\/\/www.lotky.fi\/kauppa\/wp-json\/wp\/v2\/media\/708"}],"wp:attachment":[{"href":"https:\/\/www.lotky.fi\/kauppa\/wp-json\/wp\/v2\/media?parent=1243"}],"wp:term":[{"taxonomy":"product_brand","embeddable":true,"href":"https:\/\/www.lotky.fi\/kauppa\/wp-json\/wp\/v2\/product_brand?post=1243"},{"taxonomy":"product_cat","embeddable":true,"href":"https:\/\/www.lotky.fi\/kauppa\/wp-json\/wp\/v2\/product_cat?post=1243"},{"taxonomy":"product_tag","embeddable":true,"href":"https:\/\/www.lotky.fi\/kauppa\/wp-json\/wp\/v2\/product_tag?post=1243"}],"curies":[{"name":"wp","href":"https:\/\/api.w.org\/{rel}","templated":true}]}}