{"id":1236,"date":"2019-01-22T14:30:56","date_gmt":"2019-01-22T12:30:56","guid":{"rendered":"https:\/\/www.lotky.fi\/kauppa\/?post_type=product&#038;p=1236"},"modified":"2024-09-02T15:16:37","modified_gmt":"2024-09-02T12:16:37","slug":"gulf-superfleet-universal-10w-40-200-l","status":"publish","type":"product","link":"https:\/\/www.lotky.fi\/kauppa\/tuote\/gulf-superfleet-universal-10w-40-200-l\/","title":{"rendered":"Gulf Superfleet Universal 10W-40, 200 L"},"content":{"rendered":"<p>GULF SUPERFLEET UNIVERSAL 10W-40 on synteettinen raskaan kaluston huippulaadukas Low-SAPS moottori\u00f6ljy, joka on erityisesti kehitetty nykyaikaisille Euro VI moottoreille, jotka ovat varustettu pakokaasun j\u00e4lkik\u00e4sittelylaitteistolla kuten esim. DPF. Laajan suorituskyvyn ja soveltuvuuden ansiosta hyv\u00e4 valinta sekakalustolle.<\/p>\n<p>T\u00e4ytt\u00e4\u00e4 vaatimukset: SAE 10w-40 ACEA E6\/E9\/E4\/E7 API CJ-4 MTU Oil Category 3.1 Deutz DQC IV-10 LA MAN M 3477 \/ M 3575 \/ M 3271-1 Scania LA Voith Class B MB 228.51, MB 235.28 DDC 93K218 CAT ECF-3 JASO DH-2 Volvo VDS-4 Mack EO-O Premium Plus Renault VI RLD-3 Cummins CES 20081<\/p>\n","protected":false},"excerpt":{"rendered":"<p>GULF SUPERFLEET UNIVERSAL 10W-40 on synteettinen raskaan kaluston huippulaadukas Low-SAPS moottori\u00f6ljy, joka on erityisesti kehitetty nykyaikaisille Euro VI moottoreille, jotka ovat varustettu pakokaasun j\u00e4lkik\u00e4sittelylaitteistolla kuten esim. DPF. Laajan suorituskyvyn ja soveltuvuuden ansiosta hyv\u00e4 valinta sekakalustolle.<\/p>\n","protected":false},"featured_media":708,"template":"","meta":[],"product_brand":[],"product_cat":[18],"product_tag":[74,147,119],"class_list":{"0":"post-1236","1":"product","2":"type-product","3":"status-publish","4":"has-post-thumbnail","6":"product_cat-moottorioljyt-raskas-kalusto","7":"product_tag-dpf","8":"product_tag-euro-6","9":"product_tag-low-saps","11":"first","12":"instock","13":"taxable","14":"shipping-taxable","15":"purchasable","16":"product-type-simple"},"_links":{"self":[{"href":"https:\/\/www.lotky.fi\/kauppa\/wp-json\/wp\/v2\/product\/1236","targetHints":{"allow":["GET"]}}],"collection":[{"href":"https:\/\/www.lotky.fi\/kauppa\/wp-json\/wp\/v2\/product"}],"about":[{"href":"https:\/\/www.lotky.fi\/kauppa\/wp-json\/wp\/v2\/types\/product"}],"wp:featuredmedia":[{"embeddable":true,"href":"https:\/\/www.lotky.fi\/kauppa\/wp-json\/wp\/v2\/media\/708"}],"wp:attachment":[{"href":"https:\/\/www.lotky.fi\/kauppa\/wp-json\/wp\/v2\/media?parent=1236"}],"wp:term":[{"taxonomy":"product_brand","embeddable":true,"href":"https:\/\/www.lotky.fi\/kauppa\/wp-json\/wp\/v2\/product_brand?post=1236"},{"taxonomy":"product_cat","embeddable":true,"href":"https:\/\/www.lotky.fi\/kauppa\/wp-json\/wp\/v2\/product_cat?post=1236"},{"taxonomy":"product_tag","embeddable":true,"href":"https:\/\/www.lotky.fi\/kauppa\/wp-json\/wp\/v2\/product_tag?post=1236"}],"curies":[{"name":"wp","href":"https:\/\/api.w.org\/{rel}","templated":true}]}}