{"id":123,"date":"2016-05-11T16:06:15","date_gmt":"2016-05-11T13:06:15","guid":{"rendered":"http:\/\/www.lotky.fi\/kauppa\/?post_type=product&#038;p=123"},"modified":"2026-03-31T10:33:36","modified_gmt":"2026-03-31T07:33:36","slug":"neste-biohydrauli-se-32-200l","status":"publish","type":"product","link":"https:\/\/www.lotky.fi\/kauppa\/tuote\/neste-biohydrauli-se-32-200l\/","title":{"rendered":"Neste Biohydraulic SE 32 N, 200L"},"content":{"rendered":"<p>Neste Biohydraulic SE 32 N on t\u00e4yssynteettinen luonnossa nopeasti biohajoava hydrauli\u00f6ljy, joka on valmistettu uusiutuvista luonnon raaka-aineista. Se on myrkyt\u00f6n ja ymp\u00e4rist\u00f6\u00e4 v\u00e4h\u00e4n kuormittava. Neste Biohydraulic SE 32 N sopii erityisesti hydraulij\u00e4rjestelmiin, joissa vuotojen tai letkurikkojen johdosta luontoon p\u00e4\u00e4ssyt tavallinen \u00f6ljy voi aiheuttaa vakavan ymp\u00e4rist\u00f6haitan.<\/p>\n<p>Neste Biohydraulic SE 32 N soveltuu esim. mets\u00e4- ja maansiirtokoneisiin pohjavesialueilla, vesist\u00f6ty\u00f6h\u00f6n, vedenpuhdistamoihin, puunk\u00e4sittelykoneikkoihin, laivoihin ja satamalaitteisiin. Neste Biohydraulic SE 32 N sopii traktoreiden ja kuormaajien hydrauliikkaan ymp\u00e4ri vuoden. Neste Biohydraulic SE 32 N on sekoituskelpoinen muiden synteettisten, esteriperustaisten hydrauli\u00f6ljyjen kanssa. Neste Biohydraulic SE 32 N sopii k\u00e4ytett\u00e4v\u00e4ksi tavallisen mineraali- hydrauli\u00f6ljyjen tilalla. Kun siirryt\u00e4\u00e4n mineraali\u00f6ljyst\u00e4 Neste Biohydraulic SE 32 N:n k\u00e4ytt\u00f6\u00f6n tulee j\u00e4rjestelm\u00e4 tyhjent\u00e4\u00e4 mahdollisimman perusteellisesti.<\/p>\n<p>Luokitukset: ISO VG 32<\/p>\n<p>ISO 15380 HEES<br \/>\nNSN 9150-58-001-9656<br \/>\nSS 15 54 34 Environmentally acceptable<\/p>\n","protected":false},"excerpt":{"rendered":"<p>Neste Biohydraulic SE 32 N on t\u00e4yssynteettinen luonnossa nopeasti biohajoava hydrauli\u00f6ljy, joka on valmistettu uusiutuvista luonnon raaka-aineista. Se on myrkyt\u00f6n ja ymp\u00e4rist\u00f6\u00e4 v\u00e4h\u00e4n kuormittava. Neste Biohydraulic SE 32 N sopii erityisesti hydraulij\u00e4rjestelmiin, joissa vuotojen tai letkurikkojen johdosta luontoon p\u00e4\u00e4ssyt tavallinen \u00f6ljy voi aiheuttaa vakavan ymp\u00e4rist\u00f6haitan. Neste Biohydraulic SE 32 N soveltuu esim. mets\u00e4- ja maansiirtokoneisiin [&hellip;]<\/p>\n","protected":false},"featured_media":1598,"template":"","meta":[],"product_brand":[],"product_cat":[51,6],"product_tag":[52],"class_list":{"0":"post-123","1":"product","2":"type-product","3":"status-publish","4":"has-post-thumbnail","6":"product_cat-biohajoavat-voiteluaineet","7":"product_cat-hydrauliikkaoljyt","8":"product_tag-biohajoava","10":"first","11":"instock","12":"taxable","13":"shipping-taxable","14":"purchasable","15":"product-type-simple"},"_links":{"self":[{"href":"https:\/\/www.lotky.fi\/kauppa\/wp-json\/wp\/v2\/product\/123","targetHints":{"allow":["GET"]}}],"collection":[{"href":"https:\/\/www.lotky.fi\/kauppa\/wp-json\/wp\/v2\/product"}],"about":[{"href":"https:\/\/www.lotky.fi\/kauppa\/wp-json\/wp\/v2\/types\/product"}],"wp:featuredmedia":[{"embeddable":true,"href":"https:\/\/www.lotky.fi\/kauppa\/wp-json\/wp\/v2\/media\/1598"}],"wp:attachment":[{"href":"https:\/\/www.lotky.fi\/kauppa\/wp-json\/wp\/v2\/media?parent=123"}],"wp:term":[{"taxonomy":"product_brand","embeddable":true,"href":"https:\/\/www.lotky.fi\/kauppa\/wp-json\/wp\/v2\/product_brand?post=123"},{"taxonomy":"product_cat","embeddable":true,"href":"https:\/\/www.lotky.fi\/kauppa\/wp-json\/wp\/v2\/product_cat?post=123"},{"taxonomy":"product_tag","embeddable":true,"href":"https:\/\/www.lotky.fi\/kauppa\/wp-json\/wp\/v2\/product_tag?post=123"}],"curies":[{"name":"wp","href":"https:\/\/api.w.org\/{rel}","templated":true}]}}