{"id":1227,"date":"2019-01-21T11:49:37","date_gmt":"2019-01-21T09:49:37","guid":{"rendered":"https:\/\/www.lotky.fi\/kauppa\/?post_type=product&#038;p=1227"},"modified":"2024-09-02T15:15:47","modified_gmt":"2024-09-02T12:15:47","slug":"gulf-formula-rnx-5w-30-200-l","status":"publish","type":"product","link":"https:\/\/www.lotky.fi\/kauppa\/tuote\/gulf-formula-rnx-5w-30-200-l\/","title":{"rendered":"Gulf Formula RNX 5W-30, 200 L"},"content":{"rendered":"<p>Gulf Formula RNX on synteettinen ns. Low-SAPS moottori\u00f6ljy joka on suunniteltu Euro 4 p\u00e4\u00e4st\u00f6luokan t\u00e4ytt\u00e4viin ajoneuvoihin, joissa vaaditaan ACEA C4 laatuvaatimuksen mukaista \u00f6ljy\u00e4.<\/p>\n<p>T\u00e4ytt\u00e4\u00e4 vaatimukset:<br \/>\nSAE 5w-30<br \/>\nACEA C4\/C3<br \/>\nMB 226.51, 229.51<br \/>\nRenault RN 0720<\/p>\n","protected":false},"excerpt":{"rendered":"<p>Gulf Formula RNX on synteettinen ns. Low-SAPS moottori\u00f6ljy joka on suunniteltu Euro 4 p\u00e4\u00e4st\u00f6luokan t\u00e4ytt\u00e4viin ajoneuvoihin, joissa vaaditaan ACEA C4 laatuvaatimuksen mukaista \u00f6ljy\u00e4. T\u00e4ytt\u00e4\u00e4 vaatimukset: SAE 5w-30 ACEA C4\/C3 MB 226.51, 229.51 Renault RN 0720<\/p>\n","protected":false},"featured_media":708,"template":"","meta":[],"product_brand":[],"product_cat":[17],"product_tag":[142,55],"class_list":{"0":"post-1227","1":"product","2":"type-product","3":"status-publish","4":"has-post-thumbnail","6":"product_cat-moottorioljyt-kevyt-kalusto","7":"product_tag-acea-c4","8":"product_tag-renault","10":"first","11":"instock","12":"taxable","13":"shipping-taxable","14":"purchasable","15":"product-type-simple"},"_links":{"self":[{"href":"https:\/\/www.lotky.fi\/kauppa\/wp-json\/wp\/v2\/product\/1227","targetHints":{"allow":["GET"]}}],"collection":[{"href":"https:\/\/www.lotky.fi\/kauppa\/wp-json\/wp\/v2\/product"}],"about":[{"href":"https:\/\/www.lotky.fi\/kauppa\/wp-json\/wp\/v2\/types\/product"}],"wp:featuredmedia":[{"embeddable":true,"href":"https:\/\/www.lotky.fi\/kauppa\/wp-json\/wp\/v2\/media\/708"}],"wp:attachment":[{"href":"https:\/\/www.lotky.fi\/kauppa\/wp-json\/wp\/v2\/media?parent=1227"}],"wp:term":[{"taxonomy":"product_brand","embeddable":true,"href":"https:\/\/www.lotky.fi\/kauppa\/wp-json\/wp\/v2\/product_brand?post=1227"},{"taxonomy":"product_cat","embeddable":true,"href":"https:\/\/www.lotky.fi\/kauppa\/wp-json\/wp\/v2\/product_cat?post=1227"},{"taxonomy":"product_tag","embeddable":true,"href":"https:\/\/www.lotky.fi\/kauppa\/wp-json\/wp\/v2\/product_tag?post=1227"}],"curies":[{"name":"wp","href":"https:\/\/api.w.org\/{rel}","templated":true}]}}