{"id":1225,"date":"2019-01-21T11:06:03","date_gmt":"2019-01-21T09:06:03","guid":{"rendered":"https:\/\/www.lotky.fi\/kauppa\/?post_type=product&#038;p=1225"},"modified":"2024-09-02T15:15:47","modified_gmt":"2024-09-02T12:15:47","slug":"gulf-formula-lef-0w-30-200l","status":"publish","type":"product","link":"https:\/\/www.lotky.fi\/kauppa\/tuote\/gulf-formula-lef-0w-30-200l\/","title":{"rendered":"Gulf Formula LEF 0W-30, 208 L"},"content":{"rendered":"<p>GULF FORMULA LEF 0W-30 on synteettinen polttoainetta s\u00e4\u00e4st\u00e4v\u00e4 Mid-SAPS moottori\u00f6ljy korkeatehoisiiin ja v\u00e4h\u00e4p\u00e4st\u00f6isiin ajoneuvoihin, joissa vaaditaan ACEA C2 laatuvatimuksen mukaista \u00f6ljy\u00e4. Soveltuu k\u00e4ytett\u00e4v\u00e4ksi kolmitie katalysaattorin ja\/tai dieselhiukkassuodattimen kanssa.<\/p>\n<p>T\u00e4ytt\u00e4\u00e4 vaatimukset:<br \/>\nSAE 0w-30<br \/>\nACEA C2<br \/>\nFORD WSS-M2C 950-A<br \/>\nFiat 9.55535 GS-1, 9.55535 DS-1<\/p>\n","protected":false},"excerpt":{"rendered":"<p>GULF FORMULA LEF 0W-30 on synteettinen polttoainetta s\u00e4\u00e4st\u00e4v\u00e4 Mid-SAPS moottori\u00f6ljy korkeatehoisiiin ja v\u00e4h\u00e4p\u00e4st\u00f6isiin ajoneuvoihin, joissa vaaditaan ACEA C2 laatuvatimuksen mukaista \u00f6ljy\u00e4. Soveltuu k\u00e4ytett\u00e4v\u00e4ksi kolmitie katalysaattorin ja\/tai dieselhiukkassuodattimen kanssa. T\u00e4ytt\u00e4\u00e4 vaatimukset: SAE 0w-30 ACEA C2 FORD WSS-M2C 950-A Fiat 9.55535 GS-1, 9.55535 DS-1<\/p>\n","protected":false},"featured_media":708,"template":"","meta":[],"product_brand":[],"product_cat":[17],"product_tag":[121,141,78],"class_list":{"0":"post-1225","1":"product","2":"type-product","3":"status-publish","4":"has-post-thumbnail","6":"product_cat-moottorioljyt-kevyt-kalusto","7":"product_tag-acea-c2","8":"product_tag-fiat","9":"product_tag-ford","11":"first","12":"instock","13":"taxable","14":"shipping-taxable","15":"purchasable","16":"product-type-simple"},"_links":{"self":[{"href":"https:\/\/www.lotky.fi\/kauppa\/wp-json\/wp\/v2\/product\/1225","targetHints":{"allow":["GET"]}}],"collection":[{"href":"https:\/\/www.lotky.fi\/kauppa\/wp-json\/wp\/v2\/product"}],"about":[{"href":"https:\/\/www.lotky.fi\/kauppa\/wp-json\/wp\/v2\/types\/product"}],"wp:featuredmedia":[{"embeddable":true,"href":"https:\/\/www.lotky.fi\/kauppa\/wp-json\/wp\/v2\/media\/708"}],"wp:attachment":[{"href":"https:\/\/www.lotky.fi\/kauppa\/wp-json\/wp\/v2\/media?parent=1225"}],"wp:term":[{"taxonomy":"product_brand","embeddable":true,"href":"https:\/\/www.lotky.fi\/kauppa\/wp-json\/wp\/v2\/product_brand?post=1225"},{"taxonomy":"product_cat","embeddable":true,"href":"https:\/\/www.lotky.fi\/kauppa\/wp-json\/wp\/v2\/product_cat?post=1225"},{"taxonomy":"product_tag","embeddable":true,"href":"https:\/\/www.lotky.fi\/kauppa\/wp-json\/wp\/v2\/product_tag?post=1225"}],"curies":[{"name":"wp","href":"https:\/\/api.w.org\/{rel}","templated":true}]}}