{"id":1224,"date":"2019-01-21T10:57:23","date_gmt":"2019-01-21T08:57:23","guid":{"rendered":"https:\/\/www.lotky.fi\/kauppa\/?post_type=product&#038;p=1224"},"modified":"2024-09-02T15:15:47","modified_gmt":"2024-09-02T12:15:47","slug":"gulf-formula-gx-5w-40-200l","status":"publish","type":"product","link":"https:\/\/www.lotky.fi\/kauppa\/tuote\/gulf-formula-gx-5w-40-200l\/","title":{"rendered":"Gulf Formula GX 5W-40, 208 L"},"content":{"rendered":"<p>GULF FORMULA GX 5W-40 on synteettinen polttoainetta s\u00e4\u00e4st\u00e4v\u00e4 moottori\u00f6ljy nykyaikaisiin korkeatehoisiiin ja v\u00e4h\u00e4p\u00e4st\u00f6isiin ajoneuvoihin.<\/p>\n<p>Luokitukset:<br \/>\nSAE 5w-40<br \/>\nACEA A3\/B4<br \/>\nAPI SN<br \/>\nMB Approval 229.5<br \/>\nVW 502 00, 505 00<br \/>\nBMW Long Life-01<br \/>\nPorsche Oil Category A40<br \/>\nRenault RN 0700\/ 0710<\/p>\n","protected":false},"excerpt":{"rendered":"<p>GULF FORMULA GX 5W-40 on synteettinen polttoainetta s\u00e4\u00e4st\u00e4v\u00e4 moottori\u00f6ljy nykyaikaisiin korkeatehoisiiin ja v\u00e4h\u00e4p\u00e4st\u00f6isiin ajoneuvoihin. Luokitukset: SAE 5w-40 ACEA A3\/B4 API SN MB Approval 229.5 VW 502 00, 505 00 BMW Long Life-01 Porsche Oil Category A40 Renault RN 0700\/ 0710<\/p>\n","protected":false},"featured_media":708,"template":"","meta":[],"product_brand":[],"product_cat":[17],"product_tag":[],"class_list":{"0":"post-1224","1":"product","2":"type-product","3":"status-publish","4":"has-post-thumbnail","6":"product_cat-moottorioljyt-kevyt-kalusto","8":"first","9":"instock","10":"taxable","11":"shipping-taxable","12":"purchasable","13":"product-type-simple"},"_links":{"self":[{"href":"https:\/\/www.lotky.fi\/kauppa\/wp-json\/wp\/v2\/product\/1224","targetHints":{"allow":["GET"]}}],"collection":[{"href":"https:\/\/www.lotky.fi\/kauppa\/wp-json\/wp\/v2\/product"}],"about":[{"href":"https:\/\/www.lotky.fi\/kauppa\/wp-json\/wp\/v2\/types\/product"}],"wp:featuredmedia":[{"embeddable":true,"href":"https:\/\/www.lotky.fi\/kauppa\/wp-json\/wp\/v2\/media\/708"}],"wp:attachment":[{"href":"https:\/\/www.lotky.fi\/kauppa\/wp-json\/wp\/v2\/media?parent=1224"}],"wp:term":[{"taxonomy":"product_brand","embeddable":true,"href":"https:\/\/www.lotky.fi\/kauppa\/wp-json\/wp\/v2\/product_brand?post=1224"},{"taxonomy":"product_cat","embeddable":true,"href":"https:\/\/www.lotky.fi\/kauppa\/wp-json\/wp\/v2\/product_cat?post=1224"},{"taxonomy":"product_tag","embeddable":true,"href":"https:\/\/www.lotky.fi\/kauppa\/wp-json\/wp\/v2\/product_tag?post=1224"}],"curies":[{"name":"wp","href":"https:\/\/api.w.org\/{rel}","templated":true}]}}