{"id":1223,"date":"2019-01-21T10:44:20","date_gmt":"2019-01-21T08:44:20","guid":{"rendered":"https:\/\/www.lotky.fi\/kauppa\/?post_type=product&#038;p=1223"},"modified":"2024-09-02T15:15:47","modified_gmt":"2024-09-02T12:15:47","slug":"gulf-formula-g-5w-30-200l","status":"publish","type":"product","link":"https:\/\/www.lotky.fi\/kauppa\/tuote\/gulf-formula-g-5w-30-200l\/","title":{"rendered":"Gulf Formula LVX 0W-20, 200L"},"content":{"rendered":"<p>GULF FORMULA LVX 0W-20 on synteettinen, eritt\u00e4in edistyksellinen matalaviskositeettinen polttoainetta s\u00e4\u00e4st\u00e4v\u00e4 moottori\u00f6ljy korkeatehoisiiin ja v\u00e4h\u00e4p\u00e4\u00e4st\u00f6isiin ajoneuvoihin. Suunniteltu antamaan suojaa ketjujakop\u00e4\u00e4n ennenaikaiselta kulumiselta GDI moottoreissa, sek\u00e4 ehk\u00e4isem\u00e4\u00e4n LSPi ongelman muodostumista.<\/p>\n<p>T\u00e4ytt\u00e4\u00e4 vaatimukset:<br \/>\nACEA C6, C5<br \/>\nAPI SP (Resourse conserving), SN Plus (Resourse conserving)<br \/>\nILSAC GF-6A<br \/>\nMB 229.71, MB 229.72<br \/>\nBMW LL-17 FE+<br \/>\nFord WSS-M2C947-B1, WSS-M2C962-A1,<br \/>\nJaguar Land Rover ST JLR.03.5006<br \/>\nOpel-Vauxhall OV0401547<br \/>\nFiat 9.55535 GSX (meets requirements)<br \/>\nChrysler MS-12145<\/p>\n<p>Hyv\u00e4ksytty:<br \/>\nAPI SP (Resourse conserving), API SN Plus<br \/>\nILSAC GF-6A<br \/>\nMB Approval 229.71, 229.72<br \/>\nBMW LL-17 FE+<br \/>\nJaguar Land Rover ST JLR.03.5006<\/p>\n","protected":false},"excerpt":{"rendered":"<p>GULF FORMULA LVX 0W-20 on synteettinen, eritt\u00e4in edistyksellinen matalaviskositeettinen polttoainetta s\u00e4\u00e4st\u00e4v\u00e4 moottori\u00f6ljy korkeatehoisiiin ja v\u00e4h\u00e4p\u00e4\u00e4st\u00f6isiin ajoneuvoihin. Suunniteltu antamaan suojaa ketjujakop\u00e4\u00e4n ennenaikaiselta kulumiselta GDI moottoreissa, sek\u00e4 ehk\u00e4isem\u00e4\u00e4n LSPi ongelman muodostumista.<\/p>\n","protected":false},"featured_media":708,"template":"","meta":[],"product_brand":[],"product_cat":[17],"product_tag":[],"class_list":{"0":"post-1223","1":"product","2":"type-product","3":"status-publish","4":"has-post-thumbnail","6":"product_cat-moottorioljyt-kevyt-kalusto","8":"first","9":"instock","10":"taxable","11":"shipping-taxable","12":"purchasable","13":"product-type-simple"},"_links":{"self":[{"href":"https:\/\/www.lotky.fi\/kauppa\/wp-json\/wp\/v2\/product\/1223","targetHints":{"allow":["GET"]}}],"collection":[{"href":"https:\/\/www.lotky.fi\/kauppa\/wp-json\/wp\/v2\/product"}],"about":[{"href":"https:\/\/www.lotky.fi\/kauppa\/wp-json\/wp\/v2\/types\/product"}],"wp:featuredmedia":[{"embeddable":true,"href":"https:\/\/www.lotky.fi\/kauppa\/wp-json\/wp\/v2\/media\/708"}],"wp:attachment":[{"href":"https:\/\/www.lotky.fi\/kauppa\/wp-json\/wp\/v2\/media?parent=1223"}],"wp:term":[{"taxonomy":"product_brand","embeddable":true,"href":"https:\/\/www.lotky.fi\/kauppa\/wp-json\/wp\/v2\/product_brand?post=1223"},{"taxonomy":"product_cat","embeddable":true,"href":"https:\/\/www.lotky.fi\/kauppa\/wp-json\/wp\/v2\/product_cat?post=1223"},{"taxonomy":"product_tag","embeddable":true,"href":"https:\/\/www.lotky.fi\/kauppa\/wp-json\/wp\/v2\/product_tag?post=1223"}],"curies":[{"name":"wp","href":"https:\/\/api.w.org\/{rel}","templated":true}]}}