{"id":1222,"date":"2019-01-21T10:38:38","date_gmt":"2019-01-21T08:38:38","guid":{"rendered":"https:\/\/www.lotky.fi\/kauppa\/?post_type=product&#038;p=1222"},"modified":"2024-09-02T15:15:47","modified_gmt":"2024-09-02T12:15:47","slug":"gulf-formula-gvx-5w-30-1000-l","status":"publish","type":"product","link":"https:\/\/www.lotky.fi\/kauppa\/tuote\/gulf-formula-gvx-5w-30-1000-l\/","title":{"rendered":"Gulf Formula GVX 5W-30, 1000 L"},"content":{"rendered":"<p>GULF FORMULA GVX 5w-30 on synteettinen, v\u00e4h\u00e4p\u00e4\u00e4st\u00f6inen ns. &#8221;mid SAPS&#8221; moottori\u00f6ljy on kehitetty erityisesti VW:n moottoreille jotka k\u00e4ytt\u00e4v\u00e4t v\u00e4h\u00e4rikkist\u00e4 polttoainetta. Matala tuhkapitoisuus pident\u00e4\u00e4 hiukkassuodattimen (DPF) ik\u00e4\u00e4. Sopii bensiini-, ja dieselmoottoreihin jotka ovat varustettu pakokaasujen j\u00e4lkik\u00e4sittelylaitteistolla (KAT\/DPF). <strong>Tehdastilaustuote, toimitusaika 2-4 viikkoa. Tehdastilaustuotteilla ei palautusoikeutta.<br \/>\n<\/strong><\/p>\n<p>Hyv\u00e4ksytty:<br \/>\nSAE: 5w-30<br \/>\nVW 504.00\/507.00<br \/>\nMB-approval 229.51<br \/>\nBMW LL-04<br \/>\nPorsche C30<\/p>\n<p>Ylitt\u00e4\u00e4 vaatimukset:<br \/>\nACEA A3\/B4, C3<\/p>\n","protected":false},"excerpt":{"rendered":"<p>GULF FORMULA GVX 5W-30 on synteettinen, v\u00e4h\u00e4p\u00e4\u00e4st\u00f6inen ns. &#8221;mid SAPS&#8221; moottori\u00f6ljy on kehitetty erityisesti VW:n moottoreille jotka k\u00e4ytt\u00e4v\u00e4t v\u00e4h\u00e4rikkist\u00e4 polttoainetta. Matala tuhkapitoisuus pident\u00e4\u00e4 hiukkassuodattimen (DPF) ik\u00e4\u00e4. Sopii bensiini-, ja dieselmoottoreihin jotka ovat varustettu pakokaasujen j\u00e4lkik\u00e4sittelylaitteistolla (KAT\/DPF). Tehdastilaustuote, toimitusaika 2-4 viikkoa. Tehdastilaustuotteilla ei palautusoikeutta.<\/p>\n","protected":false},"featured_media":432,"template":"","meta":[],"product_brand":[],"product_cat":[17],"product_tag":[89,127],"class_list":{"0":"post-1222","1":"product","2":"type-product","3":"status-publish","4":"has-post-thumbnail","6":"product_cat-moottorioljyt-kevyt-kalusto","7":"product_tag-longlife","8":"product_tag-mb-229-51","10":"first","11":"instock","12":"taxable","13":"shipping-taxable","14":"purchasable","15":"product-type-simple"},"_links":{"self":[{"href":"https:\/\/www.lotky.fi\/kauppa\/wp-json\/wp\/v2\/product\/1222","targetHints":{"allow":["GET"]}}],"collection":[{"href":"https:\/\/www.lotky.fi\/kauppa\/wp-json\/wp\/v2\/product"}],"about":[{"href":"https:\/\/www.lotky.fi\/kauppa\/wp-json\/wp\/v2\/types\/product"}],"wp:featuredmedia":[{"embeddable":true,"href":"https:\/\/www.lotky.fi\/kauppa\/wp-json\/wp\/v2\/media\/432"}],"wp:attachment":[{"href":"https:\/\/www.lotky.fi\/kauppa\/wp-json\/wp\/v2\/media?parent=1222"}],"wp:term":[{"taxonomy":"product_brand","embeddable":true,"href":"https:\/\/www.lotky.fi\/kauppa\/wp-json\/wp\/v2\/product_brand?post=1222"},{"taxonomy":"product_cat","embeddable":true,"href":"https:\/\/www.lotky.fi\/kauppa\/wp-json\/wp\/v2\/product_cat?post=1222"},{"taxonomy":"product_tag","embeddable":true,"href":"https:\/\/www.lotky.fi\/kauppa\/wp-json\/wp\/v2\/product_tag?post=1222"}],"curies":[{"name":"wp","href":"https:\/\/api.w.org\/{rel}","templated":true}]}}