{"id":122,"date":"2016-05-11T15:59:33","date_gmt":"2016-05-11T12:59:33","guid":{"rendered":"http:\/\/www.lotky.fi\/kauppa\/?post_type=product&#038;p=122"},"modified":"2026-03-31T10:33:46","modified_gmt":"2026-03-31T07:33:46","slug":"neste-hydrauli-arctic-15-200l","status":"publish","type":"product","link":"https:\/\/www.lotky.fi\/kauppa\/tuote\/neste-hydrauli-arctic-15-200l\/","title":{"rendered":"Neste Hydraulic Arctic  15, 200L"},"content":{"rendered":"<p>Neste Hydraulic Arctic 15 on erityisesti arktisiin olosuhteisiin kehitetty erikoishydrauli\u00f6ljy, jolla on poikkeuksellisen korkea viskositeetti-indeksi, mik\u00e4 mahdollistaa hydraulij\u00e4rjestelm\u00e4n k\u00e4yt\u00f6n eritt\u00e4in laajalla l\u00e4mp\u00f6tila-alueella. Tyypillisi\u00e4 k\u00e4ytt\u00f6kohteita Neste Hydraulic Arctic-sarjan tuotteille ovat esimerkiksi per\u00e4lautanosturit, j\u00e4teautojen hydrauliikka ja laivojen kansihydrauliikka.<\/p>\n<p>Neste Hydraulic Arctic on oikea valinta erityisesti silloin kun hydraulij\u00e4rjestelm\u00e4\u00e4 k\u00e4ytet\u00e4\u00e4n vain ajoittain ja \u00f6ljyn l\u00e4mp\u00f6tila k\u00e4ynnistett\u00e4ess\u00e4 on hyvin alhainen. Neste Hydraulic 15 Arctic on eritt\u00e4in hyvin pakkasta kest\u00e4v\u00e4 laatu, jonka poikkeuksellisen hyv\u00e4 kylm\u00e4juoksevuus takaa h\u00e4iri\u00f6tt\u00f6m\u00e4n toiminnan jopa -40 \u00b0C pakkasilla. Neste Hydraulic 15 Arctic takaa turvallisen kylm\u00e4k\u00e4ynnistyksen ilman erillist\u00e4 l\u00e4mmityst\u00e4 kaikkein kovimmillakin pakkasilla.<\/p>\n<p>Luokitukset:<\/p>\n<p>ISO 11158 HV<br \/>\nDIN 51524 part 3 HVLP<br \/>\nAFNOR NFE 48-690\/1<br \/>\nAFNOR NFE 48-603<\/p>\n","protected":false},"excerpt":{"rendered":"<p>Neste Hydraulic Arctic 15 on erityisesti arktisiin olosuhteisiin kehitetty erikoishydrauli\u00f6ljy, jolla on poikkeuksellisen korkea viskositeetti-indeksi, mik\u00e4 mahdollistaa hydraulij\u00e4rjestelm\u00e4n k\u00e4yt\u00f6n eritt\u00e4in laajalla l\u00e4mp\u00f6tila-alueella. Tyypillisi\u00e4 k\u00e4ytt\u00f6kohteita Neste Hydraulic Arctic-sarjan tuotteille ovat esimerkiksi per\u00e4lautanosturit, j\u00e4teautojen hydrauliikka ja laivojen kansihydrauliikka.<\/p>\n","protected":false},"featured_media":1598,"template":"","meta":[],"product_brand":[],"product_cat":[6],"product_tag":[],"class_list":{"0":"post-122","1":"product","2":"type-product","3":"status-publish","4":"has-post-thumbnail","6":"product_cat-hydrauliikkaoljyt","8":"first","9":"instock","10":"taxable","11":"shipping-taxable","12":"purchasable","13":"product-type-simple"},"_links":{"self":[{"href":"https:\/\/www.lotky.fi\/kauppa\/wp-json\/wp\/v2\/product\/122","targetHints":{"allow":["GET"]}}],"collection":[{"href":"https:\/\/www.lotky.fi\/kauppa\/wp-json\/wp\/v2\/product"}],"about":[{"href":"https:\/\/www.lotky.fi\/kauppa\/wp-json\/wp\/v2\/types\/product"}],"wp:featuredmedia":[{"embeddable":true,"href":"https:\/\/www.lotky.fi\/kauppa\/wp-json\/wp\/v2\/media\/1598"}],"wp:attachment":[{"href":"https:\/\/www.lotky.fi\/kauppa\/wp-json\/wp\/v2\/media?parent=122"}],"wp:term":[{"taxonomy":"product_brand","embeddable":true,"href":"https:\/\/www.lotky.fi\/kauppa\/wp-json\/wp\/v2\/product_brand?post=122"},{"taxonomy":"product_cat","embeddable":true,"href":"https:\/\/www.lotky.fi\/kauppa\/wp-json\/wp\/v2\/product_cat?post=122"},{"taxonomy":"product_tag","embeddable":true,"href":"https:\/\/www.lotky.fi\/kauppa\/wp-json\/wp\/v2\/product_tag?post=122"}],"curies":[{"name":"wp","href":"https:\/\/api.w.org\/{rel}","templated":true}]}}