{"id":1219,"date":"2019-01-21T10:21:39","date_gmt":"2019-01-21T08:21:39","guid":{"rendered":"https:\/\/www.lotky.fi\/kauppa\/?post_type=product&#038;p=1219"},"modified":"2024-09-02T15:15:48","modified_gmt":"2024-09-02T12:15:48","slug":"gulf-formula-efe-5w-20-200-l","status":"publish","type":"product","link":"https:\/\/www.lotky.fi\/kauppa\/tuote\/gulf-formula-efe-5w-20-200-l\/","title":{"rendered":"Gulf Formula EFE 5W-20, 200 L"},"content":{"rendered":"<p>GULF FORMULA EFE 5w-20 on korkealuokkainen polttoainetta s\u00e4\u00e4st\u00e4v\u00e4 synteettinen moottori\u00f6ljy, joka on kehitetty erityisesti Ford EcoBoost moottoreihin jotka vaativat WSS-M2C-948-B luokan voitelu\u00f6ljy\u00e4. Voiteluaine on my\u00f6s yhteensopiva ja suositeltu kaikkiin Ford bensiinimoottoreihin, jotka t\u00e4ll\u00e4 hetkell\u00e4 vaativat WSS-M2C913-B, WSS-M2C913-C tai WSS-M2C925-B luokan \u00f6ljy\u00e4.<\/p>\n<p>SAE 5w-20<br \/>\nT\u00e4ytt\u00e4\u00e4 vaatimukset: ACEA C5<br \/>\nHyv\u00e4ksytty: Ford WSS-M2C948-B<\/p>\n","protected":false},"excerpt":{"rendered":"<p>GULF FORMULA EFE 5w-20 on korkealuokkainen polttoainetta s\u00e4\u00e4st\u00e4v\u00e4 synteettinen moottori\u00f6ljy, joka on kehitetty erityisesti Ford EcoBoost moottoreihin jotka vaativat WSS-M2C-948-B luokan voitelu\u00f6ljy\u00e4. Voiteluaine on my\u00f6s yhteensopiva ja suositeltu kaikkiin Ford bensiinimoottoreihin, jotka t\u00e4ll\u00e4 hetkell\u00e4 vaativat WSS-M2C913-B, WSS-M2C913-C tai WSS-M2C925-B luokan \u00f6ljy\u00e4. SAE 5w-20 T\u00e4ytt\u00e4\u00e4 vaatimukset: ACEA C5 Hyv\u00e4ksytty: Ford WSS-M2C948-B<\/p>\n","protected":false},"featured_media":708,"template":"","meta":[],"product_brand":[],"product_cat":[17],"product_tag":[137,138,78],"class_list":{"0":"post-1219","1":"product","2":"type-product","3":"status-publish","4":"has-post-thumbnail","6":"product_cat-moottorioljyt-kevyt-kalusto","7":"product_tag-acea-c5","8":"product_tag-ecoboost","9":"product_tag-ford","11":"first","12":"instock","13":"taxable","14":"shipping-taxable","15":"purchasable","16":"product-type-simple"},"_links":{"self":[{"href":"https:\/\/www.lotky.fi\/kauppa\/wp-json\/wp\/v2\/product\/1219","targetHints":{"allow":["GET"]}}],"collection":[{"href":"https:\/\/www.lotky.fi\/kauppa\/wp-json\/wp\/v2\/product"}],"about":[{"href":"https:\/\/www.lotky.fi\/kauppa\/wp-json\/wp\/v2\/types\/product"}],"wp:featuredmedia":[{"embeddable":true,"href":"https:\/\/www.lotky.fi\/kauppa\/wp-json\/wp\/v2\/media\/708"}],"wp:attachment":[{"href":"https:\/\/www.lotky.fi\/kauppa\/wp-json\/wp\/v2\/media?parent=1219"}],"wp:term":[{"taxonomy":"product_brand","embeddable":true,"href":"https:\/\/www.lotky.fi\/kauppa\/wp-json\/wp\/v2\/product_brand?post=1219"},{"taxonomy":"product_cat","embeddable":true,"href":"https:\/\/www.lotky.fi\/kauppa\/wp-json\/wp\/v2\/product_cat?post=1219"},{"taxonomy":"product_tag","embeddable":true,"href":"https:\/\/www.lotky.fi\/kauppa\/wp-json\/wp\/v2\/product_tag?post=1219"}],"curies":[{"name":"wp","href":"https:\/\/api.w.org\/{rel}","templated":true}]}}