{"id":121,"date":"2016-05-11T15:47:24","date_gmt":"2016-05-11T12:47:24","guid":{"rendered":"http:\/\/www.lotky.fi\/kauppa\/?post_type=product&#038;p=121"},"modified":"2026-03-31T10:33:54","modified_gmt":"2026-03-31T07:33:54","slug":"neste-hydrauli-arctic-28-200l","status":"publish","type":"product","link":"https:\/\/www.lotky.fi\/kauppa\/tuote\/neste-hydrauli-arctic-28-200l\/","title":{"rendered":"Neste Hydraulic Arctic 28, 200L"},"content":{"rendered":"<p>Neste Hydraulic Arctic 28 on erityisesti arktisiin olosuhteisiin kehitetty erikoishydrauli\u00f6ljy, jolla on poikkeuksellisen korkea viskositeetti-indeksi, mik\u00e4 mahdollistaa hydraulij\u00e4rjestelm\u00e4n k\u00e4yt\u00f6n eritt\u00e4in laajalla l\u00e4mp\u00f6tila-alueella. Neste Hydraulic 28 Arctic on poikkeuksellisen laajalla k\u00e4ytt\u00f6l\u00e4mp\u00f6tila-alueella toimiva kaikkiin olosuhteisiin sopiva hydrauli\u00f6ljy. Tyypillisi\u00e4 k\u00e4ytt\u00f6kohteita Neste Hydraulic Arctic-sarjan tuotteille ovat esimerkiksi per\u00e4lautanosturit, j\u00e4teautojen hydrauliikka ja laivojen kansihydrauliikka.<\/p>\n<p>Luokitukset: ISO VG 28<\/p>\n<p>AFNOR NFE 48-690\/1<br \/>\nAFNOR NFE 48-603<\/p>\n<p>&nbsp;<\/p>\n","protected":false},"excerpt":{"rendered":"<p>Neste Hydraulic Arctic 28 on erityisesti arktisiin olosuhteisiin kehitetty erikoishydrauli\u00f6ljy, jolla on poikkeuksellisen korkea viskositeetti-indeksi, mik\u00e4 mahdollistaa hydraulij\u00e4rjestelm\u00e4n k\u00e4yt\u00f6n eritt\u00e4in laajalla l\u00e4mp\u00f6tila-alueella. Neste Hydraulic 28 Arctic on poikkeuksellisen laajalla k\u00e4ytt\u00f6l\u00e4mp\u00f6tila-alueella toimiva kaikkiin olosuhteisiin sopiva hydrauli\u00f6ljy. Tyypillisi\u00e4 k\u00e4ytt\u00f6kohteita Neste Hydraulic Arctic-sarjan tuotteille ovat esimerkiksi per\u00e4lautanosturit, j\u00e4teautojen hydrauliikka ja laivojen kansihydrauliikka.<\/p>\n","protected":false},"featured_media":1598,"template":"","meta":[],"product_brand":[],"product_cat":[6],"product_tag":[],"class_list":{"0":"post-121","1":"product","2":"type-product","3":"status-publish","4":"has-post-thumbnail","6":"product_cat-hydrauliikkaoljyt","8":"first","9":"instock","10":"taxable","11":"shipping-taxable","12":"purchasable","13":"product-type-simple"},"_links":{"self":[{"href":"https:\/\/www.lotky.fi\/kauppa\/wp-json\/wp\/v2\/product\/121","targetHints":{"allow":["GET"]}}],"collection":[{"href":"https:\/\/www.lotky.fi\/kauppa\/wp-json\/wp\/v2\/product"}],"about":[{"href":"https:\/\/www.lotky.fi\/kauppa\/wp-json\/wp\/v2\/types\/product"}],"wp:featuredmedia":[{"embeddable":true,"href":"https:\/\/www.lotky.fi\/kauppa\/wp-json\/wp\/v2\/media\/1598"}],"wp:attachment":[{"href":"https:\/\/www.lotky.fi\/kauppa\/wp-json\/wp\/v2\/media?parent=121"}],"wp:term":[{"taxonomy":"product_brand","embeddable":true,"href":"https:\/\/www.lotky.fi\/kauppa\/wp-json\/wp\/v2\/product_brand?post=121"},{"taxonomy":"product_cat","embeddable":true,"href":"https:\/\/www.lotky.fi\/kauppa\/wp-json\/wp\/v2\/product_cat?post=121"},{"taxonomy":"product_tag","embeddable":true,"href":"https:\/\/www.lotky.fi\/kauppa\/wp-json\/wp\/v2\/product_tag?post=121"}],"curies":[{"name":"wp","href":"https:\/\/api.w.org\/{rel}","templated":true}]}}