{"id":117,"date":"2016-05-11T15:02:03","date_gmt":"2016-05-11T12:02:03","guid":{"rendered":"http:\/\/www.lotky.fi\/kauppa\/?post_type=product&#038;p=117"},"modified":"2026-03-31T10:34:03","modified_gmt":"2026-03-31T07:34:03","slug":"neste-atf-x-200l","status":"publish","type":"product","link":"https:\/\/www.lotky.fi\/kauppa\/tuote\/neste-atf-x-200l\/","title":{"rendered":"Neste ATF-X, 200L"},"content":{"rendered":"<p>Neste ATF-X on herkk\u00e4juoksuinen, synteettinen, erinomaisesti pakkasta kest\u00e4v\u00e4 automaattivaihteisto\u00f6ljy. Se antaa automaattivaihteistojen vaihteensiirtoelimille oikean kitkan ja toimii laajalla l\u00e4mp\u00f6tila-alueella. Neste ATF-X \u00f6ljy\u00e4 k\u00e4ytet\u00e4\u00e4n automaattivaihteistoissa, nestekytkimiss\u00e4, momentinmuuntimissa ja ohjaustehostimissa sek\u00e4 k\u00e4sivalintaisissa vaihteistoissa joihin suositellaan t\u00e4m\u00e4n tyyppist\u00e4 automaattivaihteisto\u00f6ljy\u00e4. Se sopii General Motorsin ajoneuvoihin sek\u00e4 \u00f6ljynvaihtoon niihin Fordin malleihin, joiden vaihteiston t\u00e4ytt\u00f6tulppa ja mittatikku on merkitty punaisella v\u00e4rill\u00e4, ja jotka ovat vm. -81 tai uudempia. Muihin Fordeihin sit\u00e4 voi k\u00e4ytt\u00e4\u00e4 lis\u00e4yksiin.<\/p>\n<p>Luokitukset:<\/p>\n<p>GM Dexron III G<br \/>\nGM Tyyppi A Suffix A<br \/>\nAllison C-3 ja C-4<br \/>\nFord M2C 138-CJ, Ford M2C 166-H, Ford Mercon<br \/>\nVoith DIWA<\/p>\n","protected":false},"excerpt":{"rendered":"<p>Neste ATF-X \u00f6ljy\u00e4 k\u00e4ytet\u00e4\u00e4n automaattivaihteistoissa, nestekytkimiss\u00e4, momentinmuuntimissa ja ohjaustehostimissa sek\u00e4 k\u00e4sivalintaisissa vaihteistoissa joihin suositellaan t\u00e4m\u00e4n tyyppist\u00e4 automaattivaihteisto\u00f6ljy\u00e4.<\/p>\n","protected":false},"featured_media":1598,"template":"","meta":[],"product_brand":[],"product_cat":[25],"product_tag":[],"class_list":{"0":"post-117","1":"product","2":"type-product","3":"status-publish","4":"has-post-thumbnail","6":"product_cat-automaattivaihteistooljyt","8":"first","9":"instock","10":"taxable","11":"shipping-taxable","12":"purchasable","13":"product-type-simple"},"_links":{"self":[{"href":"https:\/\/www.lotky.fi\/kauppa\/wp-json\/wp\/v2\/product\/117","targetHints":{"allow":["GET"]}}],"collection":[{"href":"https:\/\/www.lotky.fi\/kauppa\/wp-json\/wp\/v2\/product"}],"about":[{"href":"https:\/\/www.lotky.fi\/kauppa\/wp-json\/wp\/v2\/types\/product"}],"wp:featuredmedia":[{"embeddable":true,"href":"https:\/\/www.lotky.fi\/kauppa\/wp-json\/wp\/v2\/media\/1598"}],"wp:attachment":[{"href":"https:\/\/www.lotky.fi\/kauppa\/wp-json\/wp\/v2\/media?parent=117"}],"wp:term":[{"taxonomy":"product_brand","embeddable":true,"href":"https:\/\/www.lotky.fi\/kauppa\/wp-json\/wp\/v2\/product_brand?post=117"},{"taxonomy":"product_cat","embeddable":true,"href":"https:\/\/www.lotky.fi\/kauppa\/wp-json\/wp\/v2\/product_cat?post=117"},{"taxonomy":"product_tag","embeddable":true,"href":"https:\/\/www.lotky.fi\/kauppa\/wp-json\/wp\/v2\/product_tag?post=117"}],"curies":[{"name":"wp","href":"https:\/\/api.w.org\/{rel}","templated":true}]}}