{"id":115,"date":"2016-05-11T14:35:38","date_gmt":"2016-05-11T11:35:38","guid":{"rendered":"http:\/\/www.lotky.fi\/kauppa\/?post_type=product&#038;p=115"},"modified":"2026-03-31T10:35:49","modified_gmt":"2026-03-31T07:35:49","slug":"neste-hypoidi-mp-80w-90","status":"publish","type":"product","link":"https:\/\/www.lotky.fi\/kauppa\/tuote\/neste-hypoidi-mp-80w-90\/","title":{"rendered":"Neste Axle 80W-90, 200L"},"content":{"rendered":"<p>Neste Axle 80W-90 on huippupainelis\u00e4aineistettu yleisvaihteisto\u00f6ljy. Se on valmistettu liuotinjalostetuista parafiinisista tai nafteenisista perus\u00f6ljyist\u00e4. \u00d6ljy sis\u00e4lt\u00e4\u00e4 tehokkaita hapettumisenesto-, vaahtoamisenesto-, paineenkesto- ja voitelukalvoa vahvistavia lis\u00e4aineita. Neste Axle 80W-90 -\u00f6ljy\u00e4 suositellaan veto- ja tasauspy\u00f6r\u00e4st\u00f6ihin sek\u00e4 vaihdelaatikoihin ymp\u00e4rivuotiseen k\u00e4ytt\u00f6\u00f6n. Erityisesti se sopii hypoidivetopy\u00f6r\u00e4st\u00f6ihin ja sellaisiin v\u00e4lityksiin henkil\u00f6- ja kuorma-autoissa ja muissa liikennev\u00e4lineiss\u00e4, joissa vaaditaan \u00f6ljylt\u00e4 paineenkesto-ominaisuuksia.<\/p>\n<p>Neste Axle 80W-90 sopii my\u00f6s useimpiin \u00f6ljyvoideltuihin potkurivaihteisiin. \u00d6ljynvaihdon yhteydess\u00e4 on syyt\u00e4 tarkkailla, onko vaihteeseen p\u00e4\u00e4ssyt vett\u00e4 ja tarvittaessa uusia tiivisteet (vesi n\u00e4kyy \u00f6ljyn harmaana v\u00e4rin\u00e4 ja sameutena).<\/p>\n<p><strong>Entinen nimi: Neste Hypoidi MP 80W-90 (GL-5)<\/strong><\/p>\n<p>Luokitukset:<\/p>\n<p>SAE 80W-90<br \/>\nAPI GL-5<br \/>\nZF TE-ML 07A, 08, 24A<\/p>\n","protected":false},"excerpt":{"rendered":"<p>Neste Axle 80W-90 on huippupainelis\u00e4aineistettu yleisvaihteisto\u00f6ljy. Se on valmistettu liuotinjalostetuista parafiinisista tai nafteenisista perus\u00f6ljyist\u00e4. \u00d6ljy sis\u00e4lt\u00e4\u00e4 tehokkaita hapettumisenesto-, vaahtoamisenesto-, paineenkesto- ja voitelukalvoa vahvistavia lis\u00e4aineita. Neste Axle 80W-90 -\u00f6ljy\u00e4 suositellaan veto- ja tasauspy\u00f6r\u00e4st\u00f6ihin sek\u00e4 vaihdelaatikoihin ymp\u00e4rivuotiseen k\u00e4ytt\u00f6\u00f6n. Erityisesti se sopii hypoidivetopy\u00f6r\u00e4st\u00f6ihin ja sellaisiin v\u00e4lityksiin henkil\u00f6- ja kuorma-autoissa ja muissa liikennev\u00e4lineiss\u00e4, joissa vaaditaan \u00f6ljylt\u00e4 paineenkesto-ominaisuuksia. Entinen nimi: [&hellip;]<\/p>\n","protected":false},"featured_media":1598,"template":"","meta":[],"product_brand":[],"product_cat":[24],"product_tag":[],"class_list":{"0":"post-115","1":"product","2":"type-product","3":"status-publish","4":"has-post-thumbnail","6":"product_cat-vaihteistooljyt","8":"first","9":"instock","10":"taxable","11":"shipping-taxable","12":"purchasable","13":"product-type-simple"},"_links":{"self":[{"href":"https:\/\/www.lotky.fi\/kauppa\/wp-json\/wp\/v2\/product\/115","targetHints":{"allow":["GET"]}}],"collection":[{"href":"https:\/\/www.lotky.fi\/kauppa\/wp-json\/wp\/v2\/product"}],"about":[{"href":"https:\/\/www.lotky.fi\/kauppa\/wp-json\/wp\/v2\/types\/product"}],"wp:featuredmedia":[{"embeddable":true,"href":"https:\/\/www.lotky.fi\/kauppa\/wp-json\/wp\/v2\/media\/1598"}],"wp:attachment":[{"href":"https:\/\/www.lotky.fi\/kauppa\/wp-json\/wp\/v2\/media?parent=115"}],"wp:term":[{"taxonomy":"product_brand","embeddable":true,"href":"https:\/\/www.lotky.fi\/kauppa\/wp-json\/wp\/v2\/product_brand?post=115"},{"taxonomy":"product_cat","embeddable":true,"href":"https:\/\/www.lotky.fi\/kauppa\/wp-json\/wp\/v2\/product_cat?post=115"},{"taxonomy":"product_tag","embeddable":true,"href":"https:\/\/www.lotky.fi\/kauppa\/wp-json\/wp\/v2\/product_tag?post=115"}],"curies":[{"name":"wp","href":"https:\/\/api.w.org\/{rel}","templated":true}]}}