{"id":1144,"date":"2018-09-11T12:37:46","date_gmt":"2018-09-11T09:37:46","guid":{"rendered":"https:\/\/www.lotky.fi\/kauppa\/?post_type=product&#038;p=1144"},"modified":"2026-04-02T14:33:07","modified_gmt":"2026-04-02T11:33:07","slug":"valvoline-heavy-duty-tdl-pro-75w-90-60-l-toimitettuna","status":"publish","type":"product","link":"https:\/\/www.lotky.fi\/kauppa\/tuote\/valvoline-heavy-duty-tdl-pro-75w-90-60-l-toimitettuna\/","title":{"rendered":"Valvoline DT Transmission 10W, 208 L"},"content":{"rendered":"<p>Valvoline DT Transmission 10W on korkealaatuisista mineraali\u00f6ljyist\u00e4 valmistettu raskaan kaluston, maansiirtokoneiden powershift- vaihteistoihin ja voimansiirtoon kehitetty voiteluaine, kun edellytet\u00e4\u00e4n Caterpillar TO-4 tai Allison C-4 vaatimukset t\u00e4ytt\u00e4v\u00e4\u00e4 \u00f6ljy\u00e4. Korkealaatuinen perus\u00f6ljy ja tasapainoinen lis\u00e4aineistus t\u00e4ytt\u00e4v\u00e4t voiteluvaatimukset ankarissa olosuhteissa ja kaikkein moderneimmalle kalustolle. Vain voimansiirtoon ja vaihteistoon, ei voi k\u00e4ytt\u00e4\u00e4 moottori\u00f6ljyn\u00e4. Sopii Caterpillarin maansiirtokoneisiin, joissa \u00f6ljykylpyjarrut. Erinomainen paineensietokyky, laadukas ja luotettava kulumis- ja korroosiosuoja.<\/p>\n<p>Luokitukset:<br \/>\nSAE 10W (mineraali)<\/p>\n<p>Suorituskyky:<br \/>\nCaterpillar TO-4, TO-2<br \/>\nAllison C-4<br \/>\nZF TE-ML 03C, 07F<br \/>\nKomatsu KES 07.868.1<br \/>\nEaton Fuller*, Dana*, Euclid* (*kun TO-4)<br \/>\nAPI CF, MT-1<\/p>\n","protected":false},"excerpt":{"rendered":"<p>Valvoline DT Transmission 10W on korkealaatuisista mineraali\u00f6ljyist\u00e4 valmistettu raskaan kaluston, maansiirtokoneiden powershift- vaihteistoihin ja voimansiirtoon kehitetty voiteluaine, kun edellytet\u00e4\u00e4n Caterpillar TO-4 tai Allison C-4 vaatimukset t\u00e4ytt\u00e4v\u00e4\u00e4 \u00f6ljy\u00e4. Korkealaatuinen perus\u00f6ljy ja tasapainoinen lis\u00e4aineistus t\u00e4ytt\u00e4v\u00e4t voiteluvaatimukset ankarissa olosuhteissa ja kaikkein moderneimmalle kalustolle. Vain voimansiirtoon ja vaihteistoon, ei voi k\u00e4ytt\u00e4\u00e4 moottori\u00f6ljyn\u00e4. Sopii Caterpillarin maansiirtokoneisiin, joissa \u00f6ljykylpyjarrut. Erinomainen paineensietokyky, [&hellip;]<\/p>\n","protected":false},"featured_media":654,"template":"","meta":[],"product_brand":[],"product_cat":[24],"product_tag":[],"class_list":{"0":"post-1144","1":"product","2":"type-product","3":"status-publish","4":"has-post-thumbnail","6":"product_cat-vaihteistooljyt","8":"first","9":"instock","10":"taxable","11":"shipping-taxable","12":"purchasable","13":"product-type-simple"},"_links":{"self":[{"href":"https:\/\/www.lotky.fi\/kauppa\/wp-json\/wp\/v2\/product\/1144","targetHints":{"allow":["GET"]}}],"collection":[{"href":"https:\/\/www.lotky.fi\/kauppa\/wp-json\/wp\/v2\/product"}],"about":[{"href":"https:\/\/www.lotky.fi\/kauppa\/wp-json\/wp\/v2\/types\/product"}],"wp:featuredmedia":[{"embeddable":true,"href":"https:\/\/www.lotky.fi\/kauppa\/wp-json\/wp\/v2\/media\/654"}],"wp:attachment":[{"href":"https:\/\/www.lotky.fi\/kauppa\/wp-json\/wp\/v2\/media?parent=1144"}],"wp:term":[{"taxonomy":"product_brand","embeddable":true,"href":"https:\/\/www.lotky.fi\/kauppa\/wp-json\/wp\/v2\/product_brand?post=1144"},{"taxonomy":"product_cat","embeddable":true,"href":"https:\/\/www.lotky.fi\/kauppa\/wp-json\/wp\/v2\/product_cat?post=1144"},{"taxonomy":"product_tag","embeddable":true,"href":"https:\/\/www.lotky.fi\/kauppa\/wp-json\/wp\/v2\/product_tag?post=1144"}],"curies":[{"name":"wp","href":"https:\/\/api.w.org\/{rel}","templated":true}]}}