{"id":114,"date":"2016-05-11T14:28:53","date_gmt":"2016-05-11T11:28:53","guid":{"rendered":"http:\/\/www.lotky.fi\/kauppa\/?post_type=product&#038;p=114"},"modified":"2026-03-31T10:36:22","modified_gmt":"2026-03-31T07:36:22","slug":"neste-gear-ep-80w-90-200l","status":"publish","type":"product","link":"https:\/\/www.lotky.fi\/kauppa\/tuote\/neste-gear-ep-80w-90-200l\/","title":{"rendered":"Neste Gear GL-4 80W-90, 200L"},"content":{"rendered":"<p>Neste Gear GL-4 80W-90 on liuotinjalostetuista parafiinisista perus\u00f6ljyist\u00e4 valmistettu vaihteisto\u00f6ljy, jossa on API GL-4 -tasoinen kulumisen- ja paineenkestolis\u00e4aineistus, sek\u00e4 vaahdon,\u00a0 hapettumisen ja korroosionestoaineet. Neste Gear GL-4 80W-90 sopii useimpiin k\u00e4sivalintaisiin vaihdelaatikoihin.Erityisesti niit\u00e4 suositellaan kuorma- ja linja-autoissa oleviin ZF-vaihteisiin, sek\u00e4 useimpien etuvetoisten henkil\u00f6autojen vaihteistoihin. API GL-4 -tason lis\u00e4aineistusantaa tehokkaan kulumissuojan, mutta ei haittaa n\u00e4iden vaihteidensynkronimekanismien toimintaa.<\/p>\n<p><strong>SUORITUSKYKYLUOKITUKSET<\/strong><br \/>\nSAE 80W-90<br \/>\nAPI GL-4<br \/>\nNSN 9150-58-001-9610<\/p>\n<p>&nbsp;<\/p>\n","protected":false},"excerpt":{"rendered":"<p>Neste Gear GL-4 80W-90 on liuotinjalostetuista parafiinisista perus\u00f6ljyist\u00e4 valmistettu vaihteisto\u00f6ljy, jossa on API GL-4 -tasoinen kulumisen- ja paineenkestolis\u00e4aineistus, sek\u00e4 vaahdon,\u00a0 hapettumisen ja korroosionestoaineet. Neste Gear GL-4 80W-90 sopii useimpiin k\u00e4sivalintaisiin vaihdelaatikoihin.Erityisesti niit\u00e4 suositellaan kuorma- ja linja-autoissa oleviin ZF-vaihteisiin, sek\u00e4 useimpien etuvetoisten henkil\u00f6autojen vaihteistoihin. API GL-4 -tason lis\u00e4aineistusantaa tehokkaan kulumissuojan, mutta ei haittaa n\u00e4iden vaihteidensynkronimekanismien toimintaa.<\/p>\n","protected":false},"featured_media":1598,"template":"","meta":[],"product_brand":[],"product_cat":[24],"product_tag":[],"class_list":{"0":"post-114","1":"product","2":"type-product","3":"status-publish","4":"has-post-thumbnail","6":"product_cat-vaihteistooljyt","8":"first","9":"instock","10":"taxable","11":"shipping-taxable","12":"purchasable","13":"product-type-simple"},"_links":{"self":[{"href":"https:\/\/www.lotky.fi\/kauppa\/wp-json\/wp\/v2\/product\/114","targetHints":{"allow":["GET"]}}],"collection":[{"href":"https:\/\/www.lotky.fi\/kauppa\/wp-json\/wp\/v2\/product"}],"about":[{"href":"https:\/\/www.lotky.fi\/kauppa\/wp-json\/wp\/v2\/types\/product"}],"wp:featuredmedia":[{"embeddable":true,"href":"https:\/\/www.lotky.fi\/kauppa\/wp-json\/wp\/v2\/media\/1598"}],"wp:attachment":[{"href":"https:\/\/www.lotky.fi\/kauppa\/wp-json\/wp\/v2\/media?parent=114"}],"wp:term":[{"taxonomy":"product_brand","embeddable":true,"href":"https:\/\/www.lotky.fi\/kauppa\/wp-json\/wp\/v2\/product_brand?post=114"},{"taxonomy":"product_cat","embeddable":true,"href":"https:\/\/www.lotky.fi\/kauppa\/wp-json\/wp\/v2\/product_cat?post=114"},{"taxonomy":"product_tag","embeddable":true,"href":"https:\/\/www.lotky.fi\/kauppa\/wp-json\/wp\/v2\/product_tag?post=114"}],"curies":[{"name":"wp","href":"https:\/\/api.w.org\/{rel}","templated":true}]}}