{"id":113,"date":"2016-05-11T14:00:48","date_gmt":"2016-05-11T11:00:48","guid":{"rendered":"http:\/\/www.lotky.fi\/kauppa\/?post_type=product&#038;p=113"},"modified":"2026-04-14T10:33:15","modified_gmt":"2026-04-14T07:33:15","slug":"neste-gear-mj-super-200l","status":"publish","type":"product","link":"https:\/\/www.lotky.fi\/kauppa\/tuote\/neste-gear-mj-super-200l\/","title":{"rendered":"Neste Premium Gear UTTO, 200L, Kampanja 16.4.2026 ASTI"},"content":{"rendered":"<p>Neste UTTO \u00f6ljyt ovat yhdistettyj\u00e4 traktoreiden vaihteisto- ja hydrauli\u00f6ljyj\u00e4, joilla on my\u00f6s \u00f6ljykylpyjarruihin vaaditut kitkaominaisuudet. Neste Premium Gear UTTO on eritt\u00e4in laajalla l\u00e4mp\u00f6tila-alueella toimiva osasynteettinen laatu, joka toimii yht\u00e4 hyvin sek\u00e4 kuumassa kes\u00e4k\u00e4yt\u00f6ss\u00e4, ett\u00e4 kovilla pakkasilla. Neste Gear MJ -sarja t\u00e4ytt\u00e4\u00e4 my\u00f6s Caterpillarin vaatimuksen hydrauli\u00f6ljyn sinkkipitoisuudelle min. 900ppm. <strong>Entinen nimi Neste Gear MJ Super.<\/strong><\/p>\n<p>Luokitukset: SAE 5W-30<\/p>\n<p>API GL-4<br \/>\nCaterpillar TO-2<br \/>\nCase MS 1206<br \/>\nCase MS 1207<br \/>\nCase MS 1209<br \/>\nFord M2C 86 A\/B\/C, 134 C\/D<br \/>\nJohn Deere J 20 A\/C<br \/>\nJohn Deere J 20 B\/D<br \/>\nMassey Ferguson MF 1110, MF 1127 A, 1135 , 1143<br \/>\nMF CMS M1145<br \/>\nNew Holland NH-410B<br \/>\nValtra<br \/>\nVolvo 97303 (VCE WB 101)<\/p>\n","protected":false},"excerpt":{"rendered":"<p>Neste UTTO \u00f6ljyt ovat yhdistettyj\u00e4 traktoreiden vaihteisto- ja hydrauli\u00f6ljyj\u00e4, joilla on my\u00f6s \u00f6ljykylpyjarruihin vaaditut kitkaominaisuudet. Neste Premium Gear UTTO on eritt\u00e4in laajalla l\u00e4mp\u00f6tila-alueella toimiva osasynteettinen laatu, joka toimii yht\u00e4 hyvin sek\u00e4 kuumassa kes\u00e4k\u00e4yt\u00f6ss\u00e4, ett\u00e4 kovilla pakkasilla. Entinen nimi Neste Gear MJ Super.<\/p>\n","protected":false},"featured_media":1598,"template":"","meta":[],"product_brand":[],"product_cat":[23],"product_tag":[],"class_list":{"0":"post-113","1":"product","2":"type-product","3":"status-publish","4":"has-post-thumbnail","6":"product_cat-maatalousoljyt","8":"first","9":"instock","10":"sale","11":"taxable","12":"shipping-taxable","13":"purchasable","14":"product-type-simple"},"_links":{"self":[{"href":"https:\/\/www.lotky.fi\/kauppa\/wp-json\/wp\/v2\/product\/113","targetHints":{"allow":["GET"]}}],"collection":[{"href":"https:\/\/www.lotky.fi\/kauppa\/wp-json\/wp\/v2\/product"}],"about":[{"href":"https:\/\/www.lotky.fi\/kauppa\/wp-json\/wp\/v2\/types\/product"}],"wp:featuredmedia":[{"embeddable":true,"href":"https:\/\/www.lotky.fi\/kauppa\/wp-json\/wp\/v2\/media\/1598"}],"wp:attachment":[{"href":"https:\/\/www.lotky.fi\/kauppa\/wp-json\/wp\/v2\/media?parent=113"}],"wp:term":[{"taxonomy":"product_brand","embeddable":true,"href":"https:\/\/www.lotky.fi\/kauppa\/wp-json\/wp\/v2\/product_brand?post=113"},{"taxonomy":"product_cat","embeddable":true,"href":"https:\/\/www.lotky.fi\/kauppa\/wp-json\/wp\/v2\/product_cat?post=113"},{"taxonomy":"product_tag","embeddable":true,"href":"https:\/\/www.lotky.fi\/kauppa\/wp-json\/wp\/v2\/product_tag?post=113"}],"curies":[{"name":"wp","href":"https:\/\/api.w.org\/{rel}","templated":true}]}}