{"id":1125,"date":"2018-08-15T13:46:19","date_gmt":"2018-08-15T10:46:19","guid":{"rendered":"https:\/\/www.lotky.fi\/kauppa\/?post_type=product&#038;p=1125"},"modified":"2026-03-21T19:51:53","modified_gmt":"2026-03-21T17:51:53","slug":"shell-rimula-r4-x-15w-40-1000l","status":"publish","type":"product","link":"https:\/\/www.lotky.fi\/kauppa\/tuote\/shell-rimula-r4-x-15w-40-1000l\/","title":{"rendered":"Shell Rimula R4 X 15W-40, 1000L"},"content":{"rendered":"<p>Shell Rimula R4 X 15W-40 sis\u00e4lt\u00e4\u00e4 valikoituja lis\u00e4aineita, jotka on suunniteltu parantamaan moottorin ja \u00f6ljyn kestoik\u00e4\u00e4 ja tarjoamaan suojaa kolmella kriittiselll\u00e4 osa-alueella: happojen ja korroosion kontrollointi, v\u00e4h\u00e4inen moottorin kuluminen ja kerrostumien kontrollointi. Se auttaa s\u00e4\u00e4st\u00e4m\u00e4\u00e4n huoltokustannuksissa ja parantamaan ajoneuvojen luotettavuutta. Useiden moottorivalmistajien hyv\u00e4ksym\u00e4 \u00f6ljy sopii useimpiin raskaan kaluston dieselmoottoreihin, turboahdettuihin ja ahtaamattomiin, maantie- ja ty\u00f6konek\u00e4yt\u00f6ss\u00e4.<\/p>\n<p>Spesifikaatiot, hyv\u00e4ksynn\u00e4t &amp; suositukset: SAE 15W-40<\/p>\n<ul>\n<li>API: CI-4, CH-4, CG-4, CF-4, CF, SL<\/li>\n<li>ACEA: E7, E5, E3<\/li>\n<li>Global DHD-1<\/li>\n<li>Caterpillar: ECF-2, ECF -1-A<\/li>\n<li>Cummins: CES 20078, 77, 76, 75, 72, 71<\/li>\n<li>DDC: 93K215<\/li>\n<li>Deutz: DQC III-10<\/li>\n<li>Mack: EO-M+, EO-M<\/li>\n<li>MAN: M3275-1<\/li>\n<li>MB hyv\u00e4ksynt\u00e4: 228.3<\/li>\n<li>MTU: Category 2<\/li>\n<li>Renault Trucks RTD-2<\/li>\n<li>Volvo: VDS-3<\/li>\n<li>JASO: DH-1<\/li>\n<\/ul>\n<p>&nbsp;<\/p>\n","protected":false},"excerpt":{"rendered":"<p>Shell Rimula R4 X 15W-40 sis\u00e4lt\u00e4\u00e4 valikoituja lis\u00e4aineita, jotka on suunniteltu parantamaan moottorin ja \u00f6ljyn kestoik\u00e4\u00e4 ja tarjoamaan suojaa kolmella kriittiselll\u00e4 osa-alueella: happojen ja korroosion kontrollointi, v\u00e4h\u00e4inen moottorin kuluminen ja kerrostumien kontrollointi. Se auttaa s\u00e4\u00e4st\u00e4m\u00e4\u00e4n huoltokustannuksissa ja parantamaan ajoneuvojen luotettavuutta. Useiden moottorivalmistajien hyv\u00e4ksym\u00e4 \u00f6ljy sopii useimpiin raskaan kaluston dieselmoottoreihin, turboahdettuihin ja ahtaamattomiin, maantie- ja ty\u00f6konek\u00e4yt\u00f6ss\u00e4.<\/p>\n","protected":false},"featured_media":432,"template":"","meta":[],"product_brand":[],"product_cat":[18],"product_tag":[],"class_list":{"0":"post-1125","1":"product","2":"type-product","3":"status-publish","4":"has-post-thumbnail","6":"product_cat-moottorioljyt-raskas-kalusto","8":"first","9":"instock","10":"taxable","11":"shipping-taxable","12":"purchasable","13":"product-type-simple"},"_links":{"self":[{"href":"https:\/\/www.lotky.fi\/kauppa\/wp-json\/wp\/v2\/product\/1125","targetHints":{"allow":["GET"]}}],"collection":[{"href":"https:\/\/www.lotky.fi\/kauppa\/wp-json\/wp\/v2\/product"}],"about":[{"href":"https:\/\/www.lotky.fi\/kauppa\/wp-json\/wp\/v2\/types\/product"}],"wp:featuredmedia":[{"embeddable":true,"href":"https:\/\/www.lotky.fi\/kauppa\/wp-json\/wp\/v2\/media\/432"}],"wp:attachment":[{"href":"https:\/\/www.lotky.fi\/kauppa\/wp-json\/wp\/v2\/media?parent=1125"}],"wp:term":[{"taxonomy":"product_brand","embeddable":true,"href":"https:\/\/www.lotky.fi\/kauppa\/wp-json\/wp\/v2\/product_brand?post=1125"},{"taxonomy":"product_cat","embeddable":true,"href":"https:\/\/www.lotky.fi\/kauppa\/wp-json\/wp\/v2\/product_cat?post=1125"},{"taxonomy":"product_tag","embeddable":true,"href":"https:\/\/www.lotky.fi\/kauppa\/wp-json\/wp\/v2\/product_tag?post=1125"}],"curies":[{"name":"wp","href":"https:\/\/api.w.org\/{rel}","templated":true}]}}