{"id":1121,"date":"2018-08-06T15:25:22","date_gmt":"2018-08-06T12:25:22","guid":{"rendered":"https:\/\/www.lotky.fi\/kauppa\/?post_type=product&#038;p=1121"},"modified":"2026-04-02T14:32:35","modified_gmt":"2026-04-02T11:32:35","slug":"valvoline-ultramax-extreme-hvlp-22-208-l","status":"publish","type":"product","link":"https:\/\/www.lotky.fi\/kauppa\/tuote\/valvoline-ultramax-extreme-hvlp-22-208-l\/","title":{"rendered":"Valvoline Ultramax Extreme HVLP 22, 208 L"},"content":{"rendered":"<p>Valvoline Ultramax Extreme HVLP 22 on korkealaatuinen hydrauliikka\u00f6ljy, joka on kehitetty teollisuus- ja maansiirtolaitteisiin erityisesti ankariin tai kylmiin olosuhteisiin kun k\u00e4ytt\u00f6 ei ole jatkuvaa ja k\u00e4ynnistysl\u00e4mp\u00f6tila on eritt\u00e4in alhainen. Eritt\u00e4in korkea viskositeetti-ondeksi takaa luotettavan voitelun jaalajja ja vaativalla l\u00e4mp\u00f6tila-alueella. Lis\u00e4aineistus ehk\u00e4isee korroosiota, vaahtoamista, lietteen muodostusta sek\u00e4 tarjoaa paremman paineenkeston.<\/p>\n<p>Luokitukset:<\/p>\n<p>ISO VG 22<br \/>\nISO 11158 HV<br \/>\nDIN 51524 part 3 HVLP<\/p>\n","protected":false},"excerpt":{"rendered":"<p>Valvoline Ultramax Extreme HVLP 22 on korkealaatuinen hydrauliikka\u00f6ljy, joka on kehitetty teollisuus- ja maansiirtolaitteisiin erityisesti ankariin tai kylmiin olosuhteisiin kun k\u00e4ytt\u00f6 ei ole jatkuvaa ja k\u00e4ynnistysl\u00e4mp\u00f6tila on eritt\u00e4in alhainen. Eritt\u00e4in korkea viskositeetti-ondeksi takaa luotettavan voitelun jaalajja ja vaativalla l\u00e4mp\u00f6tila-alueella. Lis\u00e4aineistus ehk\u00e4isee korroosiota, vaahtoamista, lietteen muodostusta sek\u00e4 tarjoaa paremman paineenkeston.<\/p>\n","protected":false},"featured_media":472,"template":"","meta":[],"product_brand":[],"product_cat":[6],"product_tag":[],"class_list":{"0":"post-1121","1":"product","2":"type-product","3":"status-publish","4":"has-post-thumbnail","6":"product_cat-hydrauliikkaoljyt","8":"first","9":"instock","10":"taxable","11":"shipping-taxable","12":"purchasable","13":"product-type-simple"},"_links":{"self":[{"href":"https:\/\/www.lotky.fi\/kauppa\/wp-json\/wp\/v2\/product\/1121","targetHints":{"allow":["GET"]}}],"collection":[{"href":"https:\/\/www.lotky.fi\/kauppa\/wp-json\/wp\/v2\/product"}],"about":[{"href":"https:\/\/www.lotky.fi\/kauppa\/wp-json\/wp\/v2\/types\/product"}],"wp:featuredmedia":[{"embeddable":true,"href":"https:\/\/www.lotky.fi\/kauppa\/wp-json\/wp\/v2\/media\/472"}],"wp:attachment":[{"href":"https:\/\/www.lotky.fi\/kauppa\/wp-json\/wp\/v2\/media?parent=1121"}],"wp:term":[{"taxonomy":"product_brand","embeddable":true,"href":"https:\/\/www.lotky.fi\/kauppa\/wp-json\/wp\/v2\/product_brand?post=1121"},{"taxonomy":"product_cat","embeddable":true,"href":"https:\/\/www.lotky.fi\/kauppa\/wp-json\/wp\/v2\/product_cat?post=1121"},{"taxonomy":"product_tag","embeddable":true,"href":"https:\/\/www.lotky.fi\/kauppa\/wp-json\/wp\/v2\/product_tag?post=1121"}],"curies":[{"name":"wp","href":"https:\/\/api.w.org\/{rel}","templated":true}]}}