{"id":1073,"date":"2018-05-24T12:39:54","date_gmt":"2018-05-24T09:39:54","guid":{"rendered":"http:\/\/www.lotky.fi\/kauppa\/?post_type=product&#038;p=1073"},"modified":"2026-04-02T14:31:10","modified_gmt":"2026-04-02T11:31:10","slug":"valvoline-all-climate-20w-50-208l","status":"publish","type":"product","link":"https:\/\/www.lotky.fi\/kauppa\/tuote\/valvoline-all-climate-20w-50-208l\/","title":{"rendered":"Valvoline Synpower MST FE C5 0W-20, 208L"},"content":{"rendered":"<p>Valvoline Synpower MST FE C5 0W-20\u00a0on suunniteltu t\u00e4ytt\u00e4m\u00e4\u00e4n Stellantisille (entinen PSA Group) PSA B71 2010 -voiteluainespesifikaatio. MST FE C5 on suunniteltu yll\u00e4pit\u00e4m\u00e4\u00e4n polttoainetehokkuutta kevyiss\u00e4 ajoneuvoissa, joissa on kehittyneet j\u00e4lkik\u00e4sittelyj\u00e4rjestelm\u00e4t, kuten DPF:t, GPF:t ja SCR:t, joissa suositellaan 0W-20. Sopii my\u00f6s muihin ajoneuvoihin, joissa vaaditaan 0W-20 ACEA C5 -moottori\u00f6ljy\u00e4.<\/p>\n<p>Luokitukset:<\/p>\n<p>SAE 0W-20 t\u00e4yssynteettinen<br \/>\nACEA C5<br \/>\nStellantis B71 2010<\/p>\n","protected":false},"excerpt":{"rendered":"<p>Valvoline Synpower MST FE C5 0W-20\u00a0on suunniteltu t\u00e4ytt\u00e4m\u00e4\u00e4n Stellantisille (entinen PSA Group) PSA B71 2010 -voiteluainespesifikaatio. MST FE C5 on suunniteltu yll\u00e4pit\u00e4m\u00e4\u00e4n polttoainetehokkuutta kevyiss\u00e4 ajoneuvoissa, joissa on kehittyneet j\u00e4lkik\u00e4sittelyj\u00e4rjestelm\u00e4t, kuten DPF:t, GPF:t ja SCR:t, joissa suositellaan 0W-20. Sopii my\u00f6s muihin ajoneuvoihin, joissa vaaditaan 0W-20 ACEA C5 -moottori\u00f6ljy\u00e4.<\/p>\n","protected":false},"featured_media":472,"template":"","meta":[],"product_brand":[],"product_cat":[17],"product_tag":[],"class_list":{"0":"post-1073","1":"product","2":"type-product","3":"status-publish","4":"has-post-thumbnail","6":"product_cat-moottorioljyt-kevyt-kalusto","8":"first","9":"instock","10":"taxable","11":"shipping-taxable","12":"purchasable","13":"product-type-simple"},"_links":{"self":[{"href":"https:\/\/www.lotky.fi\/kauppa\/wp-json\/wp\/v2\/product\/1073","targetHints":{"allow":["GET"]}}],"collection":[{"href":"https:\/\/www.lotky.fi\/kauppa\/wp-json\/wp\/v2\/product"}],"about":[{"href":"https:\/\/www.lotky.fi\/kauppa\/wp-json\/wp\/v2\/types\/product"}],"wp:featuredmedia":[{"embeddable":true,"href":"https:\/\/www.lotky.fi\/kauppa\/wp-json\/wp\/v2\/media\/472"}],"wp:attachment":[{"href":"https:\/\/www.lotky.fi\/kauppa\/wp-json\/wp\/v2\/media?parent=1073"}],"wp:term":[{"taxonomy":"product_brand","embeddable":true,"href":"https:\/\/www.lotky.fi\/kauppa\/wp-json\/wp\/v2\/product_brand?post=1073"},{"taxonomy":"product_cat","embeddable":true,"href":"https:\/\/www.lotky.fi\/kauppa\/wp-json\/wp\/v2\/product_cat?post=1073"},{"taxonomy":"product_tag","embeddable":true,"href":"https:\/\/www.lotky.fi\/kauppa\/wp-json\/wp\/v2\/product_tag?post=1073"}],"curies":[{"name":"wp","href":"https:\/\/api.w.org\/{rel}","templated":true}]}}