{"id":1068,"date":"2018-05-24T11:12:04","date_gmt":"2018-05-24T08:12:04","guid":{"rendered":"http:\/\/www.lotky.fi\/kauppa\/?post_type=product&#038;p=1068"},"modified":"2025-10-27T16:07:45","modified_gmt":"2025-10-27T14:07:45","slug":"carlake-54c-lasinpesuneste-etanoli-200-l","status":"publish","type":"product","link":"https:\/\/www.lotky.fi\/kauppa\/tuote\/carlake-54c-lasinpesuneste-etanoli-200-l\/","title":{"rendered":"Lasinpesuneste -54\u00b0C etanoli, 200 L"},"content":{"rendered":"<p>Etanolipohjainen lasinpesuneste -54\u00b0C. Irroittaa tehokkaasti bitumin, maantiesuolan, noen ja konepesusta tulevan vahakalvon. Suojaa pesuj\u00e4rjestem\u00e4n osat j\u00e4\u00e4tymiselt\u00e4. Sekoitussuhteet veden kanssa: 1:1 = -22\u00b0C ja 1:2 = -15\u00b0C.<\/p>\n<p>&nbsp;<\/p>\n","protected":false},"excerpt":{"rendered":"<p>Etanolipohjainen lasinpesuneste -54\u00b0C. Irroittaa tehokkaasti bitumin, maantiesuolan, noen ja konepesusta tulevan vahakalvon. Suojaa pesuj\u00e4rjestem\u00e4n osat j\u00e4\u00e4tymiselt\u00e4. Sekoitussuhteet veden kanssa: 1:1 = -22\u00b0C ja 1:2 = -15\u00b0C.<\/p>\n","protected":false},"featured_media":476,"template":"","meta":[],"product_brand":[],"product_cat":[34],"product_tag":[],"class_list":{"0":"post-1068","1":"product","2":"type-product","3":"status-publish","4":"has-post-thumbnail","6":"product_cat-nesteet-ja-kemikaalit","8":"first","9":"instock","10":"taxable","11":"shipping-taxable","12":"purchasable","13":"product-type-simple"},"_links":{"self":[{"href":"https:\/\/www.lotky.fi\/kauppa\/wp-json\/wp\/v2\/product\/1068","targetHints":{"allow":["GET"]}}],"collection":[{"href":"https:\/\/www.lotky.fi\/kauppa\/wp-json\/wp\/v2\/product"}],"about":[{"href":"https:\/\/www.lotky.fi\/kauppa\/wp-json\/wp\/v2\/types\/product"}],"wp:featuredmedia":[{"embeddable":true,"href":"https:\/\/www.lotky.fi\/kauppa\/wp-json\/wp\/v2\/media\/476"}],"wp:attachment":[{"href":"https:\/\/www.lotky.fi\/kauppa\/wp-json\/wp\/v2\/media?parent=1068"}],"wp:term":[{"taxonomy":"product_brand","embeddable":true,"href":"https:\/\/www.lotky.fi\/kauppa\/wp-json\/wp\/v2\/product_brand?post=1068"},{"taxonomy":"product_cat","embeddable":true,"href":"https:\/\/www.lotky.fi\/kauppa\/wp-json\/wp\/v2\/product_cat?post=1068"},{"taxonomy":"product_tag","embeddable":true,"href":"https:\/\/www.lotky.fi\/kauppa\/wp-json\/wp\/v2\/product_tag?post=1068"}],"curies":[{"name":"wp","href":"https:\/\/api.w.org\/{rel}","templated":true}]}}