{"id":1067,"date":"2018-05-23T10:00:38","date_gmt":"2018-05-23T07:00:38","guid":{"rendered":"http:\/\/www.lotky.fi\/kauppa\/?post_type=product&#038;p=1067"},"modified":"2026-03-09T12:34:40","modified_gmt":"2026-03-09T10:34:40","slug":"kesalasinpesuneste-54-x-5-l-teholava","status":"publish","type":"product","link":"https:\/\/www.lotky.fi\/kauppa\/tuote\/kesalasinpesuneste-54-x-5-l-teholava\/","title":{"rendered":"Kes\u00e4lasinpesuneste 54 x 5 L teholava"},"content":{"rendered":"<p>K\u00e4ytt\u00f6valmis lasinpesuneste on tehokas pesuaine, joka poistaa tuulilasista hy\u00f6nteisj\u00e4\u00e4nteet ja pit\u00e4\u00e4 lasin puhtaana ja kirkkaana. Ei j\u00e4t\u00e4 h\u00e4iritsev\u00e4\u00e4 kalvoa.<\/p>\n<p>K\u00e4ytet\u00e4\u00e4n laimentamattomana.<\/p>\n","protected":false},"excerpt":{"rendered":"<p>K\u00e4ytt\u00f6valmis lasinpesuneste on tehokas pesuaine, joka poistaa tuulilasista hy\u00f6nteisj\u00e4\u00e4nteet ja pit\u00e4\u00e4 lasin puhtaana ja kirkkaana. Ei j\u00e4t\u00e4 h\u00e4iritsev\u00e4\u00e4 kalvoa. K\u00e4ytet\u00e4\u00e4n laimentamattomana.<\/p>\n","protected":false},"featured_media":484,"template":"","meta":[],"product_brand":[],"product_cat":[34],"product_tag":[],"class_list":{"0":"post-1067","1":"product","2":"type-product","3":"status-publish","4":"has-post-thumbnail","6":"product_cat-nesteet-ja-kemikaalit","8":"first","9":"instock","10":"taxable","11":"shipping-taxable","12":"purchasable","13":"product-type-simple"},"_links":{"self":[{"href":"https:\/\/www.lotky.fi\/kauppa\/wp-json\/wp\/v2\/product\/1067","targetHints":{"allow":["GET"]}}],"collection":[{"href":"https:\/\/www.lotky.fi\/kauppa\/wp-json\/wp\/v2\/product"}],"about":[{"href":"https:\/\/www.lotky.fi\/kauppa\/wp-json\/wp\/v2\/types\/product"}],"wp:featuredmedia":[{"embeddable":true,"href":"https:\/\/www.lotky.fi\/kauppa\/wp-json\/wp\/v2\/media\/484"}],"wp:attachment":[{"href":"https:\/\/www.lotky.fi\/kauppa\/wp-json\/wp\/v2\/media?parent=1067"}],"wp:term":[{"taxonomy":"product_brand","embeddable":true,"href":"https:\/\/www.lotky.fi\/kauppa\/wp-json\/wp\/v2\/product_brand?post=1067"},{"taxonomy":"product_cat","embeddable":true,"href":"https:\/\/www.lotky.fi\/kauppa\/wp-json\/wp\/v2\/product_cat?post=1067"},{"taxonomy":"product_tag","embeddable":true,"href":"https:\/\/www.lotky.fi\/kauppa\/wp-json\/wp\/v2\/product_tag?post=1067"}],"curies":[{"name":"wp","href":"https:\/\/api.w.org\/{rel}","templated":true}]}}