{"id":1056,"date":"2018-05-07T13:55:49","date_gmt":"2018-05-07T10:55:49","guid":{"rendered":"http:\/\/www.lotky.fi\/kauppa\/?post_type=product&#038;p=1056"},"modified":"2025-03-24T10:48:26","modified_gmt":"2025-03-24T08:48:26","slug":"castrol-agri-power-ultra-10w-40-208-l","status":"publish","type":"product","link":"https:\/\/www.lotky.fi\/kauppa\/tuote\/castrol-agri-power-ultra-10w-40-208-l\/","title":{"rendered":"Castrol CRB Turbomax 10W-40 E4\/E7, 208 L"},"content":{"rendered":"<div>DuraShield Boosters\u2122 -tehosteaineilla varustettu <b>Castrol CRB Turbomax 10W-40 E4\/E7<\/b> on edistyksellinen dieselmoottori\u00f6ljy raskaille ajoneuvoille. Se on tarkoitettu k\u00e4ytett\u00e4v\u00e4ksi dieselmoottoreissa, jotka t\u00e4ytt\u00e4v\u00e4t p\u00e4\u00e4st\u00f6vaatimukset Euro I:st\u00e4 Euro V:een. Se soveltuu k\u00e4ytett\u00e4v\u00e4ksi moottoreissa, joissa ei ole hiukkassuodattimia, joissakin EGR-moottoreissa ja joissakin moottoreissa, joissa on selektiivinen katalyyttinen NOx-pelkistysj\u00e4rjestelm\u00e4. <strong>Tehdastilaustuote, toimitusaika n. 2 viikkoa. Tehdastilaustuotteilla ei palautusoikeutta. Entinen nimi Castrol Agri Power Ultra 10w-40.<br \/>\n<\/strong><\/div>\n<p>Luokitukset ja soveltuvuudet:<\/p>\n<div>\n<p>SAE 10W-40<br \/>\nACEA E4, E7<br \/>\nAPI CI-4<br \/>\nMB-hyv\u00e4ksynt\u00e4 228.5<br \/>\nMAN M 3277<br \/>\nVolvo VDS-3<br \/>\nRVI RLD-2<br \/>\nCummins CES 20077, 20078<br \/>\nMTU-\u00f6ljyluokka 3<br \/>\nJASO DH-1<br \/>\nDeutz DQC III-10<br \/>\nMack EO-N<br \/>\nDDC Power Guard 93K215<\/p>\n<\/div>\n<p>&nbsp;<\/p>\n","protected":false},"excerpt":{"rendered":"<p>DuraShield Boosters\u2122 -tehosteaineilla varustettu Castrol CRB Turbomax 10W-40 E4\/E7 on edistyksellinen dieselmoottori\u00f6ljy raskaille ajoneuvoille. Se on tarkoitettu k\u00e4ytett\u00e4v\u00e4ksi dieselmoottoreissa, jotka t\u00e4ytt\u00e4v\u00e4t p\u00e4\u00e4st\u00f6vaatimukset Euro I:st\u00e4 Euro V:een. Se soveltuu k\u00e4ytett\u00e4v\u00e4ksi moottoreissa, joissa ei ole hiukkassuodattimia, joissakin EGR-moottoreissa ja joissakin moottoreissa, joissa on selektiivinen katalyyttinen NOx-pelkistysj\u00e4rjestelm\u00e4. Tehdastilaustuote, toimitusaika 1-2 viikkoa. Tehdastilaustuotteilla ei palautusoikeutta. Entinen nimi Castrol Agri [&hellip;]<\/p>\n","protected":false},"featured_media":699,"template":"","meta":[],"product_brand":[],"product_cat":[18],"product_tag":[],"class_list":{"0":"post-1056","1":"product","2":"type-product","3":"status-publish","4":"has-post-thumbnail","6":"product_cat-moottorioljyt-raskas-kalusto","8":"first","9":"instock","10":"taxable","11":"shipping-taxable","12":"purchasable","13":"product-type-simple"},"_links":{"self":[{"href":"https:\/\/www.lotky.fi\/kauppa\/wp-json\/wp\/v2\/product\/1056","targetHints":{"allow":["GET"]}}],"collection":[{"href":"https:\/\/www.lotky.fi\/kauppa\/wp-json\/wp\/v2\/product"}],"about":[{"href":"https:\/\/www.lotky.fi\/kauppa\/wp-json\/wp\/v2\/types\/product"}],"wp:featuredmedia":[{"embeddable":true,"href":"https:\/\/www.lotky.fi\/kauppa\/wp-json\/wp\/v2\/media\/699"}],"wp:attachment":[{"href":"https:\/\/www.lotky.fi\/kauppa\/wp-json\/wp\/v2\/media?parent=1056"}],"wp:term":[{"taxonomy":"product_brand","embeddable":true,"href":"https:\/\/www.lotky.fi\/kauppa\/wp-json\/wp\/v2\/product_brand?post=1056"},{"taxonomy":"product_cat","embeddable":true,"href":"https:\/\/www.lotky.fi\/kauppa\/wp-json\/wp\/v2\/product_cat?post=1056"},{"taxonomy":"product_tag","embeddable":true,"href":"https:\/\/www.lotky.fi\/kauppa\/wp-json\/wp\/v2\/product_tag?post=1056"}],"curies":[{"name":"wp","href":"https:\/\/api.w.org\/{rel}","templated":true}]}}