{"id":1055,"date":"2018-05-07T13:41:32","date_gmt":"2018-05-07T10:41:32","guid":{"rendered":"http:\/\/www.lotky.fi\/kauppa\/?post_type=product&#038;p=1055"},"modified":"2026-04-24T11:06:03","modified_gmt":"2026-04-24T08:06:03","slug":"castrol-agri-power-plus-15w-40-208-l","status":"publish","type":"product","link":"https:\/\/www.lotky.fi\/kauppa\/tuote\/castrol-agri-power-plus-15w-40-208-l\/","title":{"rendered":"Castrol CRB Multi 15W-40 CI-4\/E7, 208 L"},"content":{"rendered":"<div>Castrol CRB Multi 15W-40 CI-4\/E7 on 15W-40-moottori\u00f6ljy, joka on suunniteltu tarjoamaan erinomaista suojaa maatalouskoneiden moottoreille. Auttaa suojaamaan maatalousk\u00e4ytt\u00f6\u00f6n suunniteltuja moottoreita ja tarjoamaan pitk\u00e4n ja luotettavan k\u00e4ytt\u00f6i\u00e4n. Sis\u00e4lt\u00e4\u00e4 puhdistusaineita, jotka ehk\u00e4isev\u00e4t hiukkasten kasautumista moottorin pinnoille v\u00e4hent\u00e4en karstoittumista. Sis\u00e4lt\u00e4\u00e4 hapettumisenestoaineita, jotka est\u00e4v\u00e4t \u00f6ljyn paksuuntumista edist\u00e4vi\u00e4 kemiallisia reaktioita. <strong>Entinen tuotenimi Castrol Agri Power Plus 15w-40.<\/strong> <strong>Tehdastilaustuote, toimitusaika n. 2 viikkoa. Tehdastilaustuotteilla ei palautusoikeutta.<br \/>\n<\/strong><\/div>\n<div>\n<p>&nbsp;<\/p>\n<p>Luokitukset ja hyv\u00e4ksynn\u00e4t:<br \/>\nSAE 15W-40<br \/>\nACEA E7<br \/>\nAPI CI-4\/SL<br \/>\nMB-hyv\u00e4ksynt\u00e4 228.3<br \/>\nVolvo VDS 3<br \/>\nRVI RLD-2<br \/>\nMTU Oil Category 2<br \/>\nDeutz DQC III-10<br \/>\nMack EO-M Plus\/EO-N<br \/>\nCAT ECF-2<br \/>\nCummins CES 20077\/20078<br \/>\nDDC Power Guard 93K215<br \/>\nT\u00e4ytt\u00e4\u00e4: M3275-1-vaatimukset<\/p>\n<\/div>\n<p>&nbsp;<\/p>\n","protected":false},"excerpt":{"rendered":"<p>Castrol CRB Multi 15W-40 CI-4\/E7 on 15W-40-moottori\u00f6ljy, joka on suunniteltu tarjoamaan erinomaista suojaa maatalouskoneiden moottoreille. Auttaa suojaamaan maatalousk\u00e4ytt\u00f6\u00f6n suunniteltuja moottoreita ja tarjoamaan pitk\u00e4n ja luotettavan k\u00e4ytt\u00f6i\u00e4n. Sis\u00e4lt\u00e4\u00e4 puhdistusaineita, jotka ehk\u00e4isev\u00e4t hiukkasten kasautumista moottorin pinnoille v\u00e4hent\u00e4en karstoittumista. Sis\u00e4lt\u00e4\u00e4 hapettumisenestoaineita, jotka est\u00e4v\u00e4t \u00f6ljyn paksuuntumista edist\u00e4vi\u00e4 kemiallisia reaktioita. Entinen tuotenimi Castrol Agri Power Plus 15w-40. Tehdastilaustuote, toimitusaika n. [&hellip;]<\/p>\n","protected":false},"featured_media":699,"template":"","meta":[],"product_brand":[],"product_cat":[18,23],"product_tag":[],"class_list":{"0":"post-1055","1":"product","2":"type-product","3":"status-publish","4":"has-post-thumbnail","6":"product_cat-moottorioljyt-raskas-kalusto","7":"product_cat-maatalousoljyt","9":"first","10":"instock","11":"taxable","12":"shipping-taxable","13":"purchasable","14":"product-type-simple"},"_links":{"self":[{"href":"https:\/\/www.lotky.fi\/kauppa\/wp-json\/wp\/v2\/product\/1055","targetHints":{"allow":["GET"]}}],"collection":[{"href":"https:\/\/www.lotky.fi\/kauppa\/wp-json\/wp\/v2\/product"}],"about":[{"href":"https:\/\/www.lotky.fi\/kauppa\/wp-json\/wp\/v2\/types\/product"}],"wp:featuredmedia":[{"embeddable":true,"href":"https:\/\/www.lotky.fi\/kauppa\/wp-json\/wp\/v2\/media\/699"}],"wp:attachment":[{"href":"https:\/\/www.lotky.fi\/kauppa\/wp-json\/wp\/v2\/media?parent=1055"}],"wp:term":[{"taxonomy":"product_brand","embeddable":true,"href":"https:\/\/www.lotky.fi\/kauppa\/wp-json\/wp\/v2\/product_brand?post=1055"},{"taxonomy":"product_cat","embeddable":true,"href":"https:\/\/www.lotky.fi\/kauppa\/wp-json\/wp\/v2\/product_cat?post=1055"},{"taxonomy":"product_tag","embeddable":true,"href":"https:\/\/www.lotky.fi\/kauppa\/wp-json\/wp\/v2\/product_tag?post=1055"}],"curies":[{"name":"wp","href":"https:\/\/api.w.org\/{rel}","templated":true}]}}