{"id":1013,"date":"2018-04-11T14:50:50","date_gmt":"2018-04-11T11:50:50","guid":{"rendered":"http:\/\/www.lotky.fi\/kauppa\/?post_type=product&#038;p=1013"},"modified":"2025-01-09T10:01:55","modified_gmt":"2025-01-09T08:01:55","slug":"castrol-magnatec-5w-40-a3-b4-208-l","status":"publish","type":"product","link":"https:\/\/www.lotky.fi\/kauppa\/tuote\/castrol-magnatec-5w-40-a3-b4-208-l\/","title":{"rendered":"Castrol Magnatec 5W-40 A3\/B4, 208 L"},"content":{"rendered":"<div>\n<p>Castrol Magnatec 5W-40 A3\/B4 soveltuu autojen bensiini- ja dieselmoottoreihin, joihin valmistaja suosittelee ACEA A3\/B4, A3\/B3, API SN\/CF tai aikaisempien luokituksien 5W-40 \u00f6ljy\u00e4. Castrol Magnatecin 5W-40 A3\/B4:n aktiiviset molekyylit tarttuvat kuin magneetti ja v\u00e4hent\u00e4v\u00e4t dramaattisesti moottorin kulumista. V\u00e4lit\u00f6n suoja heti, kun k\u00e4ynnist\u00e4t moottorin. <strong><br \/>\n<\/strong><\/p>\n<\/div>\n<p>Luokitukset:<\/p>\n<p>SAE 5W-40<br \/>\nACEA A3\/B3, A3\/B4<br \/>\nAPI SN\/CF<br \/>\nBMW Longlife-01<br \/>\nMB-Approval 226.5\/ 229.3<br \/>\nRenault RN 0700 \/ RN 0710<br \/>\nVW 502 00 \/ 505 00<\/p>\n","protected":false},"excerpt":{"rendered":"<p>Castrol Magnatec 5W-40 A3\/B4 soveltuu autojen bensiini- ja dieselmoottoreihin, joihin valmistaja suosittelee ACEA A3\/B4, A3\/B3, API SN\/CF tai aikaisempien luokituksien 5W-40 \u00f6ljy\u00e4. Castrol Magnatecin 5W-40 A3\/B4:n aktiiviset molekyylit tarttuvat kuin magneetti ja v\u00e4hent\u00e4v\u00e4t dramaattisesti moottorin kulumista. V\u00e4lit\u00f6n suoja heti, kun k\u00e4ynnist\u00e4t moottorin. \u00a0<\/p>\n","protected":false},"featured_media":699,"template":"","meta":[],"product_brand":[],"product_cat":[17],"product_tag":[],"class_list":{"0":"post-1013","1":"product","2":"type-product","3":"status-publish","4":"has-post-thumbnail","6":"product_cat-moottorioljyt-kevyt-kalusto","8":"first","9":"instock","10":"taxable","11":"shipping-taxable","12":"purchasable","13":"product-type-simple"},"_links":{"self":[{"href":"https:\/\/www.lotky.fi\/kauppa\/wp-json\/wp\/v2\/product\/1013","targetHints":{"allow":["GET"]}}],"collection":[{"href":"https:\/\/www.lotky.fi\/kauppa\/wp-json\/wp\/v2\/product"}],"about":[{"href":"https:\/\/www.lotky.fi\/kauppa\/wp-json\/wp\/v2\/types\/product"}],"wp:featuredmedia":[{"embeddable":true,"href":"https:\/\/www.lotky.fi\/kauppa\/wp-json\/wp\/v2\/media\/699"}],"wp:attachment":[{"href":"https:\/\/www.lotky.fi\/kauppa\/wp-json\/wp\/v2\/media?parent=1013"}],"wp:term":[{"taxonomy":"product_brand","embeddable":true,"href":"https:\/\/www.lotky.fi\/kauppa\/wp-json\/wp\/v2\/product_brand?post=1013"},{"taxonomy":"product_cat","embeddable":true,"href":"https:\/\/www.lotky.fi\/kauppa\/wp-json\/wp\/v2\/product_cat?post=1013"},{"taxonomy":"product_tag","embeddable":true,"href":"https:\/\/www.lotky.fi\/kauppa\/wp-json\/wp\/v2\/product_tag?post=1013"}],"curies":[{"name":"wp","href":"https:\/\/api.w.org\/{rel}","templated":true}]}}