{"id":1077,"date":"2018-05-25T08:02:21","date_gmt":"2018-05-25T05:02:21","guid":{"rendered":"http:\/\/www.lotky.fi\/kauppa\/?page_id=1077"},"modified":"2026-01-26T17:29:29","modified_gmt":"2026-01-26T15:29:29","slug":"rekisteriseloste","status":"publish","type":"page","link":"https:\/\/www.lotky.fi\/kauppa\/rekisteriseloste\/","title":{"rendered":"Rekisteriseloste"},"content":{"rendered":"<p><span style=\"font-weight: 400\">Henkil\u00f6tietolain (523\/1999) 10\u00a7:n mukainen rekisteriseloste.<\/span><\/p>\n<p><b>Rekisterinpit\u00e4j\u00e4<\/b><\/p>\n<p><span style=\"font-weight: 400\">L\u00e4nsirannikon \u00d6ljytukku Oy, Y-tunnus 0555065-0<\/span><span style=\"font-weight: 400\"><br \/>\n<\/span><span style=\"font-weight: 400\">Hevosenkenk\u00e4 18 H4<\/span><span style=\"font-weight: 400\"><br \/>\n<\/span><span style=\"font-weight: 400\">28430 Pori<\/span><span style=\"font-weight: 400\"><br \/>\n<\/span><span style=\"font-weight: 400\">Suomi Finland<\/span><\/p>\n<p><b>Rekisteriasioista vastaava henkil\u00f6<\/b><\/p>\n<p><span style=\"font-weight: 400\">Tuomo Hassi<\/span><span style=\"font-weight: 400\"><br \/>\n<\/span><span style=\"font-weight: 400\">Puhelin: +358 44\u00a05351500<\/span><span style=\"font-weight: 400\"><br \/>\n<\/span><span style=\"font-weight: 400\">S\u00e4hk\u00f6posti: tuomo.hassi [a] lotky.fi<\/span><\/p>\n<p><b>Rekisterin nimi:<\/b><\/p>\n<p><span style=\"font-weight: 400\">L\u00e4nsirannikon \u00d6ljytukku Oy:n asiakasrekisteri.<\/span><\/p>\n<p><b>Rekisterin k\u00e4ytt\u00f6tarkoitus<\/b><\/p>\n<p><span style=\"font-weight: 400\">Rekisterin tarkoitus on asiakas- ja kauppasuhteen yll\u00e4pit\u00e4minen ja kehitt\u00e4minen sek\u00e4 k\u00e4ytt\u00f6 tilastollisiin tarkoituksiin. Henkil\u00f6tietoja k\u00e4ytet\u00e4\u00e4n henkil\u00f6tietolain sallimissa ja edellytt\u00e4miss\u00e4 rajoissa.<\/span><\/p>\n<p><b>Rekisterin sis\u00e4lt\u00e4m\u00e4t tiedot<\/b><\/p>\n<ul>\n<li style=\"font-weight: 400\"><span style=\"font-weight: 400\">Asiakkaan nimi<\/span><\/li>\n<li style=\"font-weight: 400\"><span style=\"font-weight: 400\">S\u00e4hk\u00f6postiosoite<\/span><\/li>\n<li style=\"font-weight: 400\"><span style=\"font-weight: 400\">L\u00e4hi- ja postiosoite<\/span><\/li>\n<li style=\"font-weight: 400\"><span style=\"font-weight: 400\">Puhelinnumero<\/span><\/li>\n<li style=\"font-weight: 400\"><span style=\"font-weight: 400\">Tilausten tiedot<\/span><\/li>\n<li style=\"font-weight: 400\"><span style=\"font-weight: 400\">Tilausten Kaukokiidon, Postin, Matkahuollon tai Postnordin seurantatiedot<\/span><\/li>\n<\/ul>\n<p><b>S\u00e4\u00e4nn\u00f6nmukaiset tietol\u00e4hteet<\/b><\/p>\n<p><span style=\"font-weight: 400\">Asiakasrekisterin yhteys- ja muut asiakkuustiedot saadaan asiakassuhteen syntyess\u00e4 ja sen aikana rekisterinpit\u00e4j\u00e4lle tekemist\u00e4 ilmoituksista.<\/span><\/p>\n<p><b>Tietojen luovutus<\/b><\/p>\n<p><span style=\"font-weight: 400\">Tietoja ei luovuteta L\u00e4nsirannikon \u00d6ljytukku Oy:n ulkopuolelle. Rekister\u00f6ityneen henkil\u00f6tiedot h\u00e4vitet\u00e4\u00e4n k\u00e4ytt\u00e4j\u00e4n pyynn\u00f6st\u00e4.<\/span><\/p>\n<p><b>Rekisterin suojaus<\/b><\/p>\n<p><span style=\"font-weight: 400\">Rekisteri\u00e4 ei luovuteta sivullisille. Suojattuun rekisteriin ole p\u00e4\u00e4sy\u00e4 muilla kuin L\u00e4nsirannikon \u00d6ljytukku Oy:n henkil\u00f6kunnalla.<\/span><\/p>\n<p><strong>Ev\u00e4steet<\/strong><\/p>\n<p><strong>T\u00e4m\u00e4 sivusto k\u00e4ytt\u00e4\u00e4 ev\u00e4steit\u00e4<\/strong><\/p>\n<p>Sivuston k\u00e4ytt\u00f6\u00e4 seurataan, jotta palvelua voidaan parantaa. Seurannassa k\u00e4ytet\u00e4\u00e4n ev\u00e4steit\u00e4 (cookies). Ev\u00e4steiden k\u00e4ytt\u00f6 ei tallenna mit\u00e4\u00e4n tietoa, jonka perusteella k\u00e4ytt\u00e4j\u00e4t voitaisiin yksil\u00f6id\u00e4 tai tunnistaa. Ev\u00e4ste ei vaikuta tietoturvaan, eik\u00e4 se voi levitt\u00e4\u00e4 viruksia tai haittaohjelmia. Vierailemalla sivustolla hyv\u00e4ksyt ev\u00e4steiden k\u00e4yt\u00f6n.<\/p>\n<p>Ev\u00e4steist\u00e4 s\u00e4\u00e4det\u00e4\u00e4n s\u00e4hk\u00f6isen viestinn\u00e4n tietosuojalaissa. Voit v\u00e4ltt\u00e4\u00e4 ev\u00e4steet muokkaamalla selainohjelmasi asetuksia ja kielt\u00e4m\u00e4ll\u00e4 niiden k\u00e4yt\u00f6n.<\/p>\n","protected":false},"excerpt":{"rendered":"<p>Henkil\u00f6tietolain (523\/1999) 10\u00a7:n mukainen rekisteriseloste. Rekisterinpit\u00e4j\u00e4 L\u00e4nsirannikon \u00d6ljytukku Oy, Y-tunnus 0555065-0 Hevosenkenk\u00e4 18 H4 28430 Pori Suomi Finland Rekisteriasioista vastaava henkil\u00f6 Tuomo Hassi Puhelin: +358 44\u00a05351500 S\u00e4hk\u00f6posti: tuomo.hassi [a] lotky.fi Rekisterin nimi: L\u00e4nsirannikon \u00d6ljytukku Oy:n asiakasrekisteri. Rekisterin k\u00e4ytt\u00f6tarkoitus Rekisterin tarkoitus on asiakas- ja kauppasuhteen yll\u00e4pit\u00e4minen ja kehitt\u00e4minen sek\u00e4 k\u00e4ytt\u00f6 tilastollisiin tarkoituksiin. Henkil\u00f6tietoja k\u00e4ytet\u00e4\u00e4n henkil\u00f6tietolain sallimissa [&hellip;]<\/p>\n","protected":false},"author":1,"featured_media":0,"parent":0,"menu_order":0,"comment_status":"closed","ping_status":"closed","template":"","meta":{"footnotes":""},"class_list":["post-1077","page","type-page","status-publish","hentry"],"_links":{"self":[{"href":"https:\/\/www.lotky.fi\/kauppa\/wp-json\/wp\/v2\/pages\/1077","targetHints":{"allow":["GET"]}}],"collection":[{"href":"https:\/\/www.lotky.fi\/kauppa\/wp-json\/wp\/v2\/pages"}],"about":[{"href":"https:\/\/www.lotky.fi\/kauppa\/wp-json\/wp\/v2\/types\/page"}],"author":[{"embeddable":true,"href":"https:\/\/www.lotky.fi\/kauppa\/wp-json\/wp\/v2\/users\/1"}],"replies":[{"embeddable":true,"href":"https:\/\/www.lotky.fi\/kauppa\/wp-json\/wp\/v2\/comments?post=1077"}],"version-history":[{"count":3,"href":"https:\/\/www.lotky.fi\/kauppa\/wp-json\/wp\/v2\/pages\/1077\/revisions"}],"predecessor-version":[{"id":4287,"href":"https:\/\/www.lotky.fi\/kauppa\/wp-json\/wp\/v2\/pages\/1077\/revisions\/4287"}],"wp:attachment":[{"href":"https:\/\/www.lotky.fi\/kauppa\/wp-json\/wp\/v2\/media?parent=1077"}],"curies":[{"name":"wp","href":"https:\/\/api.w.org\/{rel}","templated":true}]}}